{"id":904,"date":"2022-08-08T17:05:19","date_gmt":"2022-08-08T15:05:19","guid":{"rendered":"http:\/\/s169997260.onlinehome.fr\/?page_id=904"},"modified":"2022-09-02T08:44:13","modified_gmt":"2022-09-02T06:44:13","slug":"pc-industriels","status":"publish","type":"page","link":"https:\/\/www.optimalog.com\/en\/produits\/pc-industriels","title":{"rendered":"Industrial PCs"},"content":{"rendered":"<div id=\"pl-904\"  class=\"panel-layout\" ><div id=\"pg-904-0\"  class=\"panel-grid panel-no-style\" ><div id=\"pgc-904-0-0\"  class=\"panel-grid-cell\" ><div id=\"panel-904-0-0-0\" class=\"so-panel widget_text panel-first-child\" data-index=\"0\" >\t\t\t<div class=\"textwidget\"><p>Consult us for your various needs in industrial PCs, racks, shoe boxes, panel PCs, etc.<\/p>\n<p>We will find the ideal solution for you and supply it to you, either individually or in larger quantities.<\/p>\n<\/div>\n\t\t<\/div><div id=\"panel-904-0-0-1\" class=\"so-panel widget_sow-image-grid panel-last-child\" data-index=\"1\" ><div\n\t\t\t\n\t\t\tclass=\"so-widget-sow-image-grid so-widget-sow-image-grid-default-8bf08a9600e8-904\"\n\t\t\t\n\t\t>\t<div\n\t\tclass=\"sow-image-grid-wrapper\"\n\t\t\t\tdata-max-height=\"170\"\t>\n\t\t\t\t\t<div class=\"sow-image-grid-image\">\n\t\t\t\t\t\t\t\t\t\t\t\t<img loading=\"lazy\" decoding=\"async\" width=\"220\" height=\"220\" src=\"https:\/\/www.optimalog.com\/wp-content\/uploads\/images\/pcindus7.jpg\" class=\"sow-image-grid-image_html\" alt=\"\" title=\"\" srcset=\"https:\/\/www.optimalog.com\/wp-content\/uploads\/images\/pcindus7.jpg 220w, https:\/\/www.optimalog.com\/wp-content\/uploads\/images\/pcindus7-150x150.jpg 150w\" sizes=\"auto, (max-width: 220px) 100vw, 220px\" \/>\t\t\t\t\t\t\t\t\t\t\t<\/div>\n\t\t\t\t\t<div class=\"sow-image-grid-image\">\n\t\t\t\t\t\t\t\t\t\t\t\t<img loading=\"lazy\" decoding=\"async\" width=\"450\" height=\"308\" src=\"https:\/\/www.optimalog.com\/wp-content\/uploads\/images\/PC_indus_Adv1.png\" class=\"sow-image-grid-image_html\" alt=\"\" title=\"\" srcset=\"https:\/\/www.optimalog.com\/wp-content\/uploads\/images\/PC_indus_Adv1.png 450w, https:\/\/www.optimalog.com\/wp-content\/uploads\/images\/PC_indus_Adv1-300x205.png 300w, https:\/\/www.optimalog.com\/wp-content\/uploads\/images\/PC_indus_Adv1-18x12.png 18w\" sizes=\"auto, (max-width: 450px) 100vw, 450px\" \/>\t\t\t\t\t\t\t\t\t\t\t<\/div>\n\t\t\t\t\t<div class=\"sow-image-grid-image\">\n\t\t\t\t\t\t\t\t\t\t\t\t<img loading=\"lazy\" decoding=\"async\" width=\"224\" height=\"178\" src=\"https:\/\/www.optimalog.com\/wp-content\/uploads\/images\/logo_pcindus2.png\" class=\"sow-image-grid-image_html\" alt=\"\" title=\"\" \/>\t\t\t\t\t\t\t\t\t\t\t<\/div>\n\t\t\t\t\t<div class=\"sow-image-grid-image\">\n\t\t\t\t\t\t\t\t\t\t\t\t<img loading=\"lazy\" decoding=\"async\" width=\"224\" height=\"168\" src=\"https:\/\/www.optimalog.com\/wp-content\/uploads\/images\/logo_pcindus.gif\" class=\"sow-image-grid-image_html\" alt=\"\" title=\"\" \/>\t\t\t\t\t\t\t\t\t\t\t<\/div>\n\t\t\t\t\t<div class=\"sow-image-grid-image\">\n\t\t\t\t\t\t\t\t\t\t\t\t<img loading=\"lazy\" decoding=\"async\" width=\"398\" height=\"300\" src=\"https:\/\/www.optimalog.com\/wp-content\/uploads\/images\/PC_Indus_Adv2.png\" class=\"sow-image-grid-image_html\" alt=\"\" title=\"\" srcset=\"https:\/\/www.optimalog.com\/wp-content\/uploads\/images\/PC_Indus_Adv2.png 398w, https:\/\/www.optimalog.com\/wp-content\/uploads\/images\/PC_Indus_Adv2-300x226.png 300w, https:\/\/www.optimalog.com\/wp-content\/uploads\/images\/PC_Indus_Adv2-16x12.png 16w\" sizes=\"auto, (max-width: 398px) 100vw, 398px\" \/>\t\t\t\t\t\t\t\t\t\t\t<\/div>\n\t\t\t\t\t<div class=\"sow-image-grid-image\">\n\t\t\t\t\t\t\t\t\t\t\t\t<img loading=\"lazy\" decoding=\"async\" width=\"300\" height=\"300\" src=\"https:\/\/www.optimalog.com\/wp-content\/uploads\/images\/PC_Indus_Adv3.png\" class=\"sow-image-grid-image_html\" alt=\"\" title=\"\" srcset=\"https:\/\/www.optimalog.com\/wp-content\/uploads\/images\/PC_Indus_Adv3.png 300w, https:\/\/www.optimalog.com\/wp-content\/uploads\/images\/PC_Indus_Adv3-150x150.png 150w, https:\/\/www.optimalog.com\/wp-content\/uploads\/images\/PC_Indus_Adv3-12x12.png 12w\" sizes=\"auto, (max-width: 300px) 100vw, 300px\" \/>\t\t\t\t\t\t\t\t\t\t\t<\/div>\n\t\t\t<\/div>\n<\/div><\/div><\/div><\/div><\/div>","protected":false},"excerpt":{"rendered":"<p>Consultez-nous pour vos divers besoins en PC industriels, en rack, shoe box, panel-PC, etc. Nous \u00e9tudions pour vous la solution id\u00e9ale et vous la fournissons, \u00e0 l&#8217;unit\u00e9 ou en quantit\u00e9 plus importante.<\/p>","protected":false},"author":1,"featured_media":0,"parent":144,"menu_order":1,"comment_status":"closed","ping_status":"closed","template":"","meta":{"site-sidebar-layout":"default","site-content-layout":"default","ast-site-content-layout":"","site-content-style":"default","site-sidebar-style":"default","ast-global-header-display":"","ast-banner-title-visibility":"","ast-main-header-display":"","ast-hfb-above-header-display":"","ast-hfb-below-header-display":"","ast-hfb-mobile-header-display":"","site-post-title":"","ast-breadcrumbs-content":"","ast-featured-img":"","footer-sml-layout":"","theme-transparent-header-meta":"default","adv-header-id-meta":"","stick-header-meta":"","header-above-stick-meta":"","header-main-stick-meta":"","header-below-stick-meta":"","astra-migrate-meta-layouts":"default","ast-page-background-enabled":"default","ast-page-background-meta":{"desktop":{"background-color":"var(--ast-global-color-4)","background-image":"","background-repeat":"repeat","background-position":"center center","background-size":"auto","background-attachment":"scroll","background-type":"","background-media":"","overlay-type":"","overlay-color":"","overlay-gradient":""},"tablet":{"background-color":"","background-image":"","background-repeat":"repeat","background-position":"center center","background-size":"auto","background-attachment":"scroll","background-type":"","background-media":"","overlay-type":"","overlay-color":"","overlay-gradient":""},"mobile":{"background-color":"","background-image":"","background-repeat":"repeat","background-position":"center center","background-size":"auto","background-attachment":"scroll","background-type":"","background-media":"","overlay-type":"","overlay-color":"","overlay-gradient":""}},"ast-content-background-meta":{"desktop":{"background-color":"var(--ast-global-color-5)","background-image":"","background-repeat":"repeat","background-position":"center center","background-size":"auto","background-attachment":"scroll","background-type":"","background-media":"","overlay-type":"","overlay-color":"","overlay-gradient":""},"tablet":{"background-color":"var(--ast-global-color-5)","background-image":"","background-repeat":"repeat","background-position":"center center","background-size":"auto","background-attachment":"scroll","background-type":"","background-media":"","overlay-type":"","overlay-color":"","overlay-gradient":""},"mobile":{"background-color":"var(--ast-global-color-5)","background-image":"","background-repeat":"repeat","background-position":"center center","background-size":"auto","background-attachment":"scroll","background-type":"","background-media":"","overlay-type":"","overlay-color":"","overlay-gradient":""}},"footnotes":""},"class_list":["post-904","page","type-page","status-publish","hentry"],"yoast_head":"<!-- This site is optimized with the Yoast SEO plugin v27.5 - https:\/\/yoast.com\/product\/yoast-seo-wordpress\/ -->\n<title>PC industriels - Optimalog<\/title>\n<meta name=\"robots\" content=\"index, follow, max-snippet:-1, max-image-preview:large, max-video-preview:-1\" \/>\n<link rel=\"canonical\" href=\"https:\/\/www.optimalog.com\/en\/produits\/pc-industriels\/\" \/>\n<meta property=\"og:locale\" content=\"en_GB\" \/>\n<meta property=\"og:type\" content=\"article\" \/>\n<meta property=\"og:title\" content=\"PC industriels - Optimalog\" \/>\n<meta property=\"og:description\" content=\"Consultez-nous pour vos divers besoins en PC industriels, en rack, shoe box, panel-PC, etc. Nous \u00e9tudions pour vous la solution id\u00e9ale et vous la fournissons, \u00e0 l&#039;unit\u00e9 ou en quantit\u00e9 plus importante.\" \/>\n<meta property=\"og:url\" content=\"https:\/\/www.optimalog.com\/en\/produits\/pc-industriels\/\" \/>\n<meta property=\"og:site_name\" content=\"Optimalog\" \/>\n<meta property=\"article:modified_time\" content=\"2022-09-02T06:44:13+00:00\" \/>\n<meta name=\"twitter:card\" content=\"summary_large_image\" \/>\n<meta name=\"twitter:site\" content=\"@OptimalogCom\" \/>\n<meta name=\"twitter:label1\" content=\"Estimated reading time\" \/>\n\t<meta name=\"twitter:data1\" content=\"1 minute\" \/>\n<script type=\"application\/ld+json\" class=\"yoast-schema-graph\">{\"@context\":\"https:\\\/\\\/schema.org\",\"@graph\":[{\"@type\":\"WebPage\",\"@id\":\"https:\\\/\\\/www.optimalog.com\\\/produits\\\/pc-industriels\",\"url\":\"https:\\\/\\\/www.optimalog.com\\\/produits\\\/pc-industriels\",\"name\":\"PC industriels - Optimalog\",\"isPartOf\":{\"@id\":\"https:\\\/\\\/www.optimalog.com\\\/#website\"},\"datePublished\":\"2022-08-08T15:05:19+00:00\",\"dateModified\":\"2022-09-02T06:44:13+00:00\",\"breadcrumb\":{\"@id\":\"https:\\\/\\\/www.optimalog.com\\\/produits\\\/pc-industriels#breadcrumb\"},\"inLanguage\":\"en-GB\",\"potentialAction\":[{\"@type\":\"ReadAction\",\"target\":[\"https:\\\/\\\/www.optimalog.com\\\/produits\\\/pc-industriels\"]}]},{\"@type\":\"BreadcrumbList\",\"@id\":\"https:\\\/\\\/www.optimalog.com\\\/produits\\\/pc-industriels#breadcrumb\",\"itemListElement\":[{\"@type\":\"ListItem\",\"position\":1,\"name\":\"Accueil\",\"item\":\"https:\\\/\\\/www.optimalog.com\\\/\"},{\"@type\":\"ListItem\",\"position\":2,\"name\":\"Produits\",\"item\":\"https:\\\/\\\/www.optimalog.com\\\/produits\"},{\"@type\":\"ListItem\",\"position\":3,\"name\":\"PC industriels\"}]},{\"@type\":\"WebSite\",\"@id\":\"https:\\\/\\\/www.optimalog.com\\\/#website\",\"url\":\"https:\\\/\\\/www.optimalog.com\\\/\",\"name\":\"Optimalog\",\"description\":\"Votre architecte en automation\",\"publisher\":{\"@id\":\"https:\\\/\\\/www.optimalog.com\\\/#organization\"},\"potentialAction\":[{\"@type\":\"SearchAction\",\"target\":{\"@type\":\"EntryPoint\",\"urlTemplate\":\"https:\\\/\\\/www.optimalog.com\\\/?s={search_term_string}\"},\"query-input\":{\"@type\":\"PropertyValueSpecification\",\"valueRequired\":true,\"valueName\":\"search_term_string\"}}],\"inLanguage\":\"en-GB\"},{\"@type\":\"Organization\",\"@id\":\"https:\\\/\\\/www.optimalog.com\\\/#organization\",\"name\":\"Optimalog\",\"url\":\"https:\\\/\\\/www.optimalog.com\\\/\",\"logo\":{\"@type\":\"ImageObject\",\"inLanguage\":\"en-GB\",\"@id\":\"https:\\\/\\\/www.optimalog.com\\\/#\\\/schema\\\/logo\\\/image\\\/\",\"url\":\"https:\\\/\\\/www.optimalog.com\\\/wp-content\\\/uploads\\\/2022\\\/07\\\/Logo-Optimalog-petit-format.png\",\"contentUrl\":\"https:\\\/\\\/www.optimalog.com\\\/wp-content\\\/uploads\\\/2022\\\/07\\\/Logo-Optimalog-petit-format.png\",\"width\":160,\"height\":74,\"caption\":\"Optimalog\"},\"image\":{\"@id\":\"https:\\\/\\\/www.optimalog.com\\\/#\\\/schema\\\/logo\\\/image\\\/\"},\"sameAs\":[\"https:\\\/\\\/x.com\\\/OptimalogCom\"]}]}<\/script>\n<!-- \/ Yoast SEO plugin. -->","yoast_head_json":{"title":"PC industriels - Optimalog","robots":{"index":"index","follow":"follow","max-snippet":"max-snippet:-1","max-image-preview":"max-image-preview:large","max-video-preview":"max-video-preview:-1"},"canonical":"https:\/\/www.optimalog.com\/en\/produits\/pc-industriels\/","og_locale":"en_GB","og_type":"article","og_title":"PC industriels - Optimalog","og_description":"Consultez-nous pour vos divers besoins en PC industriels, en rack, shoe box, panel-PC, etc. Nous \u00e9tudions pour vous la solution id\u00e9ale et vous la fournissons, \u00e0 l'unit\u00e9 ou en quantit\u00e9 plus importante.","og_url":"https:\/\/www.optimalog.com\/en\/produits\/pc-industriels\/","og_site_name":"Optimalog","article_modified_time":"2022-09-02T06:44:13+00:00","twitter_card":"summary_large_image","twitter_site":"@OptimalogCom","twitter_misc":{"Estimated reading time":"1 minute"},"schema":{"@context":"https:\/\/schema.org","@graph":[{"@type":"WebPage","@id":"https:\/\/www.optimalog.com\/produits\/pc-industriels","url":"https:\/\/www.optimalog.com\/produits\/pc-industriels","name":"PC industriels - Optimalog","isPartOf":{"@id":"https:\/\/www.optimalog.com\/#website"},"datePublished":"2022-08-08T15:05:19+00:00","dateModified":"2022-09-02T06:44:13+00:00","breadcrumb":{"@id":"https:\/\/www.optimalog.com\/produits\/pc-industriels#breadcrumb"},"inLanguage":"en-GB","potentialAction":[{"@type":"ReadAction","target":["https:\/\/www.optimalog.com\/produits\/pc-industriels"]}]},{"@type":"BreadcrumbList","@id":"https:\/\/www.optimalog.com\/produits\/pc-industriels#breadcrumb","itemListElement":[{"@type":"ListItem","position":1,"name":"Accueil","item":"https:\/\/www.optimalog.com\/"},{"@type":"ListItem","position":2,"name":"Produits","item":"https:\/\/www.optimalog.com\/produits"},{"@type":"ListItem","position":3,"name":"PC industriels"}]},{"@type":"WebSite","@id":"https:\/\/www.optimalog.com\/#website","url":"https:\/\/www.optimalog.com\/","name":"Optimalog","description":"Your architect in automation","publisher":{"@id":"https:\/\/www.optimalog.com\/#organization"},"potentialAction":[{"@type":"SearchAction","target":{"@type":"EntryPoint","urlTemplate":"https:\/\/www.optimalog.com\/?s={search_term_string}"},"query-input":{"@type":"PropertyValueSpecification","valueRequired":true,"valueName":"search_term_string"}}],"inLanguage":"en-GB"},{"@type":"Organization","@id":"https:\/\/www.optimalog.com\/#organization","name":"Optimalog","url":"https:\/\/www.optimalog.com\/","logo":{"@type":"ImageObject","inLanguage":"en-GB","@id":"https:\/\/www.optimalog.com\/#\/schema\/logo\/image\/","url":"https:\/\/www.optimalog.com\/wp-content\/uploads\/2022\/07\/Logo-Optimalog-petit-format.png","contentUrl":"https:\/\/www.optimalog.com\/wp-content\/uploads\/2022\/07\/Logo-Optimalog-petit-format.png","width":160,"height":74,"caption":"Optimalog"},"image":{"@id":"https:\/\/www.optimalog.com\/#\/schema\/logo\/image\/"},"sameAs":["https:\/\/x.com\/OptimalogCom"]}]}},"_links":{"self":[{"href":"https:\/\/www.optimalog.com\/en\/wp-json\/wp\/v2\/pages\/904","targetHints":{"allow":["GET"]}}],"collection":[{"href":"https:\/\/www.optimalog.com\/en\/wp-json\/wp\/v2\/pages"}],"about":[{"href":"https:\/\/www.optimalog.com\/en\/wp-json\/wp\/v2\/types\/page"}],"author":[{"embeddable":true,"href":"https:\/\/www.optimalog.com\/en\/wp-json\/wp\/v2\/users\/1"}],"replies":[{"embeddable":true,"href":"https:\/\/www.optimalog.com\/en\/wp-json\/wp\/v2\/comments?post=904"}],"version-history":[{"count":9,"href":"https:\/\/www.optimalog.com\/en\/wp-json\/wp\/v2\/pages\/904\/revisions"}],"predecessor-version":[{"id":921,"href":"https:\/\/www.optimalog.com\/en\/wp-json\/wp\/v2\/pages\/904\/revisions\/921"}],"up":[{"embeddable":true,"href":"https:\/\/www.optimalog.com\/en\/wp-json\/wp\/v2\/pages\/144"}],"wp:attachment":[{"href":"https:\/\/www.optimalog.com\/en\/wp-json\/wp\/v2\/media?parent=904"}],"curies":[{"name":"wp","href":"https:\/\/api.w.org\/{rel}","templated":true}]}}