{"id":806,"date":"2022-08-08T14:41:43","date_gmt":"2022-08-08T12:41:43","guid":{"rendered":"http:\/\/s169997260.onlinehome.fr\/?page_id=806"},"modified":"2022-08-12T11:49:28","modified_gmt":"2022-08-12T09:49:28","slug":"optima-serveur-opc","status":"publish","type":"page","link":"https:\/\/www.optimalog.com\/en\/produits\/logiciels-dautomatisme\/optima-serveur-opc","title":{"rendered":"Optima OPC Server"},"content":{"rendered":"<div id=\"pl-806\"  class=\"panel-layout\" ><div id=\"pg-806-0\"  class=\"panel-grid panel-no-style\" ><div id=\"pgc-806-0-0\"  class=\"panel-grid-cell\" ><div id=\"panel-806-0-0-0\" class=\"so-panel widget_text panel-first-child panel-last-child\" data-index=\"0\" >\t\t\t<div class=\"textwidget\"><p class=\"translation-block\">With <strong>Optima OPC Server<\/strong>, you have a standard and secure way to access the data of your Optima PLC or Apigraf applications from any OPC client.<\/p>\n<p>The variables can be predefined using a dedicated editor, or imported from a csv file. This allows you to restrict the access rights to certain variables, read-only or no access. The variables can also be set on the fly for the OPC client, in this case a common definition of access rights.<\/p>\n<p>OPC DA (Data Access) is the original version of the OPC protocol, based on the functioning of the COM interface of Windows. We prefer today's version of OPC UA (Unified architecture). OPC UA is a omni-platform communication protocol for industrial automation, allowing you to make communicate between them industrial robots, machine tools and programmable logic controller (PLC).<\/p>\n<div class=\"product-33 product-text\">\n<h3><img loading=\"lazy\" decoding=\"async\" class=\"alignnone size-medium wp-image-745\" src=\"https:\/\/www.optimalog.com\/wp-content\/uploads\/images\/Main-300x214.png\" alt=\"\" width=\"300\" height=\"214\" srcset=\"https:\/\/www.optimalog.com\/wp-content\/uploads\/images\/Main-300x214.png 300w, https:\/\/www.optimalog.com\/wp-content\/uploads\/images\/Main.png 736w\" sizes=\"auto, (max-width: 300px) 100vw, 300px\" \/> <img loading=\"lazy\" decoding=\"async\" class=\"alignnone size-medium wp-image-746\" src=\"https:\/\/www.optimalog.com\/wp-content\/uploads\/images\/Variables-connectees-300x151.png\" alt=\"\" width=\"300\" height=\"151\" srcset=\"https:\/\/www.optimalog.com\/wp-content\/uploads\/images\/Variables-connectees-300x151.png 300w, https:\/\/www.optimalog.com\/wp-content\/uploads\/images\/Variables-connectees-768x387.png 768w, https:\/\/www.optimalog.com\/wp-content\/uploads\/images\/Variables-connectees.png 886w\" sizes=\"auto, (max-width: 300px) 100vw, 300px\" \/><\/h3>\n<h3 class=\"small-header\">OPC Versions<\/h3>\n<ul class=\"small-list\">\n<li>OPC Data Access 1.0 A<\/li>\n<li>OPC Data Access 2.05<\/li>\n<li>OPC UA 1.04 and earlier<\/li>\n<\/ul>\n<h3><\/h3>\n<h3 class=\"small-header\">OPC UA Transport Protocols<\/h3>\n<ul class=\"small-list\">\n<li>OPC UA-TCP UA-SC UA Binary<\/li>\n<\/ul>\n<\/div>\n<div class=\"product-33 product-text\">\n<h3><\/h3>\n<h3 class=\"small-header\">OPC UA Security Policies<\/h3>\n<ul class=\"small-list\">\n<li>None<\/li>\n<li>Basic128Rsa15<\/li>\n<li>Basic256<\/li>\n<li>Basic256Sha256<\/li>\n<li>Aes128-Sha256-RsaOaep<\/li>\n<li>Aes256-Sha256-RsaPss<\/li>\n<\/ul>\n<\/div>\n<p>&nbsp;<\/p>\n<\/div>\n\t\t<\/div><\/div><\/div><\/div>","protected":false},"excerpt":{"rendered":"<p>Avec Optima Serveur OPC, vous disposez d&#8217;un moyen standard et s\u00e9curis\u00e9 d&#8217;acc\u00e8s aux donn\u00e9es de vos applications Optima PLC ou Apigraf depuis un quelconque client OPC. Les variables peuvent \u00eatre pr\u00e9d\u00e9finies au moyen d&#8217;un \u00e9diteur d\u00e9di\u00e9, ou import\u00e9e depuis un fichier csv. Ceci permet de limiter les droits d&#8217;acc\u00e8s \u00e0 certaines variables, en lecture seule [&hellip;]<\/p>\n","protected":false},"author":1,"featured_media":0,"parent":538,"menu_order":0,"comment_status":"closed","ping_status":"closed","template":"","meta":{"site-sidebar-layout":"default","site-content-layout":"default","ast-site-content-layout":"","site-content-style":"default","site-sidebar-style":"default","ast-global-header-display":"","ast-banner-title-visibility":"","ast-main-header-display":"","ast-hfb-above-header-display":"","ast-hfb-below-header-display":"","ast-hfb-mobile-header-display":"","site-post-title":"","ast-breadcrumbs-content":"","ast-featured-img":"","footer-sml-layout":"","theme-transparent-header-meta":"default","adv-header-id-meta":"","stick-header-meta":"","header-above-stick-meta":"","header-main-stick-meta":"","header-below-stick-meta":"","astra-migrate-meta-layouts":"default","ast-page-background-enabled":"default","ast-page-background-meta":{"desktop":{"background-color":"var(--ast-global-color-4)","background-image":"","background-repeat":"repeat","background-position":"center center","background-size":"auto","background-attachment":"scroll","background-type":"","background-media":"","overlay-type":"","overlay-color":"","overlay-gradient":""},"tablet":{"background-color":"","background-image":"","background-repeat":"repeat","background-position":"center center","background-size":"auto","background-attachment":"scroll","background-type":"","background-media":"","overlay-type":"","overlay-color":"","overlay-gradient":""},"mobile":{"background-color":"","background-image":"","background-repeat":"repeat","background-position":"center center","background-size":"auto","background-attachment":"scroll","background-type":"","background-media":"","overlay-type":"","overlay-color":"","overlay-gradient":""}},"ast-content-background-meta":{"desktop":{"background-color":"var(--ast-global-color-5)","background-image":"","background-repeat":"repeat","background-position":"center center","background-size":"auto","background-attachment":"scroll","background-type":"","background-media":"","overlay-type":"","overlay-color":"","overlay-gradient":""},"tablet":{"background-color":"var(--ast-global-color-5)","background-image":"","background-repeat":"repeat","background-position":"center center","background-size":"auto","background-attachment":"scroll","background-type":"","background-media":"","overlay-type":"","overlay-color":"","overlay-gradient":""},"mobile":{"background-color":"var(--ast-global-color-5)","background-image":"","background-repeat":"repeat","background-position":"center center","background-size":"auto","background-attachment":"scroll","background-type":"","background-media":"","overlay-type":"","overlay-color":"","overlay-gradient":""}},"footnotes":""},"class_list":["post-806","page","type-page","status-publish","hentry"],"yoast_head":"<!-- This site is optimized with the Yoast SEO plugin v27.5 - https:\/\/yoast.com\/product\/yoast-seo-wordpress\/ -->\n<title>Optima Serveur OPC - Optimalog<\/title>\n<meta name=\"robots\" content=\"index, follow, max-snippet:-1, max-image-preview:large, max-video-preview:-1\" \/>\n<link rel=\"canonical\" href=\"https:\/\/www.optimalog.com\/en\/produits\/logiciels-dautomatisme\/optima-serveur-opc\/\" \/>\n<meta property=\"og:locale\" content=\"en_GB\" \/>\n<meta property=\"og:type\" content=\"article\" \/>\n<meta property=\"og:title\" content=\"Optima Serveur OPC - Optimalog\" \/>\n<meta property=\"og:description\" content=\"Avec Optima Serveur OPC, vous disposez d&#039;un moyen standard et s\u00e9curis\u00e9 d&#039;acc\u00e8s aux donn\u00e9es de vos applications Optima PLC ou Apigraf depuis un quelconque client OPC. Les variables peuvent \u00eatre pr\u00e9d\u00e9finies au moyen d&#039;un \u00e9diteur d\u00e9di\u00e9, ou import\u00e9e depuis un fichier csv. Ceci permet de limiter les droits d&#039;acc\u00e8s \u00e0 certaines variables, en lecture seule [&hellip;]\" \/>\n<meta property=\"og:url\" content=\"https:\/\/www.optimalog.com\/en\/produits\/logiciels-dautomatisme\/optima-serveur-opc\/\" \/>\n<meta property=\"og:site_name\" content=\"Optimalog\" \/>\n<meta property=\"article:modified_time\" content=\"2022-08-12T09:49:28+00:00\" \/>\n<meta property=\"og:image\" content=\"https:\/\/www.optimalog.com\/wp-content\/uploads\/images\/Main-300x214.png\" \/>\n<meta name=\"twitter:card\" content=\"summary_large_image\" \/>\n<meta name=\"twitter:site\" content=\"@OptimalogCom\" \/>\n<meta name=\"twitter:label1\" content=\"Estimated reading time\" \/>\n\t<meta name=\"twitter:data1\" content=\"1 minute\" \/>\n<script type=\"application\/ld+json\" class=\"yoast-schema-graph\">{\"@context\":\"https:\\\/\\\/schema.org\",\"@graph\":[{\"@type\":\"WebPage\",\"@id\":\"https:\\\/\\\/www.optimalog.com\\\/produits\\\/logiciels-dautomatisme\\\/optima-serveur-opc\",\"url\":\"https:\\\/\\\/www.optimalog.com\\\/produits\\\/logiciels-dautomatisme\\\/optima-serveur-opc\",\"name\":\"Optima Serveur OPC - Optimalog\",\"isPartOf\":{\"@id\":\"https:\\\/\\\/www.optimalog.com\\\/#website\"},\"primaryImageOfPage\":{\"@id\":\"https:\\\/\\\/www.optimalog.com\\\/produits\\\/logiciels-dautomatisme\\\/optima-serveur-opc#primaryimage\"},\"image\":{\"@id\":\"https:\\\/\\\/www.optimalog.com\\\/produits\\\/logiciels-dautomatisme\\\/optima-serveur-opc#primaryimage\"},\"thumbnailUrl\":\"https:\\\/\\\/www.optimalog.com\\\/wp-content\\\/uploads\\\/images\\\/Main-300x214.png\",\"datePublished\":\"2022-08-08T12:41:43+00:00\",\"dateModified\":\"2022-08-12T09:49:28+00:00\",\"breadcrumb\":{\"@id\":\"https:\\\/\\\/www.optimalog.com\\\/produits\\\/logiciels-dautomatisme\\\/optima-serveur-opc#breadcrumb\"},\"inLanguage\":\"en-GB\",\"potentialAction\":[{\"@type\":\"ReadAction\",\"target\":[\"https:\\\/\\\/www.optimalog.com\\\/produits\\\/logiciels-dautomatisme\\\/optima-serveur-opc\"]}]},{\"@type\":\"ImageObject\",\"inLanguage\":\"en-GB\",\"@id\":\"https:\\\/\\\/www.optimalog.com\\\/produits\\\/logiciels-dautomatisme\\\/optima-serveur-opc#primaryimage\",\"url\":\"https:\\\/\\\/www.optimalog.com\\\/wp-content\\\/uploads\\\/images\\\/Main-300x214.png\",\"contentUrl\":\"https:\\\/\\\/www.optimalog.com\\\/wp-content\\\/uploads\\\/images\\\/Main-300x214.png\"},{\"@type\":\"BreadcrumbList\",\"@id\":\"https:\\\/\\\/www.optimalog.com\\\/produits\\\/logiciels-dautomatisme\\\/optima-serveur-opc#breadcrumb\",\"itemListElement\":[{\"@type\":\"ListItem\",\"position\":1,\"name\":\"Accueil\",\"item\":\"https:\\\/\\\/www.optimalog.com\\\/\"},{\"@type\":\"ListItem\",\"position\":2,\"name\":\"Produits\",\"item\":\"https:\\\/\\\/www.optimalog.com\\\/produits\"},{\"@type\":\"ListItem\",\"position\":3,\"name\":\"Logiciels d&#8217;automatisme\",\"item\":\"https:\\\/\\\/www.optimalog.com\\\/produits\\\/logiciels-dautomatisme\"},{\"@type\":\"ListItem\",\"position\":4,\"name\":\"Optima Serveur OPC\"}]},{\"@type\":\"WebSite\",\"@id\":\"https:\\\/\\\/www.optimalog.com\\\/#website\",\"url\":\"https:\\\/\\\/www.optimalog.com\\\/\",\"name\":\"Optimalog\",\"description\":\"Votre architecte en automation\",\"publisher\":{\"@id\":\"https:\\\/\\\/www.optimalog.com\\\/#organization\"},\"potentialAction\":[{\"@type\":\"SearchAction\",\"target\":{\"@type\":\"EntryPoint\",\"urlTemplate\":\"https:\\\/\\\/www.optimalog.com\\\/?s={search_term_string}\"},\"query-input\":{\"@type\":\"PropertyValueSpecification\",\"valueRequired\":true,\"valueName\":\"search_term_string\"}}],\"inLanguage\":\"en-GB\"},{\"@type\":\"Organization\",\"@id\":\"https:\\\/\\\/www.optimalog.com\\\/#organization\",\"name\":\"Optimalog\",\"url\":\"https:\\\/\\\/www.optimalog.com\\\/\",\"logo\":{\"@type\":\"ImageObject\",\"inLanguage\":\"en-GB\",\"@id\":\"https:\\\/\\\/www.optimalog.com\\\/#\\\/schema\\\/logo\\\/image\\\/\",\"url\":\"https:\\\/\\\/www.optimalog.com\\\/wp-content\\\/uploads\\\/2022\\\/07\\\/Logo-Optimalog-petit-format.png\",\"contentUrl\":\"https:\\\/\\\/www.optimalog.com\\\/wp-content\\\/uploads\\\/2022\\\/07\\\/Logo-Optimalog-petit-format.png\",\"width\":160,\"height\":74,\"caption\":\"Optimalog\"},\"image\":{\"@id\":\"https:\\\/\\\/www.optimalog.com\\\/#\\\/schema\\\/logo\\\/image\\\/\"},\"sameAs\":[\"https:\\\/\\\/x.com\\\/OptimalogCom\"]}]}<\/script>\n<!-- \/ Yoast SEO plugin. -->","yoast_head_json":{"title":"Optima Serveur OPC - Optimalog","robots":{"index":"index","follow":"follow","max-snippet":"max-snippet:-1","max-image-preview":"max-image-preview:large","max-video-preview":"max-video-preview:-1"},"canonical":"https:\/\/www.optimalog.com\/en\/produits\/logiciels-dautomatisme\/optima-serveur-opc\/","og_locale":"en_GB","og_type":"article","og_title":"Optima Serveur OPC - Optimalog","og_description":"Avec Optima Serveur OPC, vous disposez d'un moyen standard et s\u00e9curis\u00e9 d'acc\u00e8s aux donn\u00e9es de vos applications Optima PLC ou Apigraf depuis un quelconque client OPC. Les variables peuvent \u00eatre pr\u00e9d\u00e9finies au moyen d'un \u00e9diteur d\u00e9di\u00e9, ou import\u00e9e depuis un fichier csv. Ceci permet de limiter les droits d'acc\u00e8s \u00e0 certaines variables, en lecture seule [&hellip;]","og_url":"https:\/\/www.optimalog.com\/en\/produits\/logiciels-dautomatisme\/optima-serveur-opc\/","og_site_name":"Optimalog","article_modified_time":"2022-08-12T09:49:28+00:00","og_image":[{"url":"https:\/\/www.optimalog.com\/wp-content\/uploads\/images\/Main-300x214.png","type":"","width":"","height":""}],"twitter_card":"summary_large_image","twitter_site":"@OptimalogCom","twitter_misc":{"Estimated reading time":"1 minute"},"schema":{"@context":"https:\/\/schema.org","@graph":[{"@type":"WebPage","@id":"https:\/\/www.optimalog.com\/produits\/logiciels-dautomatisme\/optima-serveur-opc","url":"https:\/\/www.optimalog.com\/produits\/logiciels-dautomatisme\/optima-serveur-opc","name":"Optima Serveur OPC - Optimalog","isPartOf":{"@id":"https:\/\/www.optimalog.com\/#website"},"primaryImageOfPage":{"@id":"https:\/\/www.optimalog.com\/produits\/logiciels-dautomatisme\/optima-serveur-opc#primaryimage"},"image":{"@id":"https:\/\/www.optimalog.com\/produits\/logiciels-dautomatisme\/optima-serveur-opc#primaryimage"},"thumbnailUrl":"https:\/\/www.optimalog.com\/wp-content\/uploads\/images\/Main-300x214.png","datePublished":"2022-08-08T12:41:43+00:00","dateModified":"2022-08-12T09:49:28+00:00","breadcrumb":{"@id":"https:\/\/www.optimalog.com\/produits\/logiciels-dautomatisme\/optima-serveur-opc#breadcrumb"},"inLanguage":"en-GB","potentialAction":[{"@type":"ReadAction","target":["https:\/\/www.optimalog.com\/produits\/logiciels-dautomatisme\/optima-serveur-opc"]}]},{"@type":"ImageObject","inLanguage":"en-GB","@id":"https:\/\/www.optimalog.com\/produits\/logiciels-dautomatisme\/optima-serveur-opc#primaryimage","url":"https:\/\/www.optimalog.com\/wp-content\/uploads\/images\/Main-300x214.png","contentUrl":"https:\/\/www.optimalog.com\/wp-content\/uploads\/images\/Main-300x214.png"},{"@type":"BreadcrumbList","@id":"https:\/\/www.optimalog.com\/produits\/logiciels-dautomatisme\/optima-serveur-opc#breadcrumb","itemListElement":[{"@type":"ListItem","position":1,"name":"Accueil","item":"https:\/\/www.optimalog.com\/"},{"@type":"ListItem","position":2,"name":"Produits","item":"https:\/\/www.optimalog.com\/produits"},{"@type":"ListItem","position":3,"name":"Logiciels d&#8217;automatisme","item":"https:\/\/www.optimalog.com\/produits\/logiciels-dautomatisme"},{"@type":"ListItem","position":4,"name":"Optima Serveur OPC"}]},{"@type":"WebSite","@id":"https:\/\/www.optimalog.com\/#website","url":"https:\/\/www.optimalog.com\/","name":"Optimalog","description":"Your architect in automation","publisher":{"@id":"https:\/\/www.optimalog.com\/#organization"},"potentialAction":[{"@type":"SearchAction","target":{"@type":"EntryPoint","urlTemplate":"https:\/\/www.optimalog.com\/?s={search_term_string}"},"query-input":{"@type":"PropertyValueSpecification","valueRequired":true,"valueName":"search_term_string"}}],"inLanguage":"en-GB"},{"@type":"Organization","@id":"https:\/\/www.optimalog.com\/#organization","name":"Optimalog","url":"https:\/\/www.optimalog.com\/","logo":{"@type":"ImageObject","inLanguage":"en-GB","@id":"https:\/\/www.optimalog.com\/#\/schema\/logo\/image\/","url":"https:\/\/www.optimalog.com\/wp-content\/uploads\/2022\/07\/Logo-Optimalog-petit-format.png","contentUrl":"https:\/\/www.optimalog.com\/wp-content\/uploads\/2022\/07\/Logo-Optimalog-petit-format.png","width":160,"height":74,"caption":"Optimalog"},"image":{"@id":"https:\/\/www.optimalog.com\/#\/schema\/logo\/image\/"},"sameAs":["https:\/\/x.com\/OptimalogCom"]}]}},"_links":{"self":[{"href":"https:\/\/www.optimalog.com\/en\/wp-json\/wp\/v2\/pages\/806","targetHints":{"allow":["GET"]}}],"collection":[{"href":"https:\/\/www.optimalog.com\/en\/wp-json\/wp\/v2\/pages"}],"about":[{"href":"https:\/\/www.optimalog.com\/en\/wp-json\/wp\/v2\/types\/page"}],"author":[{"embeddable":true,"href":"https:\/\/www.optimalog.com\/en\/wp-json\/wp\/v2\/users\/1"}],"replies":[{"embeddable":true,"href":"https:\/\/www.optimalog.com\/en\/wp-json\/wp\/v2\/comments?post=806"}],"version-history":[{"count":9,"href":"https:\/\/www.optimalog.com\/en\/wp-json\/wp\/v2\/pages\/806\/revisions"}],"predecessor-version":[{"id":1456,"href":"https:\/\/www.optimalog.com\/en\/wp-json\/wp\/v2\/pages\/806\/revisions\/1456"}],"up":[{"embeddable":true,"href":"https:\/\/www.optimalog.com\/en\/wp-json\/wp\/v2\/pages\/538"}],"wp:attachment":[{"href":"https:\/\/www.optimalog.com\/en\/wp-json\/wp\/v2\/media?parent=806"}],"curies":[{"name":"wp","href":"https:\/\/api.w.org\/{rel}","templated":true}]}}