{"id":792,"date":"2022-08-08T11:19:43","date_gmt":"2022-08-08T09:19:43","guid":{"rendered":"http:\/\/s169997260.onlinehome.fr\/?page_id=792"},"modified":"2022-08-11T10:09:32","modified_gmt":"2022-08-11T08:09:32","slug":"optimalarm","status":"publish","type":"page","link":"https:\/\/www.optimalog.com\/en\/produits\/logiciels-dautomatisme\/optimalarm","title":{"rendered":"Optim&#039;alarm"},"content":{"rendered":"<div id=\"pl-792\"  class=\"panel-layout\" ><div id=\"pg-792-0\"  class=\"panel-grid panel-no-style\" ><div id=\"pgc-792-0-0\"  class=\"panel-grid-cell\" ><div id=\"panel-792-0-0-0\" class=\"so-panel widget_text panel-first-child panel-last-child\" data-index=\"0\" >\t\t\t<div class=\"textwidget\"><p><strong>Optim&#039;alarm<\/strong>\u00a0is a\u00a0<strong>alarm management centralized<\/strong>\u00a0that allows you to monitor the values or expressions from posts OPTIMA PLC or\u00a0<strong>OPC servers<\/strong>\u00a0of the market.<\/p>\n<p>The alarms are displayed in order of\u00a0<strong>priority<\/strong>\u00a0and are classified by groups. The operator can acknowledge alarms if it has the corresponding rights.<\/p>\n<p>All the data centralized by optim&#039;alarm are accessible from the Workshop of supervision\u00a0<strong>Optima VIEW<\/strong>\u00a0thanks to specific objects. The access to the alarm management is done by TCP\/IP, it can therefore be\u00a0<strong>remote<\/strong>\u00a0\u00a0(on another PC), or\u00a0<strong>local<\/strong>.<\/p>\n<p>The main window of the manager includes all the basic information about the alarms :<\/p>\n<p><img loading=\"lazy\" decoding=\"async\" class=\"alignnone  wp-image-451\" src=\"https:\/\/www.optimalog.com\/wp-content\/uploads\/images\/OPTIMALARMPRINCIP.jpg\" alt=\"\" width=\"321\" height=\"231\" \/><\/p>\n<p>An optional bar may also be visible constantly in the bottom of the PC screen :<\/p>\n<p><img loading=\"lazy\" decoding=\"async\" class=\"alignnone  wp-image-804\" src=\"https:\/\/www.optimalog.com\/wp-content\/uploads\/images\/OptimAlarm_Bandeau--300x10.jpg\" alt=\"\" width=\"510\" height=\"17\" srcset=\"https:\/\/www.optimalog.com\/wp-content\/uploads\/images\/OptimAlarm_Bandeau--300x10.jpg 300w, https:\/\/www.optimalog.com\/wp-content\/uploads\/images\/OptimAlarm_Bandeau-.jpg 600w\" sizes=\"auto, (max-width: 510px) 100vw, 510px\" \/><\/p>\n<p>This banner displays the alarm at the top of the list. If no alarm is in progress, the blindfold notifies as well.<\/p>\n<p class=\"translation-block\">The alarm manager can operate in <strong>MASTER<\/strong> mode or <strong>SLAVE<\/strong> mode. You can have a <strong>MASTER<\/strong> manager on a PC and remote <strong>SLAVE<\/strong> managers. The <strong>SLAVES<\/strong> allow you to view the alarms generated by the master and possibly to acknowledge the alarms (depending on the rights defined for the operator).<\/p>\n<p><span class=\"style1\">The SLAVE Mode is free of RUNTIME<\/span><span class=\"style2\">. A license allows you to operate as a master and up to 5 slaves.<\/span><\/p>\n<\/div>\n\t\t<\/div><\/div><\/div><\/div>","protected":false},"excerpt":{"rendered":"<p>Optim&#8217;Alarm\u00a0est un\u00a0gestionnaire d&#8217;alarme centralis\u00e9\u00a0qui permet de surveiller des valeurs ou expressions provenant de postes OPTIMA PLC ou de\u00a0serveurs OPC\u00a0du march\u00e9. Les alarmes sont affich\u00e9es par ordre de\u00a0priorit\u00e9\u00a0et sont class\u00e9es par groupes. L&#8217;op\u00e9rateur peut acquitter les alarmes si il dispose des droits correspondants. Toutes les donn\u00e9es centralis\u00e9es par Optim&#8217;Alarm sont accessibles depuis l&#8217;Atelier de supervision\u00a0Optima VIEW\u00a0gr\u00e2ce [&hellip;]<\/p>\n","protected":false},"author":1,"featured_media":0,"parent":538,"menu_order":0,"comment_status":"closed","ping_status":"closed","template":"","meta":{"site-sidebar-layout":"default","site-content-layout":"default","ast-site-content-layout":"","site-content-style":"default","site-sidebar-style":"default","ast-global-header-display":"","ast-banner-title-visibility":"","ast-main-header-display":"","ast-hfb-above-header-display":"","ast-hfb-below-header-display":"","ast-hfb-mobile-header-display":"","site-post-title":"","ast-breadcrumbs-content":"","ast-featured-img":"","footer-sml-layout":"","theme-transparent-header-meta":"default","adv-header-id-meta":"","stick-header-meta":"","header-above-stick-meta":"","header-main-stick-meta":"","header-below-stick-meta":"","astra-migrate-meta-layouts":"default","ast-page-background-enabled":"default","ast-page-background-meta":{"desktop":{"background-color":"var(--ast-global-color-4)","background-image":"","background-repeat":"repeat","background-position":"center center","background-size":"auto","background-attachment":"scroll","background-type":"","background-media":"","overlay-type":"","overlay-color":"","overlay-gradient":""},"tablet":{"background-color":"","background-image":"","background-repeat":"repeat","background-position":"center center","background-size":"auto","background-attachment":"scroll","background-type":"","background-media":"","overlay-type":"","overlay-color":"","overlay-gradient":""},"mobile":{"background-color":"","background-image":"","background-repeat":"repeat","background-position":"center center","background-size":"auto","background-attachment":"scroll","background-type":"","background-media":"","overlay-type":"","overlay-color":"","overlay-gradient":""}},"ast-content-background-meta":{"desktop":{"background-color":"var(--ast-global-color-5)","background-image":"","background-repeat":"repeat","background-position":"center center","background-size":"auto","background-attachment":"scroll","background-type":"","background-media":"","overlay-type":"","overlay-color":"","overlay-gradient":""},"tablet":{"background-color":"var(--ast-global-color-5)","background-image":"","background-repeat":"repeat","background-position":"center center","background-size":"auto","background-attachment":"scroll","background-type":"","background-media":"","overlay-type":"","overlay-color":"","overlay-gradient":""},"mobile":{"background-color":"var(--ast-global-color-5)","background-image":"","background-repeat":"repeat","background-position":"center center","background-size":"auto","background-attachment":"scroll","background-type":"","background-media":"","overlay-type":"","overlay-color":"","overlay-gradient":""}},"footnotes":""},"class_list":["post-792","page","type-page","status-publish","hentry"],"yoast_head":"<!-- This site is optimized with the Yoast SEO plugin v27.5 - https:\/\/yoast.com\/product\/yoast-seo-wordpress\/ -->\n<title>Optim&#039;Alarm - Optimalog<\/title>\n<meta name=\"robots\" content=\"index, follow, max-snippet:-1, max-image-preview:large, max-video-preview:-1\" \/>\n<link rel=\"canonical\" href=\"https:\/\/www.optimalog.com\/en\/produits\/logiciels-dautomatisme\/optimalarm\/\" \/>\n<meta property=\"og:locale\" content=\"en_GB\" \/>\n<meta property=\"og:type\" content=\"article\" \/>\n<meta property=\"og:title\" content=\"Optim&#039;Alarm - Optimalog\" \/>\n<meta property=\"og:description\" content=\"Optim&#039;Alarm\u00a0est un\u00a0gestionnaire d&#039;alarme centralis\u00e9\u00a0qui permet de surveiller des valeurs ou expressions provenant de postes OPTIMA PLC ou de\u00a0serveurs OPC\u00a0du march\u00e9. Les alarmes sont affich\u00e9es par ordre de\u00a0priorit\u00e9\u00a0et sont class\u00e9es par groupes. L&#039;op\u00e9rateur peut acquitter les alarmes si il dispose des droits correspondants. Toutes les donn\u00e9es centralis\u00e9es par Optim&#039;Alarm sont accessibles depuis l&#039;Atelier de supervision\u00a0Optima VIEW\u00a0gr\u00e2ce [&hellip;]\" \/>\n<meta property=\"og:url\" content=\"https:\/\/www.optimalog.com\/en\/produits\/logiciels-dautomatisme\/optimalarm\/\" \/>\n<meta property=\"og:site_name\" content=\"Optimalog\" \/>\n<meta property=\"article:modified_time\" content=\"2022-08-11T08:09:32+00:00\" \/>\n<meta property=\"og:image\" content=\"https:\/\/www.optimalog.com\/wp-content\/uploads\/images\/OPTIMALARMPRINCIP.jpg\" \/>\n<meta name=\"twitter:card\" content=\"summary_large_image\" \/>\n<meta name=\"twitter:site\" content=\"@OptimalogCom\" \/>\n<meta name=\"twitter:label1\" content=\"Estimated reading time\" \/>\n\t<meta name=\"twitter:data1\" content=\"1 minute\" \/>\n<script type=\"application\/ld+json\" class=\"yoast-schema-graph\">{\"@context\":\"https:\\\/\\\/schema.org\",\"@graph\":[{\"@type\":\"WebPage\",\"@id\":\"https:\\\/\\\/www.optimalog.com\\\/produits\\\/logiciels-dautomatisme\\\/optimalarm\",\"url\":\"https:\\\/\\\/www.optimalog.com\\\/produits\\\/logiciels-dautomatisme\\\/optimalarm\",\"name\":\"Optim'Alarm - Optimalog\",\"isPartOf\":{\"@id\":\"https:\\\/\\\/www.optimalog.com\\\/#website\"},\"primaryImageOfPage\":{\"@id\":\"https:\\\/\\\/www.optimalog.com\\\/produits\\\/logiciels-dautomatisme\\\/optimalarm#primaryimage\"},\"image\":{\"@id\":\"https:\\\/\\\/www.optimalog.com\\\/produits\\\/logiciels-dautomatisme\\\/optimalarm#primaryimage\"},\"thumbnailUrl\":\"https:\\\/\\\/www.optimalog.com\\\/wp-content\\\/uploads\\\/images\\\/OPTIMALARMPRINCIP.jpg\",\"datePublished\":\"2022-08-08T09:19:43+00:00\",\"dateModified\":\"2022-08-11T08:09:32+00:00\",\"breadcrumb\":{\"@id\":\"https:\\\/\\\/www.optimalog.com\\\/produits\\\/logiciels-dautomatisme\\\/optimalarm#breadcrumb\"},\"inLanguage\":\"en-GB\",\"potentialAction\":[{\"@type\":\"ReadAction\",\"target\":[\"https:\\\/\\\/www.optimalog.com\\\/produits\\\/logiciels-dautomatisme\\\/optimalarm\"]}]},{\"@type\":\"ImageObject\",\"inLanguage\":\"en-GB\",\"@id\":\"https:\\\/\\\/www.optimalog.com\\\/produits\\\/logiciels-dautomatisme\\\/optimalarm#primaryimage\",\"url\":\"https:\\\/\\\/www.optimalog.com\\\/wp-content\\\/uploads\\\/images\\\/OPTIMALARMPRINCIP.jpg\",\"contentUrl\":\"https:\\\/\\\/www.optimalog.com\\\/wp-content\\\/uploads\\\/images\\\/OPTIMALARMPRINCIP.jpg\"},{\"@type\":\"BreadcrumbList\",\"@id\":\"https:\\\/\\\/www.optimalog.com\\\/produits\\\/logiciels-dautomatisme\\\/optimalarm#breadcrumb\",\"itemListElement\":[{\"@type\":\"ListItem\",\"position\":1,\"name\":\"Accueil\",\"item\":\"https:\\\/\\\/www.optimalog.com\\\/\"},{\"@type\":\"ListItem\",\"position\":2,\"name\":\"Produits\",\"item\":\"https:\\\/\\\/www.optimalog.com\\\/produits\"},{\"@type\":\"ListItem\",\"position\":3,\"name\":\"Logiciels d&#8217;automatisme\",\"item\":\"https:\\\/\\\/www.optimalog.com\\\/produits\\\/logiciels-dautomatisme\"},{\"@type\":\"ListItem\",\"position\":4,\"name\":\"Optim&#8217;Alarm\"}]},{\"@type\":\"WebSite\",\"@id\":\"https:\\\/\\\/www.optimalog.com\\\/#website\",\"url\":\"https:\\\/\\\/www.optimalog.com\\\/\",\"name\":\"Optimalog\",\"description\":\"Votre architecte en automation\",\"publisher\":{\"@id\":\"https:\\\/\\\/www.optimalog.com\\\/#organization\"},\"potentialAction\":[{\"@type\":\"SearchAction\",\"target\":{\"@type\":\"EntryPoint\",\"urlTemplate\":\"https:\\\/\\\/www.optimalog.com\\\/?s={search_term_string}\"},\"query-input\":{\"@type\":\"PropertyValueSpecification\",\"valueRequired\":true,\"valueName\":\"search_term_string\"}}],\"inLanguage\":\"en-GB\"},{\"@type\":\"Organization\",\"@id\":\"https:\\\/\\\/www.optimalog.com\\\/#organization\",\"name\":\"Optimalog\",\"url\":\"https:\\\/\\\/www.optimalog.com\\\/\",\"logo\":{\"@type\":\"ImageObject\",\"inLanguage\":\"en-GB\",\"@id\":\"https:\\\/\\\/www.optimalog.com\\\/#\\\/schema\\\/logo\\\/image\\\/\",\"url\":\"https:\\\/\\\/www.optimalog.com\\\/wp-content\\\/uploads\\\/2022\\\/07\\\/Logo-Optimalog-petit-format.png\",\"contentUrl\":\"https:\\\/\\\/www.optimalog.com\\\/wp-content\\\/uploads\\\/2022\\\/07\\\/Logo-Optimalog-petit-format.png\",\"width\":160,\"height\":74,\"caption\":\"Optimalog\"},\"image\":{\"@id\":\"https:\\\/\\\/www.optimalog.com\\\/#\\\/schema\\\/logo\\\/image\\\/\"},\"sameAs\":[\"https:\\\/\\\/x.com\\\/OptimalogCom\"]}]}<\/script>\n<!-- \/ Yoast SEO plugin. -->","yoast_head_json":{"title":"Optim'Alarm - Optimalog","robots":{"index":"index","follow":"follow","max-snippet":"max-snippet:-1","max-image-preview":"max-image-preview:large","max-video-preview":"max-video-preview:-1"},"canonical":"https:\/\/www.optimalog.com\/en\/produits\/logiciels-dautomatisme\/optimalarm\/","og_locale":"en_GB","og_type":"article","og_title":"Optim'Alarm - Optimalog","og_description":"Optim'Alarm\u00a0est un\u00a0gestionnaire d'alarme centralis\u00e9\u00a0qui permet de surveiller des valeurs ou expressions provenant de postes OPTIMA PLC ou de\u00a0serveurs OPC\u00a0du march\u00e9. Les alarmes sont affich\u00e9es par ordre de\u00a0priorit\u00e9\u00a0et sont class\u00e9es par groupes. L'op\u00e9rateur peut acquitter les alarmes si il dispose des droits correspondants. Toutes les donn\u00e9es centralis\u00e9es par Optim'Alarm sont accessibles depuis l'Atelier de supervision\u00a0Optima VIEW\u00a0gr\u00e2ce [&hellip;]","og_url":"https:\/\/www.optimalog.com\/en\/produits\/logiciels-dautomatisme\/optimalarm\/","og_site_name":"Optimalog","article_modified_time":"2022-08-11T08:09:32+00:00","og_image":[{"url":"https:\/\/www.optimalog.com\/wp-content\/uploads\/images\/OPTIMALARMPRINCIP.jpg","type":"","width":"","height":""}],"twitter_card":"summary_large_image","twitter_site":"@OptimalogCom","twitter_misc":{"Estimated reading time":"1 minute"},"schema":{"@context":"https:\/\/schema.org","@graph":[{"@type":"WebPage","@id":"https:\/\/www.optimalog.com\/produits\/logiciels-dautomatisme\/optimalarm","url":"https:\/\/www.optimalog.com\/produits\/logiciels-dautomatisme\/optimalarm","name":"Optim'Alarm - Optimalog","isPartOf":{"@id":"https:\/\/www.optimalog.com\/#website"},"primaryImageOfPage":{"@id":"https:\/\/www.optimalog.com\/produits\/logiciels-dautomatisme\/optimalarm#primaryimage"},"image":{"@id":"https:\/\/www.optimalog.com\/produits\/logiciels-dautomatisme\/optimalarm#primaryimage"},"thumbnailUrl":"https:\/\/www.optimalog.com\/wp-content\/uploads\/images\/OPTIMALARMPRINCIP.jpg","datePublished":"2022-08-08T09:19:43+00:00","dateModified":"2022-08-11T08:09:32+00:00","breadcrumb":{"@id":"https:\/\/www.optimalog.com\/produits\/logiciels-dautomatisme\/optimalarm#breadcrumb"},"inLanguage":"en-GB","potentialAction":[{"@type":"ReadAction","target":["https:\/\/www.optimalog.com\/produits\/logiciels-dautomatisme\/optimalarm"]}]},{"@type":"ImageObject","inLanguage":"en-GB","@id":"https:\/\/www.optimalog.com\/produits\/logiciels-dautomatisme\/optimalarm#primaryimage","url":"https:\/\/www.optimalog.com\/wp-content\/uploads\/images\/OPTIMALARMPRINCIP.jpg","contentUrl":"https:\/\/www.optimalog.com\/wp-content\/uploads\/images\/OPTIMALARMPRINCIP.jpg"},{"@type":"BreadcrumbList","@id":"https:\/\/www.optimalog.com\/produits\/logiciels-dautomatisme\/optimalarm#breadcrumb","itemListElement":[{"@type":"ListItem","position":1,"name":"Accueil","item":"https:\/\/www.optimalog.com\/"},{"@type":"ListItem","position":2,"name":"Produits","item":"https:\/\/www.optimalog.com\/produits"},{"@type":"ListItem","position":3,"name":"Logiciels d&#8217;automatisme","item":"https:\/\/www.optimalog.com\/produits\/logiciels-dautomatisme"},{"@type":"ListItem","position":4,"name":"Optim&#8217;Alarm"}]},{"@type":"WebSite","@id":"https:\/\/www.optimalog.com\/#website","url":"https:\/\/www.optimalog.com\/","name":"Optimalog","description":"Your architect in automation","publisher":{"@id":"https:\/\/www.optimalog.com\/#organization"},"potentialAction":[{"@type":"SearchAction","target":{"@type":"EntryPoint","urlTemplate":"https:\/\/www.optimalog.com\/?s={search_term_string}"},"query-input":{"@type":"PropertyValueSpecification","valueRequired":true,"valueName":"search_term_string"}}],"inLanguage":"en-GB"},{"@type":"Organization","@id":"https:\/\/www.optimalog.com\/#organization","name":"Optimalog","url":"https:\/\/www.optimalog.com\/","logo":{"@type":"ImageObject","inLanguage":"en-GB","@id":"https:\/\/www.optimalog.com\/#\/schema\/logo\/image\/","url":"https:\/\/www.optimalog.com\/wp-content\/uploads\/2022\/07\/Logo-Optimalog-petit-format.png","contentUrl":"https:\/\/www.optimalog.com\/wp-content\/uploads\/2022\/07\/Logo-Optimalog-petit-format.png","width":160,"height":74,"caption":"Optimalog"},"image":{"@id":"https:\/\/www.optimalog.com\/#\/schema\/logo\/image\/"},"sameAs":["https:\/\/x.com\/OptimalogCom"]}]}},"_links":{"self":[{"href":"https:\/\/www.optimalog.com\/en\/wp-json\/wp\/v2\/pages\/792","targetHints":{"allow":["GET"]}}],"collection":[{"href":"https:\/\/www.optimalog.com\/en\/wp-json\/wp\/v2\/pages"}],"about":[{"href":"https:\/\/www.optimalog.com\/en\/wp-json\/wp\/v2\/types\/page"}],"author":[{"embeddable":true,"href":"https:\/\/www.optimalog.com\/en\/wp-json\/wp\/v2\/users\/1"}],"replies":[{"embeddable":true,"href":"https:\/\/www.optimalog.com\/en\/wp-json\/wp\/v2\/comments?post=792"}],"version-history":[{"count":7,"href":"https:\/\/www.optimalog.com\/en\/wp-json\/wp\/v2\/pages\/792\/revisions"}],"predecessor-version":[{"id":1287,"href":"https:\/\/www.optimalog.com\/en\/wp-json\/wp\/v2\/pages\/792\/revisions\/1287"}],"up":[{"embeddable":true,"href":"https:\/\/www.optimalog.com\/en\/wp-json\/wp\/v2\/pages\/538"}],"wp:attachment":[{"href":"https:\/\/www.optimalog.com\/en\/wp-json\/wp\/v2\/media?parent=792"}],"curies":[{"name":"wp","href":"https:\/\/api.w.org\/{rel}","templated":true}]}}