{"id":680,"date":"2022-08-05T18:13:17","date_gmt":"2022-08-05T16:13:17","guid":{"rendered":"http:\/\/s169997260.onlinehome.fr\/?page_id=680"},"modified":"2022-08-15T19:32:18","modified_gmt":"2022-08-15T17:32:18","slug":"phenopsis","status":"publish","type":"page","link":"https:\/\/www.optimalog.com\/en\/produits\/phenopsis","title":{"rendered":"Phenopsis"},"content":{"rendered":"<div id=\"pl-gb680-69f46d280d762\"  class=\"panel-layout\" ><div id=\"pg-gb680-69f46d280d762-0\"  class=\"panel-grid panel-no-style\" ><div id=\"pgc-gb680-69f46d280d762-0-0\"  class=\"panel-grid-cell\" ><div id=\"panel-gb680-69f46d280d762-0-0-0\" class=\"so-panel widget_text panel-first-child panel-last-child\" data-index=\"0\" >\t\t\t<div class=\"textwidget\"><p class=\"translation-block\">The <strong>Phenopsis<\/strong> phenotyping automaton, intended for agronomic research, is an automated system for irrigation, image capture and storage, weighing and various controls of more than 500 potted plants individual.<\/p>\n<p>Ce syst\u00e8me \u00e9quipe d\u00e9j\u00e0 le laboratoire <a href=\"http:\/\/www1.montpellier.inra.fr\/ibip\/lepse\/\">LEPSE<\/a> (INRAe de Montpellier) en trois exemplaires, l&#8217;INRAe de Toulouse, et le laboratoire Bayer CropScience. <a href=\"http:\/\/bioweb.supagro.inra.fr\/phenopsis\/\">Un site est d\u00e9di\u00e9 aux r\u00e9sultats obtenus gr\u00e2ce \u00e0\u00a0<strong>Phenopsis<\/strong><\/a>.<\/p>\n<p class=\"translation-block\"><strong>Phenopsis<\/strong> is a mechanically very robust system, designed to operate for years in a humid environment.<\/p>\n<p class=\"translation-block\">For your needs in high throughput phenotyping, <strong>Optimalog<\/strong> offers you the supply of <strong>Phenopsis<\/strong> in standard version or with specific variants studied on specifications. The experience acquired since the installation of <strong>Phenopsis<\/strong> 1 (2003) makes <strong>Optimalog<\/strong> a specialist in the technical aspects of phenotyping and its automation, guaranteeing rapid installation of your equipment and the success of your project.<\/p>\n<p>The photo below shows one of the systems as a whole, before the doors of the climatic chamber were installed.<\/p>\n<p><img loading=\"lazy\" decoding=\"async\" class=\"alignnone wp-image-1367\" src=\"https:\/\/www.optimalog.com\/wp-content\/uploads\/images\/image_pheno-300x202.jpg\" alt=\"\" width=\"391\" height=\"263\" srcset=\"https:\/\/www.optimalog.com\/wp-content\/uploads\/images\/image_pheno-300x202.jpg 300w, https:\/\/www.optimalog.com\/wp-content\/uploads\/images\/image_pheno-272x182.jpg 272w, https:\/\/www.optimalog.com\/wp-content\/uploads\/images\/image_pheno.jpg 445w\" sizes=\"auto, (max-width: 391px) 100vw, 391px\" \/><\/p>\n<p><strong>Automated image capture with digital cameras<\/strong><\/p>\n<p>The shots are taken in visible light or in infrared light. Images are stored locally and can be automatically sent to a server.<\/p>\n<p><strong>Control of the evolution of each plant<\/strong><\/p>\n<p>A precision electronic balance weighs each pot at the frequency determined in the experiment. The collated results are stored locally and can be injected automatically in real time into an SQL database.<\/p>\n<p>Irrigation is carried out according to the weighing result in order to obtain precise dosages. It is possible to have one or more pumps, the selection of the pump is made individually for each pot.<\/p>\n<p><img loading=\"lazy\" decoding=\"async\" class=\"alignnone  wp-image-112\" src=\"https:\/\/www.optimalog.com\/wp-content\/uploads\/2022\/07\/image_pheno2.jpg\" alt=\"\" width=\"189\" height=\"257\" \/>\u00a0\u00a0<img loading=\"lazy\" decoding=\"async\" class=\"alignnone size-full wp-image-1544\" src=\"https:\/\/www.optimalog.com\/wp-content\/uploads\/images\/Irrigation.jpg\" alt=\"\" width=\"194\" height=\"258\" srcset=\"https:\/\/www.optimalog.com\/wp-content\/uploads\/images\/Irrigation.jpg 194w, https:\/\/www.optimalog.com\/wp-content\/uploads\/images\/Irrigation-9x12.jpg 9w\" sizes=\"auto, (max-width: 194px) 100vw, 194px\" \/>\u00a0 <img loading=\"lazy\" decoding=\"async\" class=\"alignnone  wp-image-849\" src=\"https:\/\/www.optimalog.com\/wp-content\/uploads\/images\/image_pheno3.jpg\" alt=\"\" width=\"275\" height=\"258\" \/><\/p>\n<p><img loading=\"lazy\" decoding=\"async\" class=\"alignnone wp-image-1545 size-medium\" src=\"https:\/\/www.optimalog.com\/wp-content\/uploads\/images\/Photos-300x137.jpg\" alt=\"\" width=\"300\" height=\"137\" srcset=\"https:\/\/www.optimalog.com\/wp-content\/uploads\/images\/Photos-300x137.jpg 300w, https:\/\/www.optimalog.com\/wp-content\/uploads\/images\/Photos-18x8.jpg 18w, https:\/\/www.optimalog.com\/wp-content\/uploads\/images\/Photos.jpg 383w\" sizes=\"auto, (max-width: 300px) 100vw, 300px\" \/><\/p>\n<p><strong>Control and supervision PC\u00a0<\/strong>:<\/p>\n<p class=\"translation-block\">The PLC is entirely managed by a standard PC, using the automation software <a href=\"https:\/\/www.optimalog.com\/en\/optima-plc-presentation\/\" target=\"_self\"><strong>Optima PLC <\/strong><\/a>.<\/p>\n<p>A user-friendly and intuitive interface makes it easy to define the parameters of the experiments and to follow their progress.<\/p>\n<p>The experimenter defines the times at which the cycles are launched. For each cycle, he can choose the actions to be performed: weighing, irrigation, visible or infrared photo taking. He can also define, for each pot, if it must be checked, the target weight (pot + plant), the irrigation pump to activate, etc.<\/p>\n<p>In the event of a hazard, the system informs the experimenter by sending an email or an SMS alert.<\/p>\n<p>External control of the system, via the Internet, can be easily set up, and allows monitoring of the experiments in progress from the experimenters' homes, as well as remote maintenance by Optimalog.<\/p>\n<p><strong>Features\u00a0<\/strong>:<\/p>\n<p>Standard dimensions (W x L x H): 1500 x 4600 x 2000 mm<\/p>\n<p class=\"translation-block\">Control and supervision: Industrial PC or Standard PC with Windows XP PRO or Vista operating system, and <strong>Optima PLC<\/strong> software.<\/p>\n<p>Standard power supply: single phase 230V 50Hz<\/p>\n<\/div>\n\t\t<\/div><\/div><\/div><\/div>\n\n<div\n\t\t\t\n\t\t\tclass=\"so-widget-sow-button so-widget-sow-button-flat-2681f8f58835\"\n\t\t\t\n\t\t><div class=\"ow-button-base ow-button-align-center\"\n>\n\t\t\t<a\n\t\t\t\t\thref=\"https:\/\/www.optimalog.com\/wp-content\/uploads\/docs\/Phenopsis.pdf\"\n\t\t\t\t\tclass=\"sowb-button ow-icon-placement-left ow-button-hover\" download=\"\" \t>\n\t\t<span>\n\t\t\t<span class=\"sow-icon-fontawesome sow-far\" data-sow-icon=\"&#xf1c1;\"\n\t\tstyle=\"\" \n\t\taria-hidden=\"true\"><\/span>\n\t\t\tPresentation brochure\t\t<\/span>\n\t\t\t<\/a>\n\t<\/div>\n<\/div>","protected":false},"excerpt":{"rendered":"<p>L&#8217;automate de ph\u00e9notypage\u00a0Phenopsis, destin\u00e9 \u00e0 la recherche agronomique, est un syst\u00e8me automatis\u00e9 d&#8217;irrigation, de prise et de stockage d&#8217;image, de pesage et de contr\u00f4les divers de plus de 500 plantes en pot individuel. Ce syst\u00e8me \u00e9quipe d\u00e9j\u00e0 le laboratoire LEPSE (INRAe de Montpellier) en trois exemplaires, l&#8217;INRAe de Toulouse, et le laboratoire Bayer CropScience. Un [&hellip;]<\/p>\n","protected":false},"author":1,"featured_media":0,"parent":144,"menu_order":2,"comment_status":"closed","ping_status":"closed","template":"","meta":{"site-sidebar-layout":"default","site-content-layout":"default","ast-site-content-layout":"","site-content-style":"default","site-sidebar-style":"default","ast-global-header-display":"","ast-banner-title-visibility":"","ast-main-header-display":"","ast-hfb-above-header-display":"","ast-hfb-below-header-display":"","ast-hfb-mobile-header-display":"","site-post-title":"","ast-breadcrumbs-content":"","ast-featured-img":"","footer-sml-layout":"","theme-transparent-header-meta":"default","adv-header-id-meta":"","stick-header-meta":"","header-above-stick-meta":"","header-main-stick-meta":"","header-below-stick-meta":"","astra-migrate-meta-layouts":"default","ast-page-background-enabled":"default","ast-page-background-meta":{"desktop":{"background-color":"var(--ast-global-color-4)","background-image":"","background-repeat":"repeat","background-position":"center center","background-size":"auto","background-attachment":"scroll","background-type":"","background-media":"","overlay-type":"","overlay-color":"","overlay-gradient":""},"tablet":{"background-color":"","background-image":"","background-repeat":"repeat","background-position":"center center","background-size":"auto","background-attachment":"scroll","background-type":"","background-media":"","overlay-type":"","overlay-color":"","overlay-gradient":""},"mobile":{"background-color":"","background-image":"","background-repeat":"repeat","background-position":"center center","background-size":"auto","background-attachment":"scroll","background-type":"","background-media":"","overlay-type":"","overlay-color":"","overlay-gradient":""}},"ast-content-background-meta":{"desktop":{"background-color":"var(--ast-global-color-5)","background-image":"","background-repeat":"repeat","background-position":"center center","background-size":"auto","background-attachment":"scroll","background-type":"","background-media":"","overlay-type":"","overlay-color":"","overlay-gradient":""},"tablet":{"background-color":"var(--ast-global-color-5)","background-image":"","background-repeat":"repeat","background-position":"center center","background-size":"auto","background-attachment":"scroll","background-type":"","background-media":"","overlay-type":"","overlay-color":"","overlay-gradient":""},"mobile":{"background-color":"var(--ast-global-color-5)","background-image":"","background-repeat":"repeat","background-position":"center center","background-size":"auto","background-attachment":"scroll","background-type":"","background-media":"","overlay-type":"","overlay-color":"","overlay-gradient":""}},"footnotes":""},"class_list":["post-680","page","type-page","status-publish","hentry"],"yoast_head":"<!-- This site is optimized with the Yoast SEO plugin v27.5 - https:\/\/yoast.com\/product\/yoast-seo-wordpress\/ -->\n<title>Phenopsis - Optimalog<\/title>\n<meta name=\"robots\" content=\"index, follow, max-snippet:-1, max-image-preview:large, max-video-preview:-1\" \/>\n<link rel=\"canonical\" href=\"https:\/\/www.optimalog.com\/en\/produits\/phenopsis\/\" \/>\n<meta property=\"og:locale\" content=\"en_GB\" \/>\n<meta property=\"og:type\" content=\"article\" \/>\n<meta property=\"og:title\" content=\"Phenopsis - Optimalog\" \/>\n<meta property=\"og:description\" content=\"L&#039;automate de ph\u00e9notypage\u00a0Phenopsis, destin\u00e9 \u00e0 la recherche agronomique, est un syst\u00e8me automatis\u00e9 d&#039;irrigation, de prise et de stockage d&#039;image, de pesage et de contr\u00f4les divers de plus de 500 plantes en pot individuel. Ce syst\u00e8me \u00e9quipe d\u00e9j\u00e0 le laboratoire LEPSE (INRAe de Montpellier) en trois exemplaires, l&#039;INRAe de Toulouse, et le laboratoire Bayer CropScience. Un [&hellip;]\" \/>\n<meta property=\"og:url\" content=\"https:\/\/www.optimalog.com\/en\/produits\/phenopsis\/\" \/>\n<meta property=\"og:site_name\" content=\"Optimalog\" \/>\n<meta property=\"article:modified_time\" content=\"2022-08-15T17:32:18+00:00\" \/>\n<meta property=\"og:image\" content=\"https:\/\/www.optimalog.com\/wp-content\/uploads\/images\/image_pheno-300x202.jpg\" \/>\n<meta name=\"twitter:card\" content=\"summary_large_image\" \/>\n<meta name=\"twitter:site\" content=\"@OptimalogCom\" \/>\n<meta name=\"twitter:label1\" content=\"Estimated reading time\" \/>\n\t<meta name=\"twitter:data1\" content=\"3 minutes\" \/>\n<script type=\"application\/ld+json\" class=\"yoast-schema-graph\">{\"@context\":\"https:\\\/\\\/schema.org\",\"@graph\":[{\"@type\":\"WebPage\",\"@id\":\"https:\\\/\\\/www.optimalog.com\\\/produits\\\/phenopsis\",\"url\":\"https:\\\/\\\/www.optimalog.com\\\/produits\\\/phenopsis\",\"name\":\"Phenopsis - Optimalog\",\"isPartOf\":{\"@id\":\"https:\\\/\\\/www.optimalog.com\\\/#website\"},\"primaryImageOfPage\":{\"@id\":\"https:\\\/\\\/www.optimalog.com\\\/produits\\\/phenopsis#primaryimage\"},\"image\":{\"@id\":\"https:\\\/\\\/www.optimalog.com\\\/produits\\\/phenopsis#primaryimage\"},\"thumbnailUrl\":\"https:\\\/\\\/www.optimalog.com\\\/wp-content\\\/uploads\\\/images\\\/image_pheno-300x202.jpg\",\"datePublished\":\"2022-08-05T16:13:17+00:00\",\"dateModified\":\"2022-08-15T17:32:18+00:00\",\"breadcrumb\":{\"@id\":\"https:\\\/\\\/www.optimalog.com\\\/produits\\\/phenopsis#breadcrumb\"},\"inLanguage\":\"en-GB\",\"potentialAction\":[{\"@type\":\"ReadAction\",\"target\":[\"https:\\\/\\\/www.optimalog.com\\\/produits\\\/phenopsis\"]}]},{\"@type\":\"ImageObject\",\"inLanguage\":\"en-GB\",\"@id\":\"https:\\\/\\\/www.optimalog.com\\\/produits\\\/phenopsis#primaryimage\",\"url\":\"https:\\\/\\\/www.optimalog.com\\\/wp-content\\\/uploads\\\/images\\\/image_pheno-300x202.jpg\",\"contentUrl\":\"https:\\\/\\\/www.optimalog.com\\\/wp-content\\\/uploads\\\/images\\\/image_pheno-300x202.jpg\"},{\"@type\":\"BreadcrumbList\",\"@id\":\"https:\\\/\\\/www.optimalog.com\\\/produits\\\/phenopsis#breadcrumb\",\"itemListElement\":[{\"@type\":\"ListItem\",\"position\":1,\"name\":\"Accueil\",\"item\":\"https:\\\/\\\/www.optimalog.com\\\/\"},{\"@type\":\"ListItem\",\"position\":2,\"name\":\"Produits\",\"item\":\"https:\\\/\\\/www.optimalog.com\\\/produits\"},{\"@type\":\"ListItem\",\"position\":3,\"name\":\"Phenopsis\"}]},{\"@type\":\"WebSite\",\"@id\":\"https:\\\/\\\/www.optimalog.com\\\/#website\",\"url\":\"https:\\\/\\\/www.optimalog.com\\\/\",\"name\":\"Optimalog\",\"description\":\"Votre architecte en automation\",\"publisher\":{\"@id\":\"https:\\\/\\\/www.optimalog.com\\\/#organization\"},\"potentialAction\":[{\"@type\":\"SearchAction\",\"target\":{\"@type\":\"EntryPoint\",\"urlTemplate\":\"https:\\\/\\\/www.optimalog.com\\\/?s={search_term_string}\"},\"query-input\":{\"@type\":\"PropertyValueSpecification\",\"valueRequired\":true,\"valueName\":\"search_term_string\"}}],\"inLanguage\":\"en-GB\"},{\"@type\":\"Organization\",\"@id\":\"https:\\\/\\\/www.optimalog.com\\\/#organization\",\"name\":\"Optimalog\",\"url\":\"https:\\\/\\\/www.optimalog.com\\\/\",\"logo\":{\"@type\":\"ImageObject\",\"inLanguage\":\"en-GB\",\"@id\":\"https:\\\/\\\/www.optimalog.com\\\/#\\\/schema\\\/logo\\\/image\\\/\",\"url\":\"https:\\\/\\\/www.optimalog.com\\\/wp-content\\\/uploads\\\/2022\\\/07\\\/Logo-Optimalog-petit-format.png\",\"contentUrl\":\"https:\\\/\\\/www.optimalog.com\\\/wp-content\\\/uploads\\\/2022\\\/07\\\/Logo-Optimalog-petit-format.png\",\"width\":160,\"height\":74,\"caption\":\"Optimalog\"},\"image\":{\"@id\":\"https:\\\/\\\/www.optimalog.com\\\/#\\\/schema\\\/logo\\\/image\\\/\"},\"sameAs\":[\"https:\\\/\\\/x.com\\\/OptimalogCom\"]}]}<\/script>\n<!-- \/ Yoast SEO plugin. -->","yoast_head_json":{"title":"Phenopsis - Optimalog","robots":{"index":"index","follow":"follow","max-snippet":"max-snippet:-1","max-image-preview":"max-image-preview:large","max-video-preview":"max-video-preview:-1"},"canonical":"https:\/\/www.optimalog.com\/en\/produits\/phenopsis\/","og_locale":"en_GB","og_type":"article","og_title":"Phenopsis - Optimalog","og_description":"L'automate de ph\u00e9notypage\u00a0Phenopsis, destin\u00e9 \u00e0 la recherche agronomique, est un syst\u00e8me automatis\u00e9 d'irrigation, de prise et de stockage d'image, de pesage et de contr\u00f4les divers de plus de 500 plantes en pot individuel. Ce syst\u00e8me \u00e9quipe d\u00e9j\u00e0 le laboratoire LEPSE (INRAe de Montpellier) en trois exemplaires, l'INRAe de Toulouse, et le laboratoire Bayer CropScience. Un [&hellip;]","og_url":"https:\/\/www.optimalog.com\/en\/produits\/phenopsis\/","og_site_name":"Optimalog","article_modified_time":"2022-08-15T17:32:18+00:00","og_image":[{"url":"https:\/\/www.optimalog.com\/wp-content\/uploads\/images\/image_pheno-300x202.jpg","type":"","width":"","height":""}],"twitter_card":"summary_large_image","twitter_site":"@OptimalogCom","twitter_misc":{"Estimated reading time":"3 minutes"},"schema":{"@context":"https:\/\/schema.org","@graph":[{"@type":"WebPage","@id":"https:\/\/www.optimalog.com\/produits\/phenopsis","url":"https:\/\/www.optimalog.com\/produits\/phenopsis","name":"Phenopsis - Optimalog","isPartOf":{"@id":"https:\/\/www.optimalog.com\/#website"},"primaryImageOfPage":{"@id":"https:\/\/www.optimalog.com\/produits\/phenopsis#primaryimage"},"image":{"@id":"https:\/\/www.optimalog.com\/produits\/phenopsis#primaryimage"},"thumbnailUrl":"https:\/\/www.optimalog.com\/wp-content\/uploads\/images\/image_pheno-300x202.jpg","datePublished":"2022-08-05T16:13:17+00:00","dateModified":"2022-08-15T17:32:18+00:00","breadcrumb":{"@id":"https:\/\/www.optimalog.com\/produits\/phenopsis#breadcrumb"},"inLanguage":"en-GB","potentialAction":[{"@type":"ReadAction","target":["https:\/\/www.optimalog.com\/produits\/phenopsis"]}]},{"@type":"ImageObject","inLanguage":"en-GB","@id":"https:\/\/www.optimalog.com\/produits\/phenopsis#primaryimage","url":"https:\/\/www.optimalog.com\/wp-content\/uploads\/images\/image_pheno-300x202.jpg","contentUrl":"https:\/\/www.optimalog.com\/wp-content\/uploads\/images\/image_pheno-300x202.jpg"},{"@type":"BreadcrumbList","@id":"https:\/\/www.optimalog.com\/produits\/phenopsis#breadcrumb","itemListElement":[{"@type":"ListItem","position":1,"name":"Accueil","item":"https:\/\/www.optimalog.com\/"},{"@type":"ListItem","position":2,"name":"Produits","item":"https:\/\/www.optimalog.com\/produits"},{"@type":"ListItem","position":3,"name":"Phenopsis"}]},{"@type":"WebSite","@id":"https:\/\/www.optimalog.com\/#website","url":"https:\/\/www.optimalog.com\/","name":"Optimalog","description":"Your architect in automation","publisher":{"@id":"https:\/\/www.optimalog.com\/#organization"},"potentialAction":[{"@type":"SearchAction","target":{"@type":"EntryPoint","urlTemplate":"https:\/\/www.optimalog.com\/?s={search_term_string}"},"query-input":{"@type":"PropertyValueSpecification","valueRequired":true,"valueName":"search_term_string"}}],"inLanguage":"en-GB"},{"@type":"Organization","@id":"https:\/\/www.optimalog.com\/#organization","name":"Optimalog","url":"https:\/\/www.optimalog.com\/","logo":{"@type":"ImageObject","inLanguage":"en-GB","@id":"https:\/\/www.optimalog.com\/#\/schema\/logo\/image\/","url":"https:\/\/www.optimalog.com\/wp-content\/uploads\/2022\/07\/Logo-Optimalog-petit-format.png","contentUrl":"https:\/\/www.optimalog.com\/wp-content\/uploads\/2022\/07\/Logo-Optimalog-petit-format.png","width":160,"height":74,"caption":"Optimalog"},"image":{"@id":"https:\/\/www.optimalog.com\/#\/schema\/logo\/image\/"},"sameAs":["https:\/\/x.com\/OptimalogCom"]}]}},"_links":{"self":[{"href":"https:\/\/www.optimalog.com\/en\/wp-json\/wp\/v2\/pages\/680","targetHints":{"allow":["GET"]}}],"collection":[{"href":"https:\/\/www.optimalog.com\/en\/wp-json\/wp\/v2\/pages"}],"about":[{"href":"https:\/\/www.optimalog.com\/en\/wp-json\/wp\/v2\/types\/page"}],"author":[{"embeddable":true,"href":"https:\/\/www.optimalog.com\/en\/wp-json\/wp\/v2\/users\/1"}],"replies":[{"embeddable":true,"href":"https:\/\/www.optimalog.com\/en\/wp-json\/wp\/v2\/comments?post=680"}],"version-history":[{"count":15,"href":"https:\/\/www.optimalog.com\/en\/wp-json\/wp\/v2\/pages\/680\/revisions"}],"predecessor-version":[{"id":1863,"href":"https:\/\/www.optimalog.com\/en\/wp-json\/wp\/v2\/pages\/680\/revisions\/1863"}],"up":[{"embeddable":true,"href":"https:\/\/www.optimalog.com\/en\/wp-json\/wp\/v2\/pages\/144"}],"wp:attachment":[{"href":"https:\/\/www.optimalog.com\/en\/wp-json\/wp\/v2\/media?parent=680"}],"curies":[{"name":"wp","href":"https:\/\/api.w.org\/{rel}","templated":true}]}}