{"id":628,"date":"2022-08-05T16:22:52","date_gmt":"2022-08-05T14:22:52","guid":{"rendered":"http:\/\/s169997260.onlinehome.fr\/?page_id=628"},"modified":"2023-08-10T11:22:33","modified_gmt":"2023-08-10T09:22:33","slug":"contact","status":"publish","type":"page","link":"https:\/\/www.optimalog.com\/en\/contact","title":{"rendered":"Contact"},"content":{"rendered":"<div id=\"pl-628\"  class=\"panel-layout\" ><div id=\"pg-628-0\"  class=\"panel-grid panel-no-style\" ><div id=\"pgc-628-0-0\"  class=\"panel-grid-cell\" ><div id=\"panel-628-0-0-0\" class=\"so-panel widget_text panel-first-child panel-last-child\" data-index=\"0\" >\t\t\t<div class=\"textwidget\"><p class=\"translation-block\"><strong>Postal address<\/strong><br>\nOptimalog<br>\n2 rue de la Fontaine de Mi\u00e9<br>\nF-37540 Saint Cyr sur Loire<br>\nFRANCE<\/p>\n<p><strong>Phone<\/strong><br \/>\n+33 (0)2 47 54 95 77<\/p>\n<p><a href=\"mailto:contact@optimalog.com\"><strong>Nous contacter par email<\/strong><\/a><\/p>\n<p>&nbsp;<\/p>\n<p>To contact us you can fill in the form below, we will be happy to answer you, or call you back, as soon as possible.<\/p>\n<\/div>\n\t\t<\/div><\/div><div id=\"pgc-628-0-1\"  class=\"panel-grid-cell\" ><div id=\"panel-628-0-1-0\" class=\"so-panel widget_sow-google-map panel-first-child panel-last-child\" data-index=\"1\" ><div\n\t\t\t\n\t\t\tclass=\"so-widget-sow-google-map so-widget-sow-google-map-default-6b23895f316e-628\"\n\t\t\t\n\t\t>\n<div class=\"sow-google-map-canvas\"\n\tstyle=\"\"\n\tid=\"map-canvas-0fc6c72c86bf6ccd00474290b9c44ae2\"\n\tdata-options=\"{&quot;address&quot;:&quot;47.43009370000001, 0.6674758&quot;,&quot;zoom&quot;:12,&quot;mobileZoom&quot;:12,&quot;gestureHandling&quot;:&quot;greedy&quot;,&quot;disableUi&quot;:false,&quot;markerIcon&quot;:false,&quot;markersDraggable&quot;:false,&quot;markerAtCenter&quot;:true,&quot;markerInfoDisplay&quot;:&quot;click&quot;,&quot;markerInfoMultiple&quot;:true,&quot;markerPositions&quot;:false,&quot;mapName&quot;:false,&quot;mapStyles&quot;:false,&quot;directions&quot;:&quot;&quot;,&quot;apiKey&quot;:&quot;AIzaSyAXASog2u0yafM5ankDm9YqmWIGNALyMYU&quot;,&quot;breakpoint&quot;:780,&quot;id&quot;:&quot;69f3c2&quot;}\"\n\tdata-fallback-image=\"{&quot;img&quot;:&quot;&quot;}\"><\/div>\n<\/div><\/div><\/div><\/div><div id=\"pg-628-1\"  class=\"panel-grid panel-no-style\" ><div id=\"pgc-628-1-0\"  class=\"panel-grid-cell\" ><div id=\"panel-628-1-0-0\" class=\"so-panel widget_sow-contact-form panel-first-child panel-last-child\" data-index=\"2\" ><div\n\t\t\t\n\t\t\tclass=\"so-widget-sow-contact-form so-widget-sow-contact-form-default-1dceae4ce411-628\"\n\t\t\t\n\t\t>\t<form\n\t\taction=\"\/en\/wp-json\/wp\/v2\/pages\/628\"\n\t\tmethod=\"POST\"\n\t\tclass=\"sow-contact-form\"\n\t\tid=\"contact-form-0389\" data-trp-original-action=\"\/en\/wp-json\/wp\/v2\/pages\/628\"\n\t>\n\n\t\t\n\t\t            <p><em>Fields marked with * are mandatory<\/em><\/p>\n\t\t\t\t\t\t<div class=\"sow-form-field sow-form-field-name\">\n\t\t\t\t<label class=\"sow-form-field-label-above\" for=\"sow-contact-form-field-votre-nom-1\">\n\t\t\t\t<strong>\n\t\t\t\t\tYour name\t\t\t\t\t\t\t\t\t\t\t<span class=\"sow-form-field-required\">*<\/span>\n\t\t\t\t\t\t\t\t\t<\/strong>\n\t\t\t<\/label>\n\t\t\t\t\t\t\t<div class=\"sow-field-container\">\n\t\t\t\t\t\t\t<input\n\t\t\ttype=\"text\"\n\t\t\tname=\"votre-nom-1\"\n\t\t\tid=\"sow-contact-form-field-votre-nom-1\"\n\t\t\tvalue=\"\"\n\t\t\tclass=\"sow-text-field\"\n\t\t\t\t\t\t\t\t\/>\n\t\t\t\t\t\t<\/div>\n\t\t\t\t\t\t\t<\/div>\n\t\t\t\t\t\t<div class=\"sow-form-field sow-form-field-text\">\n\t\t\t\t<label class=\"sow-form-field-label-above\" for=\"sow-contact-form-field-votre-societe-1\">\n\t\t\t\t<strong>\n\t\t\t\t\tYour company\t\t\t\t\t\t\t\t\t\t\t<span class=\"sow-form-field-required\">*<\/span>\n\t\t\t\t\t\t\t\t\t<\/strong>\n\t\t\t<\/label>\n\t\t\t\t\t\t\t<div class=\"sow-field-container\">\n\t\t\t\t\t\t\t<input\n\t\t\ttype=\"text\"\n\t\t\tname=\"votre-societe-1\"\n\t\t\tid=\"sow-contact-form-field-votre-societe-1\"\n\t\t\tvalue=\"\"\n\t\t\tclass=\"sow-text-field\"\t\t\t\t\t\t\t\t\/>\n\t\t\t\t\t\t<\/div>\n\t\t\t\t\t\t\t<\/div>\n\t\t\t\t\t\t<div class=\"sow-form-field sow-form-field-email\">\n\t\t\t\t<label class=\"sow-form-field-label-above\" for=\"sow-contact-form-field-votre-adresse-de-messagerie-1\">\n\t\t\t\t<strong>\n\t\t\t\t\tYour email address\t\t\t\t\t\t\t\t\t\t\t<span class=\"sow-form-field-required\">*<\/span>\n\t\t\t\t\t\t\t\t\t<\/strong>\n\t\t\t<\/label>\n\t\t\t\t\t\t\t<div class=\"sow-field-container\">\n\t\t\t\t\t\t\t<input\n\t\t\ttype=\"email\"\n\t\t\tname=\"votre-adresse-de-messagerie-1\"\n\t\t\tid=\"sow-contact-form-field-votre-adresse-de-messagerie-1\"\n\t\t\tvalue=\"\"\n\t\t\tclass=\"sow-text-field\"\t\t\t\t\t\t\t\t\/>\n\t\t\t\t\t\t<\/div>\n\t\t\t\t\t\t\t<\/div>\n\t\t\t\t\t\t<div class=\"sow-form-field sow-form-field-tel\">\n\t\t\t\t<label class=\"sow-form-field-label-above\" for=\"sow-contact-form-field-votre-telephone-1\">\n\t\t\t\t<strong>\n\t\t\t\t\tYour phone number\t\t\t\t\t\t\t\t\t<\/strong>\n\t\t\t<\/label>\n\t\t\t\t\t\t\t<div class=\"sow-field-container\">\n\t\t\t\t\t\t\t<input\n\t\t\ttype=\"tel\"\n\t\t\tname=\"votre-telephone-1\"\n\t\t\tid=\"sow-contact-form-field-votre-telephone-1\"\n\t\t\tvalue=\"\"\n\t\t\tclass=\"sow-text-field\"\t\t\t\t\t\t\t\t\/>\n\t\t\t\t\t\t<\/div>\n\t\t\t\t\t\t\t<\/div>\n\t\t\t\t\t\t<div class=\"sow-form-field sow-form-field-radio\">\n\t\t\t\t<label class=\"sow-form-field-label-above\" for=\"sow-contact-form-field-urgence-1\">\n\t\t\t\t<strong>\n\t\t\t\t\tEmergency\t\t\t\t\t\t\t\t\t\t\t<span class=\"sow-form-field-required\">*<\/span>\n\t\t\t\t\t\t\t\t\t<\/strong>\n\t\t\t<\/label>\n\t\t\t\t\t\t\t<div class=\"sow-field-container\">\n\t\t\t\t\t\t\t\t<ul>\n\t\t\t\t\t\t\t\t\t<li>\n\t\t\t\t\t\t<label>\n\t\t\t\t\t\t\t<input\n\t\t\t\t\t\t\t\ttype=\"radio\"\n\t\t\t\t\t\t\t\tvalue=\"Peu urgent\"\n\t\t\t\t\t\t\t\tname=\"urgence-1\"\n\t\t\t\t\t\t\t\tid=\"sow-contact-form-field-urgence-1-0\"\n\t\t\t\t\t\t\t\t\t\t\t\t\t\t\t\t\t\t\t\t\t\t\t\/>\n\t\t\t\t\t\t\tNot urgent\t\t\t\t\t\t<\/label>\n\t\t\t\t\t<\/li>\n\t\t\t\t\t\t\t\t\t<li>\n\t\t\t\t\t\t<label>\n\t\t\t\t\t\t\t<input\n\t\t\t\t\t\t\t\ttype=\"radio\"\n\t\t\t\t\t\t\t\tvalue=\"Urgent\"\n\t\t\t\t\t\t\t\tname=\"urgence-1\"\n\t\t\t\t\t\t\t\tid=\"sow-contact-form-field-urgence-1-1\"\n\t\t\t\t\t\t\t\t\t\t\t\t\t\t\t\t\t\t\t\t\t\t\t\/>\n\t\t\t\t\t\t\tUrgent\t\t\t\t\t\t<\/label>\n\t\t\t\t\t<\/li>\n\t\t\t\t\t\t\t<\/ul>\n\t\t\t\t\t\t<\/div>\n\t\t\t\t\t\t\t<\/div>\n\t\t\t\t\t\t<div class=\"sow-form-field sow-form-field-subject\">\n\t\t\t\t<label class=\"sow-form-field-label-above\" for=\"sow-contact-form-field-sujet-1\">\n\t\t\t\t<strong>\n\t\t\t\t\tSubject\t\t\t\t\t\t\t\t\t\t\t<span class=\"sow-form-field-required\">*<\/span>\n\t\t\t\t\t\t\t\t\t<\/strong>\n\t\t\t<\/label>\n\t\t\t\t\t\t\t<div class=\"sow-field-container\">\n\t\t\t\t\t\t\t<input\n\t\t\ttype=\"text\"\n\t\t\tname=\"sujet-1\"\n\t\t\tid=\"sow-contact-form-field-sujet-1\"\n\t\t\tvalue=\"\"\n\t\t\tclass=\"sow-text-field\"\n\t\t\t\t\t\t\t\t\/>\n\t\t\t\t\t\t<\/div>\n\t\t\t\t\t\t\t<\/div>\n\t\t\t\t\t\t<div class=\"sow-form-field sow-form-field-textarea\">\n\t\t\t\t<label class=\"sow-form-field-label-above\" for=\"sow-contact-form-field-message-1\">\n\t\t\t\t<strong>\n\t\t\t\t\tMessage\t\t\t\t\t\t\t\t\t\t\t<span class=\"sow-form-field-required\">*<\/span>\n\t\t\t\t\t\t\t\t\t<\/strong>\n\t\t\t<\/label>\n\t\t\t\t\t\t\t<div class=\"sow-field-container\">\n\t\t\t\t\t\t\t<textarea\n\t\t\tname=\"message-1\"\n\t\t\tid=\"sow-contact-form-field-message-1\"\n\t\t\trows=\"10\"\n\t\t\t\t\t\t\t\t><\/textarea>\n\t\t\t\t\t\t<\/div>\n\t\t\t\t\t\t\t<\/div>\n\t\t\t\t\t\t<input\n\t\t\t\ttype=\"text\"\n\t\t\t\tname=\"sow-name\"\n\t\t\t\tclass=\"sow-text-field\"\n\t\t\t\tstyle=\"display: none !important; visibility: hidden !important;\"\n\t\t\t\tautocomplete=\"off\"\n\t\t\t\taria-hidden=\"true\"\n\t\t\t>\n\t\t\n\t\t\t\t\t<div class=\"sow-recaptcha\"\n\t\t\t\t\t\t\t><\/div>\n\t\t\t\n\t\t<div class=\"sow-submit-wrapper \t\tsow-submit-styled\">\n\n\t\t\t<button\n\t\t\t\ttype=\"submit\"\n\t\t\t\tclass=\"sow-submit\t\t\t\t g-recaptcha\"\n\t\t\t\tdata-sitekey=\"6Lc3fZUnAAAAABz19P7cnTuCcsbaFORWuGXFfqim\" data-callback=\"soContactFormSubmit\" data-action=\"submit\" \t\t\t>\n\t\t\t\tContact us\t\t\t<\/button>\n\t\t<\/div>\n\t\t\t\t<input\n\t\t\ttype=\"hidden\"\n\t\t\tname=\"instance_hash-1\"\n\t\t\tvalue=\"0389c2f2\"\n\t\t\/>\n\n\t\t<input type=\"hidden\" id=\"_wpnonce\" name=\"_wpnonce\" value=\"975b4e5db4\" \/><input type=\"hidden\" name=\"_wp_http_referer\" value=\"\/en\/wp-json\/wp\/v2\/pages\/628\" \/>\t<input type=\"hidden\" name=\"trp-form-language\" value=\"en\"\/><\/form>\n\t<\/div><\/div><\/div><\/div><\/div>","protected":false},"excerpt":{"rendered":"<p>Coordonn\u00e9es postales Optimalog 2 rue de la Fontaine de Mi\u00e9 F-37540 Saint Cyr sur Loire FRANCE T\u00e9l\u00e9phone +33 (0)2 47 54 95 77 Nous contacter par email &nbsp; Pour nous contacter vous pouvez remplir le formulaire ci-dessous, nous nous ferons un plaisir de vous r\u00e9pondre, ou de vous rappeler, dans les meilleurs d\u00e9lais possibles.<\/p>","protected":false},"author":1,"featured_media":0,"parent":0,"menu_order":5,"comment_status":"closed","ping_status":"closed","template":"","meta":{"site-sidebar-layout":"default","site-content-layout":"default","ast-site-content-layout":"","site-content-style":"default","site-sidebar-style":"default","ast-global-header-display":"","ast-banner-title-visibility":"","ast-main-header-display":"","ast-hfb-above-header-display":"","ast-hfb-below-header-display":"","ast-hfb-mobile-header-display":"","site-post-title":"","ast-breadcrumbs-content":"","ast-featured-img":"","footer-sml-layout":"","theme-transparent-header-meta":"default","adv-header-id-meta":"","stick-header-meta":"","header-above-stick-meta":"","header-main-stick-meta":"","header-below-stick-meta":"","astra-migrate-meta-layouts":"default","ast-page-background-enabled":"default","ast-page-background-meta":{"desktop":{"background-color":"var(--ast-global-color-4)","background-image":"","background-repeat":"repeat","background-position":"center center","background-size":"auto","background-attachment":"scroll","background-type":"","background-media":"","overlay-type":"","overlay-color":"","overlay-gradient":""},"tablet":{"background-color":"","background-image":"","background-repeat":"repeat","background-position":"center center","background-size":"auto","background-attachment":"scroll","background-type":"","background-media":"","overlay-type":"","overlay-color":"","overlay-gradient":""},"mobile":{"background-color":"","background-image":"","background-repeat":"repeat","background-position":"center center","background-size":"auto","background-attachment":"scroll","background-type":"","background-media":"","overlay-type":"","overlay-color":"","overlay-gradient":""}},"ast-content-background-meta":{"desktop":{"background-color":"var(--ast-global-color-5)","background-image":"","background-repeat":"repeat","background-position":"center center","background-size":"auto","background-attachment":"scroll","background-type":"","background-media":"","overlay-type":"","overlay-color":"","overlay-gradient":""},"tablet":{"background-color":"var(--ast-global-color-5)","background-image":"","background-repeat":"repeat","background-position":"center center","background-size":"auto","background-attachment":"scroll","background-type":"","background-media":"","overlay-type":"","overlay-color":"","overlay-gradient":""},"mobile":{"background-color":"var(--ast-global-color-5)","background-image":"","background-repeat":"repeat","background-position":"center center","background-size":"auto","background-attachment":"scroll","background-type":"","background-media":"","overlay-type":"","overlay-color":"","overlay-gradient":""}},"footnotes":""},"class_list":["post-628","page","type-page","status-publish","hentry"],"yoast_head":"<!-- This site is optimized with the Yoast SEO plugin v27.5 - https:\/\/yoast.com\/product\/yoast-seo-wordpress\/ -->\n<title>Contact - Optimalog<\/title>\n<meta name=\"robots\" content=\"index, follow, max-snippet:-1, max-image-preview:large, max-video-preview:-1\" \/>\n<link rel=\"canonical\" href=\"https:\/\/www.optimalog.com\/en\/contact\/\" \/>\n<meta property=\"og:locale\" content=\"en_GB\" \/>\n<meta property=\"og:type\" content=\"article\" \/>\n<meta property=\"og:title\" content=\"Contact - Optimalog\" \/>\n<meta property=\"og:description\" content=\"Coordonn\u00e9es postales Optimalog 2 rue de la Fontaine de Mi\u00e9 F-37540 Saint Cyr sur Loire FRANCE T\u00e9l\u00e9phone +33 (0)2 47 54 95 77 Nous contacter par email &nbsp; Pour nous contacter vous pouvez remplir le formulaire ci-dessous, nous nous ferons un plaisir de vous r\u00e9pondre, ou de vous rappeler, dans les meilleurs d\u00e9lais possibles.\" \/>\n<meta property=\"og:url\" content=\"https:\/\/www.optimalog.com\/en\/contact\/\" \/>\n<meta property=\"og:site_name\" content=\"Optimalog\" \/>\n<meta property=\"article:modified_time\" content=\"2023-08-10T09:22:33+00:00\" \/>\n<meta name=\"twitter:card\" content=\"summary_large_image\" \/>\n<meta name=\"twitter:site\" content=\"@OptimalogCom\" \/>\n<meta name=\"twitter:label1\" content=\"Estimated reading time\" \/>\n\t<meta name=\"twitter:data1\" content=\"1 minute\" \/>\n<script type=\"application\/ld+json\" class=\"yoast-schema-graph\">{\"@context\":\"https:\\\/\\\/schema.org\",\"@graph\":[{\"@type\":\"WebPage\",\"@id\":\"https:\\\/\\\/www.optimalog.com\\\/contact\",\"url\":\"https:\\\/\\\/www.optimalog.com\\\/contact\",\"name\":\"Contact - Optimalog\",\"isPartOf\":{\"@id\":\"https:\\\/\\\/www.optimalog.com\\\/#website\"},\"datePublished\":\"2022-08-05T14:22:52+00:00\",\"dateModified\":\"2023-08-10T09:22:33+00:00\",\"breadcrumb\":{\"@id\":\"https:\\\/\\\/www.optimalog.com\\\/contact#breadcrumb\"},\"inLanguage\":\"en-GB\",\"potentialAction\":[{\"@type\":\"ReadAction\",\"target\":[\"https:\\\/\\\/www.optimalog.com\\\/contact\"]}]},{\"@type\":\"BreadcrumbList\",\"@id\":\"https:\\\/\\\/www.optimalog.com\\\/contact#breadcrumb\",\"itemListElement\":[{\"@type\":\"ListItem\",\"position\":1,\"name\":\"Accueil\",\"item\":\"https:\\\/\\\/www.optimalog.com\\\/\"},{\"@type\":\"ListItem\",\"position\":2,\"name\":\"Contact\"}]},{\"@type\":\"WebSite\",\"@id\":\"https:\\\/\\\/www.optimalog.com\\\/#website\",\"url\":\"https:\\\/\\\/www.optimalog.com\\\/\",\"name\":\"Optimalog\",\"description\":\"Votre architecte en automation\",\"publisher\":{\"@id\":\"https:\\\/\\\/www.optimalog.com\\\/#organization\"},\"potentialAction\":[{\"@type\":\"SearchAction\",\"target\":{\"@type\":\"EntryPoint\",\"urlTemplate\":\"https:\\\/\\\/www.optimalog.com\\\/?s={search_term_string}\"},\"query-input\":{\"@type\":\"PropertyValueSpecification\",\"valueRequired\":true,\"valueName\":\"search_term_string\"}}],\"inLanguage\":\"en-GB\"},{\"@type\":\"Organization\",\"@id\":\"https:\\\/\\\/www.optimalog.com\\\/#organization\",\"name\":\"Optimalog\",\"url\":\"https:\\\/\\\/www.optimalog.com\\\/\",\"logo\":{\"@type\":\"ImageObject\",\"inLanguage\":\"en-GB\",\"@id\":\"https:\\\/\\\/www.optimalog.com\\\/#\\\/schema\\\/logo\\\/image\\\/\",\"url\":\"https:\\\/\\\/www.optimalog.com\\\/wp-content\\\/uploads\\\/2022\\\/07\\\/Logo-Optimalog-petit-format.png\",\"contentUrl\":\"https:\\\/\\\/www.optimalog.com\\\/wp-content\\\/uploads\\\/2022\\\/07\\\/Logo-Optimalog-petit-format.png\",\"width\":160,\"height\":74,\"caption\":\"Optimalog\"},\"image\":{\"@id\":\"https:\\\/\\\/www.optimalog.com\\\/#\\\/schema\\\/logo\\\/image\\\/\"},\"sameAs\":[\"https:\\\/\\\/x.com\\\/OptimalogCom\"]}]}<\/script>\n<!-- \/ Yoast SEO plugin. -->","yoast_head_json":{"title":"Contact - Optimalog","robots":{"index":"index","follow":"follow","max-snippet":"max-snippet:-1","max-image-preview":"max-image-preview:large","max-video-preview":"max-video-preview:-1"},"canonical":"https:\/\/www.optimalog.com\/en\/contact\/","og_locale":"en_GB","og_type":"article","og_title":"Contact - Optimalog","og_description":"Coordonn\u00e9es postales Optimalog 2 rue de la Fontaine de Mi\u00e9 F-37540 Saint Cyr sur Loire FRANCE T\u00e9l\u00e9phone +33 (0)2 47 54 95 77 Nous contacter par email &nbsp; Pour nous contacter vous pouvez remplir le formulaire ci-dessous, nous nous ferons un plaisir de vous r\u00e9pondre, ou de vous rappeler, dans les meilleurs d\u00e9lais possibles.","og_url":"https:\/\/www.optimalog.com\/en\/contact\/","og_site_name":"Optimalog","article_modified_time":"2023-08-10T09:22:33+00:00","twitter_card":"summary_large_image","twitter_site":"@OptimalogCom","twitter_misc":{"Estimated reading time":"1 minute"},"schema":{"@context":"https:\/\/schema.org","@graph":[{"@type":"WebPage","@id":"https:\/\/www.optimalog.com\/contact","url":"https:\/\/www.optimalog.com\/contact","name":"Contact - Optimalog","isPartOf":{"@id":"https:\/\/www.optimalog.com\/#website"},"datePublished":"2022-08-05T14:22:52+00:00","dateModified":"2023-08-10T09:22:33+00:00","breadcrumb":{"@id":"https:\/\/www.optimalog.com\/contact#breadcrumb"},"inLanguage":"en-GB","potentialAction":[{"@type":"ReadAction","target":["https:\/\/www.optimalog.com\/contact"]}]},{"@type":"BreadcrumbList","@id":"https:\/\/www.optimalog.com\/contact#breadcrumb","itemListElement":[{"@type":"ListItem","position":1,"name":"Accueil","item":"https:\/\/www.optimalog.com\/"},{"@type":"ListItem","position":2,"name":"Contact"}]},{"@type":"WebSite","@id":"https:\/\/www.optimalog.com\/#website","url":"https:\/\/www.optimalog.com\/","name":"Optimalog","description":"Your architect in automation","publisher":{"@id":"https:\/\/www.optimalog.com\/#organization"},"potentialAction":[{"@type":"SearchAction","target":{"@type":"EntryPoint","urlTemplate":"https:\/\/www.optimalog.com\/?s={search_term_string}"},"query-input":{"@type":"PropertyValueSpecification","valueRequired":true,"valueName":"search_term_string"}}],"inLanguage":"en-GB"},{"@type":"Organization","@id":"https:\/\/www.optimalog.com\/#organization","name":"Optimalog","url":"https:\/\/www.optimalog.com\/","logo":{"@type":"ImageObject","inLanguage":"en-GB","@id":"https:\/\/www.optimalog.com\/#\/schema\/logo\/image\/","url":"https:\/\/www.optimalog.com\/wp-content\/uploads\/2022\/07\/Logo-Optimalog-petit-format.png","contentUrl":"https:\/\/www.optimalog.com\/wp-content\/uploads\/2022\/07\/Logo-Optimalog-petit-format.png","width":160,"height":74,"caption":"Optimalog"},"image":{"@id":"https:\/\/www.optimalog.com\/#\/schema\/logo\/image\/"},"sameAs":["https:\/\/x.com\/OptimalogCom"]}]}},"_links":{"self":[{"href":"https:\/\/www.optimalog.com\/en\/wp-json\/wp\/v2\/pages\/628","targetHints":{"allow":["GET"]}}],"collection":[{"href":"https:\/\/www.optimalog.com\/en\/wp-json\/wp\/v2\/pages"}],"about":[{"href":"https:\/\/www.optimalog.com\/en\/wp-json\/wp\/v2\/types\/page"}],"author":[{"embeddable":true,"href":"https:\/\/www.optimalog.com\/en\/wp-json\/wp\/v2\/users\/1"}],"replies":[{"embeddable":true,"href":"https:\/\/www.optimalog.com\/en\/wp-json\/wp\/v2\/comments?post=628"}],"version-history":[{"count":35,"href":"https:\/\/www.optimalog.com\/en\/wp-json\/wp\/v2\/pages\/628\/revisions"}],"predecessor-version":[{"id":2022,"href":"https:\/\/www.optimalog.com\/en\/wp-json\/wp\/v2\/pages\/628\/revisions\/2022"}],"wp:attachment":[{"href":"https:\/\/www.optimalog.com\/en\/wp-json\/wp\/v2\/media?parent=628"}],"curies":[{"name":"wp","href":"https:\/\/api.w.org\/{rel}","templated":true}]}}