{"id":551,"date":"2022-08-05T11:44:09","date_gmt":"2022-08-05T09:44:09","guid":{"rendered":"http:\/\/s169997260.onlinehome.fr\/?page_id=551"},"modified":"2022-08-15T19:23:57","modified_gmt":"2022-08-15T17:23:57","slug":"optima-view-presentation","status":"publish","type":"page","link":"https:\/\/www.optimalog.com\/en\/produits\/logiciels-dautomatisme\/optima-view-presentation","title":{"rendered":"Optima View"},"content":{"rendered":"<div id=\"pl-551\"  class=\"panel-layout\" ><div id=\"pg-551-0\"  class=\"panel-grid panel-no-style\" ><div id=\"pgc-551-0-0\"  class=\"panel-grid-cell\" ><div id=\"panel-551-0-0-0\" class=\"so-panel widget_text panel-first-child panel-last-child\" data-index=\"0\" >\t\t\t<div class=\"textwidget\"><p><strong>Optima VIEW<\/strong>\u00a0is a software for creation of pages of\u00a0<strong>supervision, <\/strong>open and operating under Window<strong>,<\/strong> built-in <a href=\"https:\/\/www.optimalog.com\/en\/produits\/logiciels-dautomatisme\/optima-plc-presentation\/\"><strong>Optima PLC<\/strong><\/a>. It allows using its creation workshop to generate simply and quickly an HMI adapted to an application of industrial automatism.<\/p>\n<p>Although optimized for Optima PLC ,the software is open and allows access to data from any <strong>OPC DA server<\/strong> of the market.<\/p>\n<p><img loading=\"lazy\" decoding=\"async\" class=\"alignnone wp-image-695\" src=\"https:\/\/www.optimalog.com\/wp-content\/uploads\/images\/image_opview.gif\" alt=\"\" width=\"271\" height=\"181\" \/> \u00a0<img loading=\"lazy\" decoding=\"async\" class=\"alignnone size-medium wp-image-452\" src=\"https:\/\/www.optimalog.com\/wp-content\/uploads\/images\/OPTIMAVIEWSCREEN1-300x181.jpg\" alt=\"\" width=\"300\" height=\"181\" srcset=\"https:\/\/www.optimalog.com\/wp-content\/uploads\/images\/OPTIMAVIEWSCREEN1-300x181.jpg 300w, https:\/\/www.optimalog.com\/wp-content\/uploads\/images\/OPTIMAVIEWSCREEN1.jpg 400w\" sizes=\"auto, (max-width: 300px) 100vw, 300px\" \/><\/p>\n<p><strong>Openness and flexibility<\/strong><\/p>\n<ul>\n<li>background image with objects (buttons, bargraph, oscilloscopes, counters, parameters,...)<\/li>\n<li>multi-page, dedicated<\/li>\n<li>each object can be created, configured, moved, copied, duplicated<\/li>\n<\/ul>\n<p>Its use is simple and friendly and requires no expertise in advanced computer science.<\/p>\n<p><strong>Supervision on OPC Server via TCP\/IP local or remote to one or multiple Controllers\u00a0<\/strong><\/p>\n<p>The supervisor can be installed on the computer controller or on a remote machine.<\/p>\n<p>For each variable you want to monitor, the user can specify the IP address of the position Controller concerned. It may also specify a post by default, for each page or for a given project<\/p>\n<p><img loading=\"lazy\" decoding=\"async\" class=\"alignnone size-full wp-image-696\" src=\"https:\/\/www.optimalog.com\/wp-content\/uploads\/images\/image_opview2.gif\" alt=\"\" width=\"300\" height=\"219\" \/><\/p>\n<p><strong>Recipes, newspapers, dynamic curves\u00a0<\/strong>:<\/p>\n<ul>\n<li>Restoring\/recording of recipe from files<\/li>\n<li>Logs on disk<\/li>\n<li>Password management<\/li>\n<\/ul>\n<\/div>\n\t\t<\/div><\/div><\/div><\/div>","protected":false},"excerpt":{"rendered":"<p>Optima VIEW\u00a0est un logiciel de cr\u00e9ation de pages de\u00a0supervision, ouvert et fonctionnant sous Window, int\u00e9gr\u00e9 \u00e0 Optima PLC. Il permet \u00e0 l&#8217;aide de son atelier de cr\u00e9ation de produire simplement et rapidement une IHM adapt\u00e9es \u00e0 une application d&#8217;automatisme industriel. Bien qu&#8217;optimis\u00e9 pour Optima PLC ,ce logiciel est ouvert et permet d&#8217;acc\u00e9der aux donn\u00e9es de [&hellip;]<\/p>\n","protected":false},"author":1,"featured_media":0,"parent":538,"menu_order":0,"comment_status":"closed","ping_status":"closed","template":"","meta":{"site-sidebar-layout":"default","site-content-layout":"default","ast-site-content-layout":"","site-content-style":"default","site-sidebar-style":"default","ast-global-header-display":"","ast-banner-title-visibility":"","ast-main-header-display":"","ast-hfb-above-header-display":"","ast-hfb-below-header-display":"","ast-hfb-mobile-header-display":"","site-post-title":"","ast-breadcrumbs-content":"","ast-featured-img":"","footer-sml-layout":"","theme-transparent-header-meta":"default","adv-header-id-meta":"","stick-header-meta":"","header-above-stick-meta":"","header-main-stick-meta":"","header-below-stick-meta":"","astra-migrate-meta-layouts":"default","ast-page-background-enabled":"default","ast-page-background-meta":{"desktop":{"background-color":"var(--ast-global-color-4)","background-image":"","background-repeat":"repeat","background-position":"center center","background-size":"auto","background-attachment":"scroll","background-type":"","background-media":"","overlay-type":"","overlay-color":"","overlay-gradient":""},"tablet":{"background-color":"","background-image":"","background-repeat":"repeat","background-position":"center center","background-size":"auto","background-attachment":"scroll","background-type":"","background-media":"","overlay-type":"","overlay-color":"","overlay-gradient":""},"mobile":{"background-color":"","background-image":"","background-repeat":"repeat","background-position":"center center","background-size":"auto","background-attachment":"scroll","background-type":"","background-media":"","overlay-type":"","overlay-color":"","overlay-gradient":""}},"ast-content-background-meta":{"desktop":{"background-color":"var(--ast-global-color-5)","background-image":"","background-repeat":"repeat","background-position":"center center","background-size":"auto","background-attachment":"scroll","background-type":"","background-media":"","overlay-type":"","overlay-color":"","overlay-gradient":""},"tablet":{"background-color":"var(--ast-global-color-5)","background-image":"","background-repeat":"repeat","background-position":"center center","background-size":"auto","background-attachment":"scroll","background-type":"","background-media":"","overlay-type":"","overlay-color":"","overlay-gradient":""},"mobile":{"background-color":"var(--ast-global-color-5)","background-image":"","background-repeat":"repeat","background-position":"center center","background-size":"auto","background-attachment":"scroll","background-type":"","background-media":"","overlay-type":"","overlay-color":"","overlay-gradient":""}},"footnotes":""},"class_list":["post-551","page","type-page","status-publish","hentry"],"yoast_head":"<!-- This site is optimized with the Yoast SEO plugin v27.5 - https:\/\/yoast.com\/product\/yoast-seo-wordpress\/ -->\n<title>Optima View - Optimalog<\/title>\n<meta name=\"robots\" content=\"index, follow, max-snippet:-1, max-image-preview:large, max-video-preview:-1\" \/>\n<link rel=\"canonical\" href=\"https:\/\/www.optimalog.com\/en\/produits\/logiciels-dautomatisme\/optima-view-presentation\/\" \/>\n<meta property=\"og:locale\" content=\"en_GB\" \/>\n<meta property=\"og:type\" content=\"article\" \/>\n<meta property=\"og:title\" content=\"Optima View - Optimalog\" \/>\n<meta property=\"og:description\" content=\"Optima VIEW\u00a0est un logiciel de cr\u00e9ation de pages de\u00a0supervision, ouvert et fonctionnant sous Window, int\u00e9gr\u00e9 \u00e0 Optima PLC. Il permet \u00e0 l&#039;aide de son atelier de cr\u00e9ation de produire simplement et rapidement une IHM adapt\u00e9es \u00e0 une application d&#039;automatisme industriel. Bien qu&#039;optimis\u00e9 pour Optima PLC ,ce logiciel est ouvert et permet d&#039;acc\u00e9der aux donn\u00e9es de [&hellip;]\" \/>\n<meta property=\"og:url\" content=\"https:\/\/www.optimalog.com\/en\/produits\/logiciels-dautomatisme\/optima-view-presentation\/\" \/>\n<meta property=\"og:site_name\" content=\"Optimalog\" \/>\n<meta property=\"article:modified_time\" content=\"2022-08-15T17:23:57+00:00\" \/>\n<meta property=\"og:image\" content=\"https:\/\/www.optimalog.com\/wp-content\/uploads\/images\/image_opview.gif\" \/>\n<meta name=\"twitter:card\" content=\"summary_large_image\" \/>\n<meta name=\"twitter:site\" content=\"@OptimalogCom\" \/>\n<meta name=\"twitter:label1\" content=\"Estimated reading time\" \/>\n\t<meta name=\"twitter:data1\" content=\"1 minute\" \/>\n<script type=\"application\/ld+json\" class=\"yoast-schema-graph\">{\"@context\":\"https:\\\/\\\/schema.org\",\"@graph\":[{\"@type\":\"WebPage\",\"@id\":\"https:\\\/\\\/www.optimalog.com\\\/produits\\\/logiciels-dautomatisme\\\/optima-view-presentation\",\"url\":\"https:\\\/\\\/www.optimalog.com\\\/produits\\\/logiciels-dautomatisme\\\/optima-view-presentation\",\"name\":\"Optima View - Optimalog\",\"isPartOf\":{\"@id\":\"https:\\\/\\\/www.optimalog.com\\\/#website\"},\"primaryImageOfPage\":{\"@id\":\"https:\\\/\\\/www.optimalog.com\\\/produits\\\/logiciels-dautomatisme\\\/optima-view-presentation#primaryimage\"},\"image\":{\"@id\":\"https:\\\/\\\/www.optimalog.com\\\/produits\\\/logiciels-dautomatisme\\\/optima-view-presentation#primaryimage\"},\"thumbnailUrl\":\"https:\\\/\\\/www.optimalog.com\\\/wp-content\\\/uploads\\\/images\\\/image_opview.gif\",\"datePublished\":\"2022-08-05T09:44:09+00:00\",\"dateModified\":\"2022-08-15T17:23:57+00:00\",\"breadcrumb\":{\"@id\":\"https:\\\/\\\/www.optimalog.com\\\/produits\\\/logiciels-dautomatisme\\\/optima-view-presentation#breadcrumb\"},\"inLanguage\":\"en-GB\",\"potentialAction\":[{\"@type\":\"ReadAction\",\"target\":[\"https:\\\/\\\/www.optimalog.com\\\/produits\\\/logiciels-dautomatisme\\\/optima-view-presentation\"]}]},{\"@type\":\"ImageObject\",\"inLanguage\":\"en-GB\",\"@id\":\"https:\\\/\\\/www.optimalog.com\\\/produits\\\/logiciels-dautomatisme\\\/optima-view-presentation#primaryimage\",\"url\":\"https:\\\/\\\/www.optimalog.com\\\/wp-content\\\/uploads\\\/images\\\/image_opview.gif\",\"contentUrl\":\"https:\\\/\\\/www.optimalog.com\\\/wp-content\\\/uploads\\\/images\\\/image_opview.gif\"},{\"@type\":\"BreadcrumbList\",\"@id\":\"https:\\\/\\\/www.optimalog.com\\\/produits\\\/logiciels-dautomatisme\\\/optima-view-presentation#breadcrumb\",\"itemListElement\":[{\"@type\":\"ListItem\",\"position\":1,\"name\":\"Accueil\",\"item\":\"https:\\\/\\\/www.optimalog.com\\\/\"},{\"@type\":\"ListItem\",\"position\":2,\"name\":\"Produits\",\"item\":\"https:\\\/\\\/www.optimalog.com\\\/produits\"},{\"@type\":\"ListItem\",\"position\":3,\"name\":\"Logiciels d&#8217;automatisme\",\"item\":\"https:\\\/\\\/www.optimalog.com\\\/produits\\\/logiciels-dautomatisme\"},{\"@type\":\"ListItem\",\"position\":4,\"name\":\"Optima View\"}]},{\"@type\":\"WebSite\",\"@id\":\"https:\\\/\\\/www.optimalog.com\\\/#website\",\"url\":\"https:\\\/\\\/www.optimalog.com\\\/\",\"name\":\"Optimalog\",\"description\":\"Votre architecte en automation\",\"publisher\":{\"@id\":\"https:\\\/\\\/www.optimalog.com\\\/#organization\"},\"potentialAction\":[{\"@type\":\"SearchAction\",\"target\":{\"@type\":\"EntryPoint\",\"urlTemplate\":\"https:\\\/\\\/www.optimalog.com\\\/?s={search_term_string}\"},\"query-input\":{\"@type\":\"PropertyValueSpecification\",\"valueRequired\":true,\"valueName\":\"search_term_string\"}}],\"inLanguage\":\"en-GB\"},{\"@type\":\"Organization\",\"@id\":\"https:\\\/\\\/www.optimalog.com\\\/#organization\",\"name\":\"Optimalog\",\"url\":\"https:\\\/\\\/www.optimalog.com\\\/\",\"logo\":{\"@type\":\"ImageObject\",\"inLanguage\":\"en-GB\",\"@id\":\"https:\\\/\\\/www.optimalog.com\\\/#\\\/schema\\\/logo\\\/image\\\/\",\"url\":\"https:\\\/\\\/www.optimalog.com\\\/wp-content\\\/uploads\\\/2022\\\/07\\\/Logo-Optimalog-petit-format.png\",\"contentUrl\":\"https:\\\/\\\/www.optimalog.com\\\/wp-content\\\/uploads\\\/2022\\\/07\\\/Logo-Optimalog-petit-format.png\",\"width\":160,\"height\":74,\"caption\":\"Optimalog\"},\"image\":{\"@id\":\"https:\\\/\\\/www.optimalog.com\\\/#\\\/schema\\\/logo\\\/image\\\/\"},\"sameAs\":[\"https:\\\/\\\/x.com\\\/OptimalogCom\"]}]}<\/script>\n<!-- \/ Yoast SEO plugin. -->","yoast_head_json":{"title":"Optima View - Optimalog","robots":{"index":"index","follow":"follow","max-snippet":"max-snippet:-1","max-image-preview":"max-image-preview:large","max-video-preview":"max-video-preview:-1"},"canonical":"https:\/\/www.optimalog.com\/en\/produits\/logiciels-dautomatisme\/optima-view-presentation\/","og_locale":"en_GB","og_type":"article","og_title":"Optima View - Optimalog","og_description":"Optima VIEW\u00a0est un logiciel de cr\u00e9ation de pages de\u00a0supervision, ouvert et fonctionnant sous Window, int\u00e9gr\u00e9 \u00e0 Optima PLC. Il permet \u00e0 l'aide de son atelier de cr\u00e9ation de produire simplement et rapidement une IHM adapt\u00e9es \u00e0 une application d'automatisme industriel. Bien qu'optimis\u00e9 pour Optima PLC ,ce logiciel est ouvert et permet d'acc\u00e9der aux donn\u00e9es de [&hellip;]","og_url":"https:\/\/www.optimalog.com\/en\/produits\/logiciels-dautomatisme\/optima-view-presentation\/","og_site_name":"Optimalog","article_modified_time":"2022-08-15T17:23:57+00:00","og_image":[{"url":"https:\/\/www.optimalog.com\/wp-content\/uploads\/images\/image_opview.gif","type":"","width":"","height":""}],"twitter_card":"summary_large_image","twitter_site":"@OptimalogCom","twitter_misc":{"Estimated reading time":"1 minute"},"schema":{"@context":"https:\/\/schema.org","@graph":[{"@type":"WebPage","@id":"https:\/\/www.optimalog.com\/produits\/logiciels-dautomatisme\/optima-view-presentation","url":"https:\/\/www.optimalog.com\/produits\/logiciels-dautomatisme\/optima-view-presentation","name":"Optima View - Optimalog","isPartOf":{"@id":"https:\/\/www.optimalog.com\/#website"},"primaryImageOfPage":{"@id":"https:\/\/www.optimalog.com\/produits\/logiciels-dautomatisme\/optima-view-presentation#primaryimage"},"image":{"@id":"https:\/\/www.optimalog.com\/produits\/logiciels-dautomatisme\/optima-view-presentation#primaryimage"},"thumbnailUrl":"https:\/\/www.optimalog.com\/wp-content\/uploads\/images\/image_opview.gif","datePublished":"2022-08-05T09:44:09+00:00","dateModified":"2022-08-15T17:23:57+00:00","breadcrumb":{"@id":"https:\/\/www.optimalog.com\/produits\/logiciels-dautomatisme\/optima-view-presentation#breadcrumb"},"inLanguage":"en-GB","potentialAction":[{"@type":"ReadAction","target":["https:\/\/www.optimalog.com\/produits\/logiciels-dautomatisme\/optima-view-presentation"]}]},{"@type":"ImageObject","inLanguage":"en-GB","@id":"https:\/\/www.optimalog.com\/produits\/logiciels-dautomatisme\/optima-view-presentation#primaryimage","url":"https:\/\/www.optimalog.com\/wp-content\/uploads\/images\/image_opview.gif","contentUrl":"https:\/\/www.optimalog.com\/wp-content\/uploads\/images\/image_opview.gif"},{"@type":"BreadcrumbList","@id":"https:\/\/www.optimalog.com\/produits\/logiciels-dautomatisme\/optima-view-presentation#breadcrumb","itemListElement":[{"@type":"ListItem","position":1,"name":"Accueil","item":"https:\/\/www.optimalog.com\/"},{"@type":"ListItem","position":2,"name":"Produits","item":"https:\/\/www.optimalog.com\/produits"},{"@type":"ListItem","position":3,"name":"Logiciels d&#8217;automatisme","item":"https:\/\/www.optimalog.com\/produits\/logiciels-dautomatisme"},{"@type":"ListItem","position":4,"name":"Optima View"}]},{"@type":"WebSite","@id":"https:\/\/www.optimalog.com\/#website","url":"https:\/\/www.optimalog.com\/","name":"Optimalog","description":"Your architect in automation","publisher":{"@id":"https:\/\/www.optimalog.com\/#organization"},"potentialAction":[{"@type":"SearchAction","target":{"@type":"EntryPoint","urlTemplate":"https:\/\/www.optimalog.com\/?s={search_term_string}"},"query-input":{"@type":"PropertyValueSpecification","valueRequired":true,"valueName":"search_term_string"}}],"inLanguage":"en-GB"},{"@type":"Organization","@id":"https:\/\/www.optimalog.com\/#organization","name":"Optimalog","url":"https:\/\/www.optimalog.com\/","logo":{"@type":"ImageObject","inLanguage":"en-GB","@id":"https:\/\/www.optimalog.com\/#\/schema\/logo\/image\/","url":"https:\/\/www.optimalog.com\/wp-content\/uploads\/2022\/07\/Logo-Optimalog-petit-format.png","contentUrl":"https:\/\/www.optimalog.com\/wp-content\/uploads\/2022\/07\/Logo-Optimalog-petit-format.png","width":160,"height":74,"caption":"Optimalog"},"image":{"@id":"https:\/\/www.optimalog.com\/#\/schema\/logo\/image\/"},"sameAs":["https:\/\/x.com\/OptimalogCom"]}]}},"_links":{"self":[{"href":"https:\/\/www.optimalog.com\/en\/wp-json\/wp\/v2\/pages\/551","targetHints":{"allow":["GET"]}}],"collection":[{"href":"https:\/\/www.optimalog.com\/en\/wp-json\/wp\/v2\/pages"}],"about":[{"href":"https:\/\/www.optimalog.com\/en\/wp-json\/wp\/v2\/types\/page"}],"author":[{"embeddable":true,"href":"https:\/\/www.optimalog.com\/en\/wp-json\/wp\/v2\/users\/1"}],"replies":[{"embeddable":true,"href":"https:\/\/www.optimalog.com\/en\/wp-json\/wp\/v2\/comments?post=551"}],"version-history":[{"count":14,"href":"https:\/\/www.optimalog.com\/en\/wp-json\/wp\/v2\/pages\/551\/revisions"}],"predecessor-version":[{"id":1581,"href":"https:\/\/www.optimalog.com\/en\/wp-json\/wp\/v2\/pages\/551\/revisions\/1581"}],"up":[{"embeddable":true,"href":"https:\/\/www.optimalog.com\/en\/wp-json\/wp\/v2\/pages\/538"}],"wp:attachment":[{"href":"https:\/\/www.optimalog.com\/en\/wp-json\/wp\/v2\/media?parent=551"}],"curies":[{"name":"wp","href":"https:\/\/api.w.org\/{rel}","templated":true}]}}