{"id":538,"date":"2022-08-05T11:19:17","date_gmt":"2022-08-05T09:19:17","guid":{"rendered":"http:\/\/s169997260.onlinehome.fr\/?page_id=538"},"modified":"2022-09-02T10:51:40","modified_gmt":"2022-09-02T08:51:40","slug":"logiciels-dautomatisme","status":"publish","type":"page","link":"https:\/\/www.optimalog.com\/en\/produits\/logiciels-dautomatisme","title":{"rendered":"Automation software"},"content":{"rendered":"<div id=\"pl-538\"  class=\"panel-layout\" ><div id=\"pg-538-0\"  class=\"panel-grid panel-no-style\" ><div id=\"pgc-538-0-0\"  class=\"panel-grid-cell\" ><div id=\"panel-538-0-0-0\" class=\"so-panel widget_text panel-first-child panel-last-child\" data-index=\"0\" >\t\t\t<div class=\"textwidget\"><p>Our software are designed to work autonomously and openly. However, their joint use is facilitated by advanced integration:<\/p>\n<p>Communication automatique entre applications sans param\u00e9trage particulier, gestion centralis\u00e9e des utilisateurs, etc\u2026<\/p>\n<\/div>\n\t\t<\/div><\/div><\/div><div id=\"pg-538-1\"  class=\"panel-grid panel-no-style\" ><div id=\"pgc-538-1-0\"  class=\"panel-grid-cell\" ><div id=\"panel-538-1-0-0\" class=\"so-panel widget_sow-button panel-first-child panel-last-child\" data-index=\"1\" ><div\n\t\t\t\n\t\t\tclass=\"so-widget-sow-button so-widget-sow-button-flat-f54c0409268f-538\"\n\t\t\t\n\t\t><div class=\"ow-button-base ow-button-align-center\"\n>\n\t\t\t<a\n\t\t\t\t\thref=\"https:\/\/www.optimalog.com\/en\/produits\/logiciels-dautomatisme\/optima-plc-presentation\"\n\t\t\t\t\tclass=\"sowb-button ow-icon-placement-left ow-button-hover\" \t>\n\t\t<span>\n\t\t\t\n\t\t\tOPTIMA PLC\t\t<\/span>\n\t\t\t<\/a>\n\t<\/div>\n<\/div><\/div><\/div><div id=\"pgc-538-1-1\"  class=\"panel-grid-cell\" ><div id=\"panel-538-1-1-0\" class=\"so-panel widget_text panel-first-child panel-last-child\" data-index=\"2\" >\t\t\t<div class=\"textwidget\"><p>Optima PLC is a complete PC-based PLC software (Soft PLC), including a user-friendly software workshop for programming PLC tasks.<\/p>\n<p>Optima PLC est conforme \u00e0 la norme IEC61131-3.<\/p>\n<\/div>\n\t\t<\/div><\/div><div id=\"pgc-538-1-2\"  class=\"panel-grid-cell\" ><div id=\"panel-538-1-2-0\" class=\"so-panel widget_sow-image panel-first-child panel-last-child\" data-index=\"3\" ><div\n\t\t\t\n\t\t\tclass=\"so-widget-sow-image so-widget-sow-image-default-8b5b6f678277-538\"\n\t\t\t\n\t\t>\n<div class=\"sow-image-container\">\n\t\t<img \n\tsrc=\"https:\/\/www.optimalog.com\/wp-content\/uploads\/images\/image_oplc.gif\" width=\"300\" height=\"233\" sizes=\"(max-width: 300px) 100vw, 300px\" alt=\"\" \t\tclass=\"so-widget-image\"\/>\n\t<\/div>\n\n<\/div><\/div><\/div><\/div><div id=\"pg-538-2\"  class=\"panel-grid panel-no-style\" ><div id=\"pgc-538-2-0\"  class=\"panel-grid-cell\" ><div id=\"panel-538-2-0-0\" class=\"so-panel widget_sow-button panel-first-child panel-last-child\" data-index=\"4\" ><div\n\t\t\t\n\t\t\tclass=\"so-widget-sow-button so-widget-sow-button-flat-f54c0409268f-538\"\n\t\t\t\n\t\t><div class=\"ow-button-base ow-button-align-center\"\n>\n\t\t\t<a\n\t\t\t\t\thref=\"https:\/\/www.optimalog.com\/en\/produits\/logiciels-dautomatisme\/optima-plc-presentation\"\n\t\t\t\t\tclass=\"sowb-button ow-icon-placement-left ow-button-hover\" \t>\n\t\t<span>\n\t\t\t\n\t\t\tOPTIMA VIEW\t\t<\/span>\n\t\t\t<\/a>\n\t<\/div>\n<\/div><\/div><\/div><div id=\"pgc-538-2-1\"  class=\"panel-grid-cell\" ><div id=\"panel-538-2-1-0\" class=\"so-panel widget_text panel-first-child panel-last-child\" data-index=\"5\" >\t\t\t<div class=\"textwidget\"><p><strong>Optima VIEW<\/strong>\u00a0is a software for creation of pages of\u00a0<strong>supervision<\/strong> adapt\u00e9 \u00e0 OPTIMA PLC. Il permet \u00e0 l&#8217;aide des son atelier de cr\u00e9ation de produire simplement et rapidement des Interfaces Homme\/machine pour le milieu industriel.<\/p>\n<p>Ce logiciel est un logiciel ouvert qui permet \u00e9galement d&#8217;acc\u00e9der aux donn\u00e9es d&#8217;un <strong>serveur OPC<\/strong>.<\/p>\n<\/div>\n\t\t<\/div><\/div><div id=\"pgc-538-2-2\"  class=\"panel-grid-cell\" ><div id=\"panel-538-2-2-0\" class=\"so-panel widget_sow-image panel-first-child panel-last-child\" data-index=\"6\" ><div\n\t\t\t\n\t\t\tclass=\"so-widget-sow-image so-widget-sow-image-default-8b5b6f678277-538\"\n\t\t\t\n\t\t>\n<div class=\"sow-image-container\">\n\t\t<img \n\tsrc=\"https:\/\/www.optimalog.com\/wp-content\/uploads\/images\/OPTIMAVIEWSCREEN1.jpg\" width=\"400\" height=\"241\" srcset=\"https:\/\/www.optimalog.com\/wp-content\/uploads\/images\/OPTIMAVIEWSCREEN1.jpg 400w, https:\/\/www.optimalog.com\/wp-content\/uploads\/images\/OPTIMAVIEWSCREEN1-300x181.jpg 300w\" sizes=\"(max-width: 400px) 100vw, 400px\" alt=\"\" \t\tclass=\"so-widget-image\"\/>\n\t<\/div>\n\n<\/div><\/div><\/div><\/div><div id=\"pg-538-3\"  class=\"panel-grid panel-no-style\" ><div id=\"pgc-538-3-0\"  class=\"panel-grid-cell\" ><div id=\"panel-538-3-0-0\" class=\"so-panel widget_sow-button panel-first-child panel-last-child\" data-index=\"7\" ><div\n\t\t\t\n\t\t\tclass=\"so-widget-sow-button so-widget-sow-button-flat-f54c0409268f-538\"\n\t\t\t\n\t\t><div class=\"ow-button-base ow-button-align-center\"\n>\n\t\t\t<a\n\t\t\t\t\thref=\"https:\/\/www.optimalog.com\/en\/produits\/logiciels-dautomatisme\/optima-tracks\"\n\t\t\t\t\tclass=\"sowb-button ow-icon-placement-left ow-button-hover\" \t>\n\t\t<span>\n\t\t\t\n\t\t\tOPTIMA TRACKS\t\t<\/span>\n\t\t\t<\/a>\n\t<\/div>\n<\/div><\/div><\/div><div id=\"pgc-538-3-1\"  class=\"panel-grid-cell\" ><div id=\"panel-538-3-1-0\" class=\"so-panel widget_text panel-first-child panel-last-child\" data-index=\"8\" >\t\t\t<div class=\"textwidget\"><p>Le logiciel\u00a0<strong>Optima Tracks<\/strong>\u00a0permet de\u00a0<strong>programmer des &#8220;pistes&#8221;<\/strong> qui sont des informations, souvent li\u00e9es \u00e0 des sorties automates provenant de postes OPTIMA PLC ou de serveurs OPC du march\u00e9. La programmation peut \u00eatre journali\u00e8re, hebdomadaire&#8230;<\/p>\n<p>La gestion d&#8217;utilisateurs int\u00e9gr\u00e9e permet de limiter la programmation des pistes \u00e0 certains op\u00e9rateurs.<\/p>\n<p>Le logiciel permet \u00e9galement de d\u00e9finir des\u00a0<strong>journ\u00e9es &#8220;type&#8221;<\/strong> caract\u00e9ris\u00e9es par la programmation horaire de l&#8217;ensemble des pistes : week-end, jours f\u00e9ri\u00e9s, etc.<\/p>\n<\/div>\n\t\t<\/div><\/div><div id=\"pgc-538-3-2\"  class=\"panel-grid-cell\" ><div id=\"panel-538-3-2-0\" class=\"so-panel widget_sow-image panel-first-child\" data-index=\"9\" ><div\n\t\t\t\n\t\t\tclass=\"so-widget-sow-image so-widget-sow-image-default-8b5b6f678277-538\"\n\t\t\t\n\t\t>\n<div class=\"sow-image-container\">\n\t\t<img \n\tsrc=\"https:\/\/www.optimalog.com\/wp-content\/uploads\/images\/OTracks1.jpg\" width=\"280\" height=\"134\" sizes=\"(max-width: 280px) 100vw, 280px\" alt=\"\" \t\tclass=\"so-widget-image\"\/>\n\t<\/div>\n\n<\/div><\/div><div id=\"panel-538-3-2-1\" class=\"so-panel widget_sow-image panel-last-child\" data-index=\"10\" ><div\n\t\t\t\n\t\t\tclass=\"so-widget-sow-image so-widget-sow-image-default-8b5b6f678277-538\"\n\t\t\t\n\t\t>\n<div class=\"sow-image-container\">\n\t\t<img \n\tsrc=\"https:\/\/www.optimalog.com\/wp-content\/uploads\/images\/OTracks2.jpg\" width=\"270\" height=\"170\" sizes=\"(max-width: 270px) 100vw, 270px\" alt=\"\" \t\tclass=\"so-widget-image\"\/>\n\t<\/div>\n\n<\/div><\/div><\/div><\/div><div id=\"pg-538-4\"  class=\"panel-grid panel-no-style\" ><div id=\"pgc-538-4-0\"  class=\"panel-grid-cell\" ><div id=\"panel-538-4-0-0\" class=\"so-panel widget_sow-button panel-first-child panel-last-child\" data-index=\"11\" ><div\n\t\t\t\n\t\t\tclass=\"so-widget-sow-button so-widget-sow-button-flat-f54c0409268f-538\"\n\t\t\t\n\t\t><div class=\"ow-button-base ow-button-align-center\"\n>\n\t\t\t<a\n\t\t\t\t\thref=\"https:\/\/www.optimalog.com\/en\/produits\/logiciels-dautomatisme\/optimalarm\"\n\t\t\t\t\tclass=\"sowb-button ow-icon-placement-left ow-button-hover\" \t>\n\t\t<span>\n\t\t\t\n\t\t\tOPTIM'ALARM\t\t<\/span>\n\t\t\t<\/a>\n\t<\/div>\n<\/div><\/div><\/div><div id=\"pgc-538-4-1\"  class=\"panel-grid-cell\" ><div id=\"panel-538-4-1-0\" class=\"so-panel widget_text panel-first-child panel-last-child\" data-index=\"12\" >\t\t\t<div class=\"textwidget\"><p><strong>Optim&#039;alarm<\/strong>\u00a0is a\u00a0<strong>alarm management centralized<\/strong>\u00a0that allows you to monitor the values or expressions from posts OPTIMA PLC or\u00a0<strong>OPC servers<\/strong>.<\/p>\n<p>The alarms are displayed in order of\u00a0<strong>priority<\/strong>\u00a0and are classified by groups. The operator can acknowledge alarms if it has the corresponding rights.<\/p>\n<p>All the data centralized by optim&#039;alarm are accessible from the Workshop of supervision\u00a0<strong>Optima VIEW<\/strong>\u00a0thanks to specific objects. The access to the alarm management is done by TCP\/IP, it can therefore be\u00a0<strong>remote<\/strong>\u00a0\u00a0(on another PC), or\u00a0<strong>local<\/strong>.<\/p>\n<\/div>\n\t\t<\/div><\/div><div id=\"pgc-538-4-2\"  class=\"panel-grid-cell\" ><div id=\"panel-538-4-2-0\" class=\"so-panel widget_sow-image panel-first-child panel-last-child\" data-index=\"13\" ><div\n\t\t\t\n\t\t\tclass=\"so-widget-sow-image so-widget-sow-image-default-8b5b6f678277-538\"\n\t\t\t\n\t\t>\n<div class=\"sow-image-container\">\n\t\t<img \n\tsrc=\"https:\/\/www.optimalog.com\/wp-content\/uploads\/images\/OPTIMALARMPRINCIP.jpg\" width=\"250\" height=\"180\" sizes=\"(max-width: 250px) 100vw, 250px\" alt=\"\" \t\tclass=\"so-widget-image\"\/>\n\t<\/div>\n\n<\/div><\/div><\/div><\/div><div id=\"pg-538-5\"  class=\"panel-grid panel-no-style\" ><div id=\"pgc-538-5-0\"  class=\"panel-grid-cell\" ><div id=\"panel-538-5-0-0\" class=\"so-panel widget_sow-button panel-first-child panel-last-child\" data-index=\"14\" ><div\n\t\t\t\n\t\t\tclass=\"so-widget-sow-button so-widget-sow-button-flat-f54c0409268f-538\"\n\t\t\t\n\t\t><div class=\"ow-button-base ow-button-align-center\"\n>\n\t\t\t<a\n\t\t\t\t\thref=\"https:\/\/www.optimalog.com\/en\/produits\/logiciels-dautomatisme\/optima-serveur-opc\"\n\t\t\t\t\tclass=\"sowb-button ow-icon-placement-left ow-button-hover\" \t>\n\t\t<span>\n\t\t\t\n\t\t\tOPTIMA SERVEUR OPC\t\t<\/span>\n\t\t\t<\/a>\n\t<\/div>\n<\/div><\/div><\/div><div id=\"pgc-538-5-1\"  class=\"panel-grid-cell\" ><div id=\"panel-538-5-1-0\" class=\"so-panel widget_text panel-first-child panel-last-child\" data-index=\"15\" >\t\t\t<div class=\"textwidget\"><p><strong>Optima OPC Server<\/strong> permet \u00e0 tout client <strong>OPC DA<\/strong> ou <strong>OPC UA<\/strong> de lire ou modifier des expressions ou variables d&#8217;un automate <strong>Optima PLC<\/strong> ou <strong>Apigraf<\/strong>.<\/p>\n<\/div>\n\t\t<\/div><\/div><div id=\"pgc-538-5-2\"  class=\"panel-grid-cell\" ><div id=\"panel-538-5-2-0\" class=\"so-panel widget_sow-image panel-first-child\" data-index=\"16\" ><div\n\t\t\t\n\t\t\tclass=\"so-widget-sow-image so-widget-sow-image-default-8b5b6f678277-538\"\n\t\t\t\n\t\t>\n<div class=\"sow-image-container\">\n\t\t<img \n\tsrc=\"https:\/\/www.optimalog.com\/wp-content\/uploads\/images\/Main.png\" width=\"736\" height=\"525\" srcset=\"https:\/\/www.optimalog.com\/wp-content\/uploads\/images\/Main.png 736w, https:\/\/www.optimalog.com\/wp-content\/uploads\/images\/Main-300x214.png 300w\" sizes=\"(max-width: 736px) 100vw, 736px\" alt=\"\" \t\tclass=\"so-widget-image\"\/>\n\t<\/div>\n\n<\/div><\/div><div id=\"panel-538-5-2-1\" class=\"so-panel widget_sow-image panel-last-child\" data-index=\"17\" ><div\n\t\t\t\n\t\t\tclass=\"so-widget-sow-image so-widget-sow-image-default-8b5b6f678277-538\"\n\t\t\t\n\t\t>\n<div class=\"sow-image-container\">\n\t\t<img \n\tsrc=\"https:\/\/www.optimalog.com\/wp-content\/uploads\/images\/Variables-connectees.png\" width=\"886\" height=\"447\" srcset=\"https:\/\/www.optimalog.com\/wp-content\/uploads\/images\/Variables-connectees.png 886w, https:\/\/www.optimalog.com\/wp-content\/uploads\/images\/Variables-connectees-300x151.png 300w, https:\/\/www.optimalog.com\/wp-content\/uploads\/images\/Variables-connectees-768x387.png 768w\" sizes=\"(max-width: 886px) 100vw, 886px\" title=\"Variables connect\u00e9es\" alt=\"\" \t\tclass=\"so-widget-image\"\/>\n\t<\/div>\n\n<\/div><\/div><\/div><\/div><div id=\"pg-538-6\"  class=\"panel-grid panel-no-style\" ><div id=\"pgc-538-6-0\"  class=\"panel-grid-cell\" ><div id=\"panel-538-6-0-0\" class=\"so-panel widget_sow-editor panel-first-child panel-last-child\" data-index=\"18\" ><div\n\t\t\t\n\t\t\tclass=\"so-widget-sow-editor so-widget-sow-editor-base\"\n\t\t\t\n\t\t>\n<div class=\"siteorigin-widget-tinymce textwidget\">\n\t<h5>APIGRAF<\/h5>\n<\/div>\n<\/div><\/div><\/div><div id=\"pgc-538-6-1\"  class=\"panel-grid-cell panel-grid-cell-mobile-last\" ><div id=\"panel-538-6-1-0\" class=\"so-panel widget_text panel-first-child panel-last-child\" data-index=\"19\" >\t\t\t<div class=\"textwidget\"><p><strong>APIGRAF<\/strong> est un logiciel d&#8217;automate sur PC en temps r\u00e9el incluant un atelier logiciel convivial pour la programmation des t\u00e2ches automates ainsi qu&#8217;un atelier de supervision. Ce logiciel est d\u00e9di\u00e9 aux plateformes <strong>DOS 6.22, <\/strong>il n&#8217;est donc plus adapt\u00e9 \u00e0 la production de nouvelles installations, n\u00e9anmoins Optimalog fournit le support de ce produit avec lequel de nombreux syst\u00e8mes continuent \u00e0 fonctionner encore aujourd&#8217;hui.<\/p>\n<p>L&#8217;upgrade d&#8217;Apigraf vers <a href=\"https:\/\/www.optimalog.com\/en\/produits\/logiciels-dautomatisme\/optima-plc-presentation\/\"><strong>Optima PLC<\/strong><\/a> est une prestation que nous fournissons r\u00e9guli\u00e8rement. Celle-ci est facilit\u00e9e par la disponibilit\u00e9 du langage Apigraf dans <a href=\"https:\/\/www.optimalog.com\/en\/produits\/logiciels-dautomatisme\/optima-plc-presentation\/\"><strong>Optima PLC<\/strong><\/a>, permettant de reprendre assez rapidement la programmation automate. <a href=\"https:\/\/www.optimalog.com\/en\/contact\/\">Contact us<\/a> pour davantage d&#8217;informations et pour obtenir un devis.<\/p>\n<\/div>\n\t\t<\/div><\/div><div id=\"pgc-538-6-2\"  class=\"panel-grid-cell panel-grid-cell-empty\" ><\/div><\/div><\/div>","protected":false},"excerpt":{"rendered":"<p>Nos logiciels sont con\u00e7us de mani\u00e8re \u00e0 fonctionner de mani\u00e8re autonome et ouverte. Cependant leur utilisation conjointe est facilit\u00e9 par une int\u00e9gration pouss\u00e9e : Communication automatique entre applications sans param\u00e9trage particulier, gestion centralis\u00e9e des utilisateurs, etc\u2026 Optima PLC est un logiciel complet d\u2019automate sur base PC (Soft PLC), incluant un atelier logiciel convivial pour la [&hellip;]<\/p>\n","protected":false},"author":1,"featured_media":0,"parent":144,"menu_order":0,"comment_status":"closed","ping_status":"closed","template":"","meta":{"site-sidebar-layout":"default","site-content-layout":"default","ast-site-content-layout":"","site-content-style":"default","site-sidebar-style":"default","ast-global-header-display":"","ast-banner-title-visibility":"","ast-main-header-display":"","ast-hfb-above-header-display":"","ast-hfb-below-header-display":"","ast-hfb-mobile-header-display":"","site-post-title":"","ast-breadcrumbs-content":"","ast-featured-img":"","footer-sml-layout":"","theme-transparent-header-meta":"default","adv-header-id-meta":"","stick-header-meta":"","header-above-stick-meta":"","header-main-stick-meta":"","header-below-stick-meta":"","astra-migrate-meta-layouts":"default","ast-page-background-enabled":"default","ast-page-background-meta":{"desktop":{"background-color":"var(--ast-global-color-4)","background-image":"","background-repeat":"repeat","background-position":"center center","background-size":"auto","background-attachment":"scroll","background-type":"","background-media":"","overlay-type":"","overlay-color":"","overlay-gradient":""},"tablet":{"background-color":"","background-image":"","background-repeat":"repeat","background-position":"center center","background-size":"auto","background-attachment":"scroll","background-type":"","background-media":"","overlay-type":"","overlay-color":"","overlay-gradient":""},"mobile":{"background-color":"","background-image":"","background-repeat":"repeat","background-position":"center center","background-size":"auto","background-attachment":"scroll","background-type":"","background-media":"","overlay-type":"","overlay-color":"","overlay-gradient":""}},"ast-content-background-meta":{"desktop":{"background-color":"var(--ast-global-color-5)","background-image":"","background-repeat":"repeat","background-position":"center center","background-size":"auto","background-attachment":"scroll","background-type":"","background-media":"","overlay-type":"","overlay-color":"","overlay-gradient":""},"tablet":{"background-color":"var(--ast-global-color-5)","background-image":"","background-repeat":"repeat","background-position":"center center","background-size":"auto","background-attachment":"scroll","background-type":"","background-media":"","overlay-type":"","overlay-color":"","overlay-gradient":""},"mobile":{"background-color":"var(--ast-global-color-5)","background-image":"","background-repeat":"repeat","background-position":"center center","background-size":"auto","background-attachment":"scroll","background-type":"","background-media":"","overlay-type":"","overlay-color":"","overlay-gradient":""}},"footnotes":""},"class_list":["post-538","page","type-page","status-publish","hentry"],"yoast_head":"<!-- This site is optimized with the Yoast SEO plugin v27.5 - https:\/\/yoast.com\/product\/yoast-seo-wordpress\/ -->\n<title>Logiciels d&#039;automatisme - Optimalog<\/title>\n<meta name=\"robots\" content=\"index, follow, max-snippet:-1, max-image-preview:large, max-video-preview:-1\" \/>\n<link rel=\"canonical\" href=\"https:\/\/www.optimalog.com\/en\/produits\/logiciels-dautomatisme\/\" \/>\n<meta property=\"og:locale\" content=\"en_GB\" \/>\n<meta property=\"og:type\" content=\"article\" \/>\n<meta property=\"og:title\" content=\"Logiciels d&#039;automatisme - Optimalog\" \/>\n<meta property=\"og:description\" content=\"Nos logiciels sont con\u00e7us de mani\u00e8re \u00e0 fonctionner de mani\u00e8re autonome et ouverte. Cependant leur utilisation conjointe est facilit\u00e9 par une int\u00e9gration pouss\u00e9e : Communication automatique entre applications sans param\u00e9trage particulier, gestion centralis\u00e9e des utilisateurs, etc\u2026 Optima PLC est un logiciel complet d\u2019automate sur base PC (Soft PLC), incluant un atelier logiciel convivial pour la [&hellip;]\" \/>\n<meta property=\"og:url\" content=\"https:\/\/www.optimalog.com\/en\/produits\/logiciels-dautomatisme\/\" \/>\n<meta property=\"og:site_name\" content=\"Optimalog\" \/>\n<meta property=\"article:modified_time\" content=\"2022-09-02T08:51:40+00:00\" \/>\n<meta name=\"twitter:card\" content=\"summary_large_image\" \/>\n<meta name=\"twitter:site\" content=\"@OptimalogCom\" \/>\n<meta name=\"twitter:label1\" content=\"Estimated reading time\" \/>\n\t<meta name=\"twitter:data1\" content=\"3 minutes\" \/>\n<script type=\"application\/ld+json\" class=\"yoast-schema-graph\">{\"@context\":\"https:\\\/\\\/schema.org\",\"@graph\":[{\"@type\":\"WebPage\",\"@id\":\"https:\\\/\\\/www.optimalog.com\\\/produits\\\/logiciels-dautomatisme\",\"url\":\"https:\\\/\\\/www.optimalog.com\\\/produits\\\/logiciels-dautomatisme\",\"name\":\"Logiciels d'automatisme - Optimalog\",\"isPartOf\":{\"@id\":\"https:\\\/\\\/www.optimalog.com\\\/#website\"},\"datePublished\":\"2022-08-05T09:19:17+00:00\",\"dateModified\":\"2022-09-02T08:51:40+00:00\",\"breadcrumb\":{\"@id\":\"https:\\\/\\\/www.optimalog.com\\\/produits\\\/logiciels-dautomatisme#breadcrumb\"},\"inLanguage\":\"en-GB\",\"potentialAction\":[{\"@type\":\"ReadAction\",\"target\":[\"https:\\\/\\\/www.optimalog.com\\\/produits\\\/logiciels-dautomatisme\"]}]},{\"@type\":\"BreadcrumbList\",\"@id\":\"https:\\\/\\\/www.optimalog.com\\\/produits\\\/logiciels-dautomatisme#breadcrumb\",\"itemListElement\":[{\"@type\":\"ListItem\",\"position\":1,\"name\":\"Accueil\",\"item\":\"https:\\\/\\\/www.optimalog.com\\\/\"},{\"@type\":\"ListItem\",\"position\":2,\"name\":\"Produits\",\"item\":\"https:\\\/\\\/www.optimalog.com\\\/produits\"},{\"@type\":\"ListItem\",\"position\":3,\"name\":\"Logiciels d&#8217;automatisme\"}]},{\"@type\":\"WebSite\",\"@id\":\"https:\\\/\\\/www.optimalog.com\\\/#website\",\"url\":\"https:\\\/\\\/www.optimalog.com\\\/\",\"name\":\"Optimalog\",\"description\":\"Votre architecte en automation\",\"publisher\":{\"@id\":\"https:\\\/\\\/www.optimalog.com\\\/#organization\"},\"potentialAction\":[{\"@type\":\"SearchAction\",\"target\":{\"@type\":\"EntryPoint\",\"urlTemplate\":\"https:\\\/\\\/www.optimalog.com\\\/?s={search_term_string}\"},\"query-input\":{\"@type\":\"PropertyValueSpecification\",\"valueRequired\":true,\"valueName\":\"search_term_string\"}}],\"inLanguage\":\"en-GB\"},{\"@type\":\"Organization\",\"@id\":\"https:\\\/\\\/www.optimalog.com\\\/#organization\",\"name\":\"Optimalog\",\"url\":\"https:\\\/\\\/www.optimalog.com\\\/\",\"logo\":{\"@type\":\"ImageObject\",\"inLanguage\":\"en-GB\",\"@id\":\"https:\\\/\\\/www.optimalog.com\\\/#\\\/schema\\\/logo\\\/image\\\/\",\"url\":\"https:\\\/\\\/www.optimalog.com\\\/wp-content\\\/uploads\\\/2022\\\/07\\\/Logo-Optimalog-petit-format.png\",\"contentUrl\":\"https:\\\/\\\/www.optimalog.com\\\/wp-content\\\/uploads\\\/2022\\\/07\\\/Logo-Optimalog-petit-format.png\",\"width\":160,\"height\":74,\"caption\":\"Optimalog\"},\"image\":{\"@id\":\"https:\\\/\\\/www.optimalog.com\\\/#\\\/schema\\\/logo\\\/image\\\/\"},\"sameAs\":[\"https:\\\/\\\/x.com\\\/OptimalogCom\"]}]}<\/script>\n<!-- \/ Yoast SEO plugin. -->","yoast_head_json":{"title":"Logiciels d'automatisme - Optimalog","robots":{"index":"index","follow":"follow","max-snippet":"max-snippet:-1","max-image-preview":"max-image-preview:large","max-video-preview":"max-video-preview:-1"},"canonical":"https:\/\/www.optimalog.com\/en\/produits\/logiciels-dautomatisme\/","og_locale":"en_GB","og_type":"article","og_title":"Logiciels d'automatisme - Optimalog","og_description":"Nos logiciels sont con\u00e7us de mani\u00e8re \u00e0 fonctionner de mani\u00e8re autonome et ouverte. Cependant leur utilisation conjointe est facilit\u00e9 par une int\u00e9gration pouss\u00e9e : Communication automatique entre applications sans param\u00e9trage particulier, gestion centralis\u00e9e des utilisateurs, etc\u2026 Optima PLC est un logiciel complet d\u2019automate sur base PC (Soft PLC), incluant un atelier logiciel convivial pour la [&hellip;]","og_url":"https:\/\/www.optimalog.com\/en\/produits\/logiciels-dautomatisme\/","og_site_name":"Optimalog","article_modified_time":"2022-09-02T08:51:40+00:00","twitter_card":"summary_large_image","twitter_site":"@OptimalogCom","twitter_misc":{"Estimated reading time":"3 minutes"},"schema":{"@context":"https:\/\/schema.org","@graph":[{"@type":"WebPage","@id":"https:\/\/www.optimalog.com\/produits\/logiciels-dautomatisme","url":"https:\/\/www.optimalog.com\/produits\/logiciels-dautomatisme","name":"Logiciels d'automatisme - Optimalog","isPartOf":{"@id":"https:\/\/www.optimalog.com\/#website"},"datePublished":"2022-08-05T09:19:17+00:00","dateModified":"2022-09-02T08:51:40+00:00","breadcrumb":{"@id":"https:\/\/www.optimalog.com\/produits\/logiciels-dautomatisme#breadcrumb"},"inLanguage":"en-GB","potentialAction":[{"@type":"ReadAction","target":["https:\/\/www.optimalog.com\/produits\/logiciels-dautomatisme"]}]},{"@type":"BreadcrumbList","@id":"https:\/\/www.optimalog.com\/produits\/logiciels-dautomatisme#breadcrumb","itemListElement":[{"@type":"ListItem","position":1,"name":"Accueil","item":"https:\/\/www.optimalog.com\/"},{"@type":"ListItem","position":2,"name":"Produits","item":"https:\/\/www.optimalog.com\/produits"},{"@type":"ListItem","position":3,"name":"Logiciels d&#8217;automatisme"}]},{"@type":"WebSite","@id":"https:\/\/www.optimalog.com\/#website","url":"https:\/\/www.optimalog.com\/","name":"Optimalog","description":"Your architect in automation","publisher":{"@id":"https:\/\/www.optimalog.com\/#organization"},"potentialAction":[{"@type":"SearchAction","target":{"@type":"EntryPoint","urlTemplate":"https:\/\/www.optimalog.com\/?s={search_term_string}"},"query-input":{"@type":"PropertyValueSpecification","valueRequired":true,"valueName":"search_term_string"}}],"inLanguage":"en-GB"},{"@type":"Organization","@id":"https:\/\/www.optimalog.com\/#organization","name":"Optimalog","url":"https:\/\/www.optimalog.com\/","logo":{"@type":"ImageObject","inLanguage":"en-GB","@id":"https:\/\/www.optimalog.com\/#\/schema\/logo\/image\/","url":"https:\/\/www.optimalog.com\/wp-content\/uploads\/2022\/07\/Logo-Optimalog-petit-format.png","contentUrl":"https:\/\/www.optimalog.com\/wp-content\/uploads\/2022\/07\/Logo-Optimalog-petit-format.png","width":160,"height":74,"caption":"Optimalog"},"image":{"@id":"https:\/\/www.optimalog.com\/#\/schema\/logo\/image\/"},"sameAs":["https:\/\/x.com\/OptimalogCom"]}]}},"_links":{"self":[{"href":"https:\/\/www.optimalog.com\/en\/wp-json\/wp\/v2\/pages\/538","targetHints":{"allow":["GET"]}}],"collection":[{"href":"https:\/\/www.optimalog.com\/en\/wp-json\/wp\/v2\/pages"}],"about":[{"href":"https:\/\/www.optimalog.com\/en\/wp-json\/wp\/v2\/types\/page"}],"author":[{"embeddable":true,"href":"https:\/\/www.optimalog.com\/en\/wp-json\/wp\/v2\/users\/1"}],"replies":[{"embeddable":true,"href":"https:\/\/www.optimalog.com\/en\/wp-json\/wp\/v2\/comments?post=538"}],"version-history":[{"count":40,"href":"https:\/\/www.optimalog.com\/en\/wp-json\/wp\/v2\/pages\/538\/revisions"}],"predecessor-version":[{"id":1977,"href":"https:\/\/www.optimalog.com\/en\/wp-json\/wp\/v2\/pages\/538\/revisions\/1977"}],"up":[{"embeddable":true,"href":"https:\/\/www.optimalog.com\/en\/wp-json\/wp\/v2\/pages\/144"}],"wp:attachment":[{"href":"https:\/\/www.optimalog.com\/en\/wp-json\/wp\/v2\/media?parent=538"}],"curies":[{"name":"wp","href":"https:\/\/api.w.org\/{rel}","templated":true}]}}