{"id":22,"date":"2022-07-25T11:18:15","date_gmt":"2022-07-25T09:18:15","guid":{"rendered":"http:\/\/s169997260.onlinehome.fr\/?page_id=22"},"modified":"2022-09-01T08:31:16","modified_gmt":"2022-09-01T06:31:16","slug":"accueil","status":"publish","type":"page","link":"https:\/\/www.optimalog.com\/en\/","title":{"rendered":"Welcome to Optimalog"},"content":{"rendered":"<div id=\"pl-22\"  class=\"panel-layout\" ><div id=\"pg-22-0\"  class=\"panel-grid panel-has-style\" ><div class=\"wide-grey panel-row-style panel-row-style-for-22-0\" ><div id=\"pgc-22-0-0\"  class=\"panel-grid-cell\" ><div id=\"panel-22-0-0-0\" class=\"so-panel widget_text panel-first-child\" data-index=\"0\" >\t\t\t<div class=\"textwidget\"><p class=\"translation-block\"><strong>Optimalog<\/strong> is your preferred partner for your industrial development projects. <strong>Optimalog<\/strong> has the expertise of a team of engineers with <strong>25 years of experience<\/strong> in automation and industrial computing.<\/p>\n<p>We offer a range of software for PC-based automation (PLC on PC, Supervision) as well as all related services.<\/p>\n<\/div>\n\t\t<\/div><div id=\"panel-22-0-0-1\" class=\"so-panel widget_sow-anything-carousel panel-last-child\" data-index=\"1\" ><div class=\"so-rounded panel-widget-style panel-widget-style-for-22-0-0-1\" ><div\n\t\t\t\n\t\t\tclass=\"so-widget-sow-anything-carousel so-widget-sow-anything-carousel-base-373b9da35964-22\"\n\t\t\t\n\t\t><div class=\"sow-carousel-title\">\n\t<\/div>\n\n<div class=\"sow-carousel-container\">\n\t\t\t<div class=\"sow-carousel-navigation sow-carousel-navigation-prev\">\n\t\t\t\t\t\t<a href=\"#\" class=\"sow-carousel-previous\" title=\"Previous\" aria-label=\"Previous Posts\" role=\"button\"><\/a>\n\t\t\t\t\t<\/div>\n\t\t<div class=\"sow-carousel-wrapper\"\n\t\tdata-dir=\"ltr\"\n\t\tstyle=\"opacity: 0;\"\n\t\tdata-widget=\"anything\" data-item_count=\"6\" data-loop=\"\" data-carousel_settings=\"{&quot;loop&quot;:true,&quot;dots&quot;:true,&quot;animation&quot;:&quot;ease&quot;,&quot;animation_speed&quot;:500,&quot;autoplay&quot;:true,&quot;pauseOnHover&quot;:true,&quot;autoplaySpeed&quot;:5000,&quot;item_overflow&quot;:false,&quot;adaptive_height&quot;:false,&quot;appendDots&quot;:false}\" data-responsive=\"{&quot;desktop_slides_to_scroll&quot;:1,&quot;tablet_landscape_breakpoint&quot;:1366,&quot;tablet_landscape_slides_to_scroll&quot;:3,&quot;tablet_portrait_breakpoint&quot;:1025,&quot;tablet_portrait_slides_to_scroll&quot;:2,&quot;mobile_breakpoint&quot;:480,&quot;mobile_slides_to_scroll&quot;:1,&quot;desktop_slides_to_show&quot;:3,&quot;tablet_landscape_slides_to_show&quot;:3,&quot;tablet_portrait_slides_to_show&quot;:2,&quot;mobile_slides_to_show&quot;:1}\" \t>\n\t\t<div\n\t\t\tclass=\"sow-carousel-items\"\n\t\t\t\t\t>\n\t\t\t\t<div class=\"sow-carousel-item\" tabindex=\"-1\">\n\t\t\t\t\t<h4 class=\"sow-carousel-item-title\">\n\t\t\t\tAutomation Software\t\t\t<\/h4>\n\t\t\n\t\t<div class=\"sow-carousel-content\">\n\t\t\t<p class=\"translation-block\"><strong>Optimalog<\/strong> offers you a set of PC-based automation software (PLC, supervision, alarms).<\/p>\n<p><img loading=\"lazy\" decoding=\"async\" class=\"alignnone size-full wp-image-104\" src=\"https:\/\/www.optimalog.com\/wp-content\/uploads\/images\/image_oplc.gif\" alt=\"\" width=\"300\" height=\"233\" \/><\/p>\n<div class=\"text translation-block\">A 30-day trial version is available for download.<\/div>\n<div><a href=\"https:\/\/www.optimalog.com\/en\/produits\/logiciels-dautomatisme\/\">Plus<\/a><\/div>\n\t\t<\/div>\n\t<\/div>\n\t\t<div class=\"sow-carousel-item\" tabindex=\"-1\">\n\t\t\t\t\t<h4 class=\"sow-carousel-item-title\">\n\t\t\t\tIndustrial PCs\t\t\t<\/h4>\n\t\t\n\t\t<div class=\"sow-carousel-content\">\n\t\t\t<p style=\"text-align: left;\" class=\"translation-block\"><strong>Optimalog<\/strong> offers you a range of industrial PCs, equipped according to your needs.<\/p>\n<p><img loading=\"lazy\" decoding=\"async\" class=\"size-full wp-image-105 alignnone\" src=\"https:\/\/www.optimalog.com\/wp-content\/uploads\/2022\/07\/logo_pcindus_petit.gif\" alt=\"\" width=\"150\" height=\"113\" \/><br \/>\n<img loading=\"lazy\" decoding=\"async\" class=\"size-full wp-image-108 alignnone\" src=\"https:\/\/www.optimalog.com\/wp-content\/uploads\/2022\/07\/logo_pctype2.jpg\" alt=\"\" width=\"150\" height=\"119\" \/><\/p>\n<p><a href=\"https:\/\/www.optimalog.com\/en\/produits\/pc-industriels\/\">Plus<\/a><\/p>\n\t\t<\/div>\n\t<\/div>\n\t\t<div class=\"sow-carousel-item\" tabindex=\"-1\">\n\t\t\t\t\t<h4 class=\"sow-carousel-item-title\">\n\t\t\t\tRobotics\t\t\t<\/h4>\n\t\t\n\t\t<div class=\"sow-carousel-content\">\n\t\t\t<div class=\"text\">\n<p style=\"text-align: left;\" class=\"translation-block\"><strong>Optimalog<\/strong> integrates or<br>\nhelps you integrate<br>\nyour robot <strong>FANUC<br>\n<\/strong><span style=\"font-size: 16px\">or <\/span><strong style=\"font-size: 16px\">KUKA<\/strong><span style=\"font-size: 16px\">.<\/span><\/p>\n<p><img loading=\"lazy\" decoding=\"async\" class=\"alignnone wp-image-1048\" src=\"https:\/\/www.optimalog.com\/wp-content\/uploads\/images\/Robots_Fanuc-300x300.png\" alt=\"\" width=\"204\" height=\"204\" srcset=\"https:\/\/www.optimalog.com\/wp-content\/uploads\/images\/Robots_Fanuc-300x300.png 300w, https:\/\/www.optimalog.com\/wp-content\/uploads\/images\/Robots_Fanuc-150x150.png 150w, https:\/\/www.optimalog.com\/wp-content\/uploads\/images\/Robots_Fanuc-12x12.png 12w, https:\/\/www.optimalog.com\/wp-content\/uploads\/images\/Robots_Fanuc-375x375.png 375w, https:\/\/www.optimalog.com\/wp-content\/uploads\/images\/Robots_Fanuc.png 720w\" sizes=\"auto, (max-width: 204px) 100vw, 204px\" \/><\/p>\n<p><a href=\"https:\/\/www.optimalog.com\/en\/prestations\/robotique\/\">Plus<\/a><\/p>\n<\/div>\n\t\t<\/div>\n\t<\/div>\n\t\t<div class=\"sow-carousel-item\" tabindex=\"-1\">\n\t\t\t\t\t<h4 class=\"sow-carousel-item-title\">\n\t\t\t\tSpecial Machines\t\t\t<\/h4>\n\t\t\n\t\t<div class=\"sow-carousel-content\">\n\t\t\t<p style=\"text-align: left;\" class=\"translation-block\">From design to<br>\nachievement, total or<br>\npartial, on notebook<br>\ncharges.<\/p>\n<p><img loading=\"lazy\" decoding=\"async\" class=\"wp-image-111 alignnone\" src=\"https:\/\/www.optimalog.com\/wp-content\/uploads\/2022\/07\/RobotEncaiss1-300x255.jpg\" alt=\"\" width=\"204\" height=\"173\" srcset=\"https:\/\/www.optimalog.com\/wp-content\/uploads\/2022\/07\/RobotEncaiss1-300x255.jpg 300w, https:\/\/www.optimalog.com\/wp-content\/uploads\/2022\/07\/RobotEncaiss1.jpg 400w\" sizes=\"auto, (max-width: 204px) 100vw, 204px\" \/><\/p>\n<p><a href=\"https:\/\/www.optimalog.com\/en\/prestations\/machines-speciales\/\">Plus<\/a><\/p>\n\t\t<\/div>\n\t<\/div>\n\t\t<div class=\"sow-carousel-item\" tabindex=\"-1\">\n\t\t\t\t\t<h4 class=\"sow-carousel-item-title\">\n\t\t\t\tSyst\u00e8mes automatis\u00e9s\t\t\t<\/h4>\n\t\t\n\t\t<div class=\"sow-carousel-content\">\n\t\t\t<p style=\"text-align: left;\" class=\"translation-block\"><strong>Test benches<\/strong> for<br>\nlaboratory, systems<br>\nAutomated <strong>phenotyping<\/strong><br>\nbroadband for research<br>\nagronomic, etc.<\/p>\n<p style=\"text-align: left;\"><img loading=\"lazy\" decoding=\"async\" class=\"size-full wp-image-112 alignnone\" src=\"https:\/\/www.optimalog.com\/wp-content\/uploads\/2022\/07\/image_pheno2.jpg\" alt=\"\" width=\"206\" height=\"281\" \/><\/p>\n<p style=\"text-align: left;\"><a href=\"https:\/\/www.optimalog.com\/en\/prestations\/bancs-de-test\/\">Plus<\/a><\/p>\n\t\t<\/div>\n\t<\/div>\n\t\t<div class=\"sow-carousel-item\" tabindex=\"-1\">\n\t\t\t\t\t<h4 class=\"sow-carousel-item-title\">\n\t\t\t\tMachine Vision\t\t\t<\/h4>\n\t\t\n\t\t<div class=\"sow-carousel-content\">\n\t\t\t<p style=\"text-align: left;\" class=\"translation-block\">With Optimalog,<br>\nset up quickly<br>\na high performance \nvision system<br>.<\/p>\n<p style=\"text-align: left;\" class=\"translation-block\">Ce syst\u00e8me am\u00e9liore<br>\r\nvotre contr\u00f4le qualit\u00e9<br>\r\ntout en limitant les rejets.<\/p>\n<p><img loading=\"lazy\" decoding=\"async\" class=\"alignnone  wp-image-1838\" src=\"https:\/\/www.optimalog.com\/wp-content\/uploads\/images\/Camera-Cognex-1-300x300.png\" alt=\"\" width=\"159\" height=\"159\" srcset=\"https:\/\/www.optimalog.com\/wp-content\/uploads\/images\/Camera-Cognex-1-300x300.png 300w, https:\/\/www.optimalog.com\/wp-content\/uploads\/images\/Camera-Cognex-1-150x150.png 150w, https:\/\/www.optimalog.com\/wp-content\/uploads\/images\/Camera-Cognex-1-12x12.png 12w, https:\/\/www.optimalog.com\/wp-content\/uploads\/images\/Camera-Cognex-1-375x375.png 375w, https:\/\/www.optimalog.com\/wp-content\/uploads\/images\/Camera-Cognex-1.png 380w\" sizes=\"auto, (max-width: 159px) 100vw, 159px\" \/><\/p>\n<p><a href=\"https:\/\/www.optimalog.com\/en\/prestations\/vision-industrielle\/\">Plus<\/a><\/p>\n\t\t<\/div>\n\t<\/div>\n\t\t\t<\/div>\n\t\t\t<\/div>\n\n\t\t\t<div class=\"sow-carousel-navigation sow-carousel-navigation-next\">\n\t\t\t\t\t\t<a href=\"#\" class=\"sow-carousel-next\" title=\"Next\" aria-label=\"Next Posts\" role=\"button\"><\/a>\n\t\t\t\t\t<\/div>\n\t<\/div>\n<\/div><\/div><\/div><\/div><\/div><\/div><div id=\"pg-22-1\"  class=\"panel-grid panel-has-style\" ><div class=\"so-rounded panel-row-style panel-row-style-for-22-1\" ><div id=\"pgc-22-1-0\"  class=\"panel-grid-cell\" ><div id=\"panel-22-1-0-0\" class=\"so-panel widget_sow-video panel-first-child\" data-index=\"2\" ><div\n\t\t\t\n\t\t\tclass=\"so-widget-sow-video so-widget-sow-video-default-c08170c47cfb-22\"\n\t\t\t\n\t\t>\n<div class=\"sow-video-wrapper use-fitvids\">\n\t\t\t<video\n\t\t\tid=\"sow-player-1\" class=\"sow-video-widget\" preload=\"auto\" style=\"width:100%;height:100%;\" autoplay playsinline muted=\"1\" loop=\"true\" controls>\n\t\t\t\t\t\t\t<source type=\"\" src=\"https:\/\/www.youtube.com\/watch?v=k2PDwaZCBaI\"\/>\n\t\t\t\t\t<\/video>\n\t<\/div>\n<\/div><\/div><div id=\"panel-22-1-0-1\" class=\"so-panel widget_sow-editor panel-last-child\" data-index=\"3\" ><div\n\t\t\t\n\t\t\tclass=\"so-widget-sow-editor so-widget-sow-editor-base\"\n\t\t\t\n\t\t>\n<div class=\"siteorigin-widget-tinymce textwidget\">\n\t<p style=\"text-align: center;\"><a href=\"https:\/\/www.optimalog.com\/en\/produits\/heliaphen\/\">Robot autonome H\u00e9liaphen<\/a><\/p>\n<\/div>\n<\/div><\/div><\/div><div id=\"pgc-22-1-1\"  class=\"panel-grid-cell\" ><div id=\"panel-22-1-1-0\" class=\"so-panel widget_sow-video panel-first-child\" data-index=\"4\" ><div\n\t\t\t\n\t\t\tclass=\"so-widget-sow-video so-widget-sow-video-default-c08170c47cfb-22\"\n\t\t\t\n\t\t>\n<div class=\"sow-video-wrapper use-fitvids\">\n\t\t\t<video\n\t\t\tid=\"sow-player-2\" class=\"sow-video-widget\" preload=\"auto\" style=\"width:100%;height:100%;\" loop=\"true\" controls>\n\t\t\t\t\t\t\t<source type=\"\" src=\"https:\/\/www.youtube.com\/watch?v=_AMzFwdGe08&#038;list=TLGGvB73L6satTkyOTA4MjAyMg&#038;t=5s\"\/>\n\t\t\t\t\t<\/video>\n\t<\/div>\n<\/div><\/div><div id=\"panel-22-1-1-1\" class=\"so-panel widget_sow-editor panel-last-child\" data-index=\"5\" ><div\n\t\t\t\n\t\t\tclass=\"so-widget-sow-editor so-widget-sow-editor-base\"\n\t\t\t\n\t\t>\n<div class=\"siteorigin-widget-tinymce textwidget\">\n\t<p style=\"text-align: center;\"><a href=\"https:\/\/www.optimalog.com\/en\/tele-echographie-dans-la-station-spatiale-internationale\/\">Spatial tele-echography<\/a><\/p>\n<\/div>\n<\/div><\/div><\/div><\/div><\/div><\/div>","protected":false},"excerpt":{"rendered":"<p>Optimalog\u00a0est votre partenaire privil\u00e9gi\u00e9 pour vos projets de d\u00e9veloppement industriel.\u00a0Optimalog c&#8217;est l&#8217;expertise d&#8217;une \u00e9quipe d&#8217;ing\u00e9nieurs avec 25\u00a0ans d&#8217;exp\u00e9rience\u00a0dans les automatismes et l&#8217;informatique industrielle. Nous vous proposons une\u00a0gamme de logiciels destin\u00e9s \u00e0 l&#8217;automation sur base PC, (automate sur PC, Supervision) ainsi que tous les services aff\u00e9rents. Robot autonome H\u00e9liaphen T\u00e9l\u00e9-\u00e9chographie spatiale<\/p>","protected":false},"author":1,"featured_media":0,"parent":0,"menu_order":0,"comment_status":"closed","ping_status":"closed","template":"","meta":{"site-sidebar-layout":"right-sidebar","site-content-layout":"plain-container","ast-site-content-layout":"","site-content-style":"default","site-sidebar-style":"default","ast-global-header-display":"","ast-banner-title-visibility":"","ast-main-header-display":"","ast-hfb-above-header-display":"","ast-hfb-below-header-display":"","ast-hfb-mobile-header-display":"","site-post-title":"","ast-breadcrumbs-content":"","ast-featured-img":"","footer-sml-layout":"","theme-transparent-header-meta":"default","adv-header-id-meta":"","stick-header-meta":"","header-above-stick-meta":"","header-main-stick-meta":"","header-below-stick-meta":"","astra-migrate-meta-layouts":"default","ast-page-background-enabled":"default","ast-page-background-meta":{"desktop":{"background-color":"var(--ast-global-color-4)","background-image":"","background-repeat":"repeat","background-position":"center center","background-size":"auto","background-attachment":"scroll","background-type":"","background-media":"","overlay-type":"","overlay-color":"","overlay-gradient":""},"tablet":{"background-color":"","background-image":"","background-repeat":"repeat","background-position":"center center","background-size":"auto","background-attachment":"scroll","background-type":"","background-media":"","overlay-type":"","overlay-color":"","overlay-gradient":""},"mobile":{"background-color":"","background-image":"","background-repeat":"repeat","background-position":"center center","background-size":"auto","background-attachment":"scroll","background-type":"","background-media":"","overlay-type":"","overlay-color":"","overlay-gradient":""}},"ast-content-background-meta":{"desktop":{"background-color":"var(--ast-global-color-5)","background-image":"","background-repeat":"repeat","background-position":"center center","background-size":"auto","background-attachment":"scroll","background-type":"","background-media":"","overlay-type":"","overlay-color":"","overlay-gradient":""},"tablet":{"background-color":"var(--ast-global-color-5)","background-image":"","background-repeat":"repeat","background-position":"center center","background-size":"auto","background-attachment":"scroll","background-type":"","background-media":"","overlay-type":"","overlay-color":"","overlay-gradient":""},"mobile":{"background-color":"var(--ast-global-color-5)","background-image":"","background-repeat":"repeat","background-position":"center center","background-size":"auto","background-attachment":"scroll","background-type":"","background-media":"","overlay-type":"","overlay-color":"","overlay-gradient":""}},"footnotes":""},"class_list":["post-22","page","type-page","status-publish","hentry"],"yoast_head":"<!-- This site is optimized with the Yoast SEO plugin v27.5 - https:\/\/yoast.com\/product\/yoast-seo-wordpress\/ -->\n<title>Bienvenue chez Optimalog - Optimalog<\/title>\n<meta name=\"description\" content=\"Informatique industrielle, automatismes, robotique.\" \/>\n<meta name=\"robots\" content=\"index, follow, max-snippet:-1, max-image-preview:large, max-video-preview:-1\" \/>\n<link rel=\"canonical\" href=\"https:\/\/www.optimalog.com\/en\/\" \/>\n<meta property=\"og:locale\" content=\"en_GB\" \/>\n<meta property=\"og:type\" content=\"article\" \/>\n<meta property=\"og:title\" content=\"Optimalog\" \/>\n<meta property=\"og:description\" content=\"Informatique industrielle, automatismes, robotique.\" \/>\n<meta property=\"og:url\" content=\"https:\/\/www.optimalog.com\/en\/\" \/>\n<meta property=\"og:site_name\" content=\"Optimalog\" \/>\n<meta property=\"article:modified_time\" content=\"2022-09-01T06:31:16+00:00\" \/>\n<meta property=\"og:image\" content=\"https:\/\/www.optimalog.com\/wp-content\/uploads\/2022\/07\/Logo-optimalog-grand-format.png\" \/>\n\t<meta property=\"og:image:width\" content=\"2953\" \/>\n\t<meta property=\"og:image:height\" content=\"1417\" \/>\n\t<meta property=\"og:image:type\" content=\"image\/png\" \/>\n<meta name=\"twitter:card\" content=\"summary_large_image\" \/>\n<meta name=\"twitter:title\" content=\"Optimalog\" \/>\n<meta name=\"twitter:image\" content=\"https:\/\/www.optimalog.com\/wp-content\/uploads\/2022\/07\/Logo-optimalog-grand-format.png\" \/>\n<meta name=\"twitter:site\" content=\"@OptimalogCom\" \/>\n<meta name=\"twitter:label1\" content=\"Estimated reading time\" \/>\n\t<meta name=\"twitter:data1\" content=\"1 minute\" \/>\n<script type=\"application\/ld+json\" class=\"yoast-schema-graph\">{\"@context\":\"https:\\\/\\\/schema.org\",\"@graph\":[{\"@type\":\"WebPage\",\"@id\":\"https:\\\/\\\/www.optimalog.com\\\/\",\"url\":\"https:\\\/\\\/www.optimalog.com\\\/\",\"name\":\"Bienvenue chez Optimalog - Optimalog\",\"isPartOf\":{\"@id\":\"https:\\\/\\\/www.optimalog.com\\\/#website\"},\"datePublished\":\"2022-07-25T09:18:15+00:00\",\"dateModified\":\"2022-09-01T06:31:16+00:00\",\"description\":\"Informatique industrielle, automatismes, robotique.\",\"breadcrumb\":{\"@id\":\"https:\\\/\\\/www.optimalog.com\\\/#breadcrumb\"},\"inLanguage\":\"en-GB\",\"potentialAction\":[{\"@type\":\"ReadAction\",\"target\":[\"https:\\\/\\\/www.optimalog.com\\\/\"]}]},{\"@type\":\"BreadcrumbList\",\"@id\":\"https:\\\/\\\/www.optimalog.com\\\/#breadcrumb\",\"itemListElement\":[{\"@type\":\"ListItem\",\"position\":1,\"name\":\"Accueil\",\"item\":\"https:\\\/\\\/www.optimalog.com\\\/\"},{\"@type\":\"ListItem\",\"position\":2,\"name\":\"Bienvenue chez Optimalog\"}]},{\"@type\":\"WebSite\",\"@id\":\"https:\\\/\\\/www.optimalog.com\\\/#website\",\"url\":\"https:\\\/\\\/www.optimalog.com\\\/\",\"name\":\"Optimalog\",\"description\":\"Votre architecte en automation\",\"publisher\":{\"@id\":\"https:\\\/\\\/www.optimalog.com\\\/#organization\"},\"potentialAction\":[{\"@type\":\"SearchAction\",\"target\":{\"@type\":\"EntryPoint\",\"urlTemplate\":\"https:\\\/\\\/www.optimalog.com\\\/?s={search_term_string}\"},\"query-input\":{\"@type\":\"PropertyValueSpecification\",\"valueRequired\":true,\"valueName\":\"search_term_string\"}}],\"inLanguage\":\"en-GB\"},{\"@type\":\"Organization\",\"@id\":\"https:\\\/\\\/www.optimalog.com\\\/#organization\",\"name\":\"Optimalog\",\"url\":\"https:\\\/\\\/www.optimalog.com\\\/\",\"logo\":{\"@type\":\"ImageObject\",\"inLanguage\":\"en-GB\",\"@id\":\"https:\\\/\\\/www.optimalog.com\\\/#\\\/schema\\\/logo\\\/image\\\/\",\"url\":\"https:\\\/\\\/www.optimalog.com\\\/wp-content\\\/uploads\\\/2022\\\/07\\\/Logo-Optimalog-petit-format.png\",\"contentUrl\":\"https:\\\/\\\/www.optimalog.com\\\/wp-content\\\/uploads\\\/2022\\\/07\\\/Logo-Optimalog-petit-format.png\",\"width\":160,\"height\":74,\"caption\":\"Optimalog\"},\"image\":{\"@id\":\"https:\\\/\\\/www.optimalog.com\\\/#\\\/schema\\\/logo\\\/image\\\/\"},\"sameAs\":[\"https:\\\/\\\/x.com\\\/OptimalogCom\"]}]}<\/script>\n<!-- \/ Yoast SEO plugin. -->","yoast_head_json":{"title":"Bienvenue chez Optimalog - Optimalog","description":"Informatique industrielle, automatismes, robotique.","robots":{"index":"index","follow":"follow","max-snippet":"max-snippet:-1","max-image-preview":"max-image-preview:large","max-video-preview":"max-video-preview:-1"},"canonical":"https:\/\/www.optimalog.com\/en\/","og_locale":"en_GB","og_type":"article","og_title":"Optimalog","og_description":"Informatique industrielle, automatismes, robotique.","og_url":"https:\/\/www.optimalog.com\/en\/","og_site_name":"Optimalog","article_modified_time":"2022-09-01T06:31:16+00:00","og_image":[{"width":2953,"height":1417,"url":"https:\/\/www.optimalog.com\/wp-content\/uploads\/2022\/07\/Logo-optimalog-grand-format.png","type":"image\/png"}],"twitter_card":"summary_large_image","twitter_title":"Optimalog","twitter_image":"https:\/\/www.optimalog.com\/wp-content\/uploads\/2022\/07\/Logo-optimalog-grand-format.png","twitter_site":"@OptimalogCom","twitter_misc":{"Estimated reading time":"1 minute"},"schema":{"@context":"https:\/\/schema.org","@graph":[{"@type":"WebPage","@id":"https:\/\/www.optimalog.com\/","url":"https:\/\/www.optimalog.com\/","name":"Bienvenue chez Optimalog - Optimalog","isPartOf":{"@id":"https:\/\/www.optimalog.com\/#website"},"datePublished":"2022-07-25T09:18:15+00:00","dateModified":"2022-09-01T06:31:16+00:00","description":"Informatique industrielle, automatismes, robotique.","breadcrumb":{"@id":"https:\/\/www.optimalog.com\/#breadcrumb"},"inLanguage":"en-GB","potentialAction":[{"@type":"ReadAction","target":["https:\/\/www.optimalog.com\/"]}]},{"@type":"BreadcrumbList","@id":"https:\/\/www.optimalog.com\/#breadcrumb","itemListElement":[{"@type":"ListItem","position":1,"name":"Accueil","item":"https:\/\/www.optimalog.com\/"},{"@type":"ListItem","position":2,"name":"Bienvenue chez Optimalog"}]},{"@type":"WebSite","@id":"https:\/\/www.optimalog.com\/#website","url":"https:\/\/www.optimalog.com\/","name":"Optimalog","description":"Your architect in automation","publisher":{"@id":"https:\/\/www.optimalog.com\/#organization"},"potentialAction":[{"@type":"SearchAction","target":{"@type":"EntryPoint","urlTemplate":"https:\/\/www.optimalog.com\/?s={search_term_string}"},"query-input":{"@type":"PropertyValueSpecification","valueRequired":true,"valueName":"search_term_string"}}],"inLanguage":"en-GB"},{"@type":"Organization","@id":"https:\/\/www.optimalog.com\/#organization","name":"Optimalog","url":"https:\/\/www.optimalog.com\/","logo":{"@type":"ImageObject","inLanguage":"en-GB","@id":"https:\/\/www.optimalog.com\/#\/schema\/logo\/image\/","url":"https:\/\/www.optimalog.com\/wp-content\/uploads\/2022\/07\/Logo-Optimalog-petit-format.png","contentUrl":"https:\/\/www.optimalog.com\/wp-content\/uploads\/2022\/07\/Logo-Optimalog-petit-format.png","width":160,"height":74,"caption":"Optimalog"},"image":{"@id":"https:\/\/www.optimalog.com\/#\/schema\/logo\/image\/"},"sameAs":["https:\/\/x.com\/OptimalogCom"]}]}},"_links":{"self":[{"href":"https:\/\/www.optimalog.com\/en\/wp-json\/wp\/v2\/pages\/22","targetHints":{"allow":["GET"]}}],"collection":[{"href":"https:\/\/www.optimalog.com\/en\/wp-json\/wp\/v2\/pages"}],"about":[{"href":"https:\/\/www.optimalog.com\/en\/wp-json\/wp\/v2\/types\/page"}],"author":[{"embeddable":true,"href":"https:\/\/www.optimalog.com\/en\/wp-json\/wp\/v2\/users\/1"}],"replies":[{"embeddable":true,"href":"https:\/\/www.optimalog.com\/en\/wp-json\/wp\/v2\/comments?post=22"}],"version-history":[{"count":219,"href":"https:\/\/www.optimalog.com\/en\/wp-json\/wp\/v2\/pages\/22\/revisions"}],"predecessor-version":[{"id":1931,"href":"https:\/\/www.optimalog.com\/en\/wp-json\/wp\/v2\/pages\/22\/revisions\/1931"}],"wp:attachment":[{"href":"https:\/\/www.optimalog.com\/en\/wp-json\/wp\/v2\/media?parent=22"}],"curies":[{"name":"wp","href":"https:\/\/api.w.org\/{rel}","templated":true}]}}