{"id":1471,"date":"2022-08-12T14:57:58","date_gmt":"2022-08-12T12:57:58","guid":{"rendered":"http:\/\/www.optimalog.net\/?page_id=1471"},"modified":"2022-08-29T14:27:43","modified_gmt":"2022-08-29T12:27:43","slug":"vision-industrielle","status":"publish","type":"page","link":"https:\/\/www.optimalog.com\/en\/prestations\/vision-industrielle","title":{"rendered":"Machine Vision"},"content":{"rendered":"<div id=\"pl-1471\"  class=\"panel-layout\" ><div id=\"pg-1471-0\"  class=\"panel-grid panel-no-style\" ><div id=\"pgc-1471-0-0\"  class=\"panel-grid-cell\" ><div id=\"panel-1471-0-0-0\" class=\"so-panel widget_sow-editor panel-first-child\" data-index=\"0\" ><div\n\t\t\t\n\t\t\tclass=\"so-widget-sow-editor so-widget-sow-editor-base\"\n\t\t\t\n\t\t>\n<div class=\"siteorigin-widget-tinymce textwidget\">\n\t<p>The expertise of<strong>Optimalog<\/strong>\u00a0in the field of machine vision will allow you to quickly implement a vision system\u00a0<strong>high performance<\/strong>in order to improve the\u00a0<strong>quality control<\/strong> and thus increase the quality of your products while limiting releases :<\/p>\n<ul>\n<li class=\"translation-block\"><strong>Video Recognition<\/strong> Apps<\/li>\n<li class=\"translation-block\"><strong>Part Good\/Fail<\/strong> test with ejection<\/li>\n<li class=\"translation-block\">Video equipment on test bench for <strong>defect detection<\/strong><\/li>\n<li>Analog cameras and smart cameras IP<\/li>\n<li class=\"translation-block\"><strong>High Speed<\/strong> Digital Recording (100-200fps)<\/li>\n<li class=\"translation-block\">Hardware integration <strong>DVT Cognex<\/strong>, Matrox, ...<\/li>\n<\/ul>\n<\/div>\n<\/div><\/div><div id=\"panel-1471-0-0-1\" class=\"so-panel widget_sow-image-grid\" data-index=\"1\" ><div\n\t\t\t\n\t\t\tclass=\"so-widget-sow-image-grid so-widget-sow-image-grid-default-8bf08a9600e8-1471\"\n\t\t\t\n\t\t>\t<div\n\t\tclass=\"sow-image-grid-wrapper\"\n\t\t\t\tdata-max-height=\"150\"\t>\n\t\t\t\t\t<div class=\"sow-image-grid-image\">\n\t\t\t\t\t\t\t\t\t\t\t\t<img loading=\"lazy\" decoding=\"async\" width=\"76\" height=\"115\" src=\"https:\/\/www.optimalog.com\/wp-content\/uploads\/images\/image_dvtcognex-e1660221398210.png\" class=\"sow-image-grid-image_html\" alt=\"\" title=\"image_dvtcognex\" \/>\t\t\t\t\t\t\t\t\t\t\t<\/div>\n\t\t\t\t\t<div class=\"sow-image-grid-image\">\n\t\t\t\t\t\t\t\t\t\t\t\t<img loading=\"lazy\" decoding=\"async\" width=\"380\" height=\"380\" src=\"https:\/\/www.optimalog.com\/wp-content\/uploads\/images\/Camera-Cognex-1.png\" class=\"sow-image-grid-image_html\" alt=\"\" title=\"\" srcset=\"https:\/\/www.optimalog.com\/wp-content\/uploads\/images\/Camera-Cognex-1.png 380w, https:\/\/www.optimalog.com\/wp-content\/uploads\/images\/Camera-Cognex-1-300x300.png 300w, https:\/\/www.optimalog.com\/wp-content\/uploads\/images\/Camera-Cognex-1-150x150.png 150w, https:\/\/www.optimalog.com\/wp-content\/uploads\/images\/Camera-Cognex-1-12x12.png 12w, https:\/\/www.optimalog.com\/wp-content\/uploads\/images\/Camera-Cognex-1-375x375.png 375w\" sizes=\"auto, (max-width: 380px) 100vw, 380px\" \/>\t\t\t\t\t\t\t\t\t\t\t<\/div>\n\t\t\t\t\t<div class=\"sow-image-grid-image\">\n\t\t\t\t\t\t\t\t\t\t\t\t<img loading=\"lazy\" decoding=\"async\" width=\"125\" height=\"94\" src=\"https:\/\/www.optimalog.com\/wp-content\/uploads\/images\/image_visio.jpg\" class=\"sow-image-grid-image_html\" alt=\"\" title=\"\" srcset=\"https:\/\/www.optimalog.com\/wp-content\/uploads\/images\/image_visio.jpg 125w, https:\/\/www.optimalog.com\/wp-content\/uploads\/images\/image_visio-16x12.jpg 16w\" sizes=\"auto, (max-width: 125px) 100vw, 125px\" \/>\t\t\t\t\t\t\t\t\t\t\t<\/div>\n\t\t\t\t\t<div class=\"sow-image-grid-image\">\n\t\t\t\t\t\t\t\t\t\t\t\t<img loading=\"lazy\" decoding=\"async\" width=\"140\" height=\"109\" src=\"https:\/\/www.optimalog.com\/wp-content\/uploads\/images\/image_visio2.jpg\" class=\"sow-image-grid-image_html\" alt=\"\" title=\"\" srcset=\"https:\/\/www.optimalog.com\/wp-content\/uploads\/images\/image_visio2.jpg 140w, https:\/\/www.optimalog.com\/wp-content\/uploads\/images\/image_visio2-15x12.jpg 15w\" sizes=\"auto, (max-width: 140px) 100vw, 140px\" \/>\t\t\t\t\t\t\t\t\t\t\t<\/div>\n\t\t\t<\/div>\n<\/div><\/div><div id=\"panel-1471-0-0-2\" class=\"so-panel widget_sow-editor\" data-index=\"2\" ><div\n\t\t\t\n\t\t\tclass=\"so-widget-sow-editor so-widget-sow-editor-base\"\n\t\t\t\n\t\t>\n<div class=\"siteorigin-widget-tinymce textwidget\">\n\t<p><strong>Thermography<\/strong><\/p>\n<p><strong>Optimalog<\/strong>\u00a0is a partner of the company\u00a0<strong><a href=\"http:\/\/www.flir.fr\/\" target=\"_blank\" rel=\"noopener\">FLIR<\/a><\/strong>, a leading manufacturer of infrared cameras, and incorporates in its applications, and its products with the latest innovations for the industry, research and the building proposed by this company.<\/p>\n<\/div>\n<\/div><\/div><div id=\"panel-1471-0-0-3\" class=\"so-panel widget_sow-image-grid panel-last-child\" data-index=\"3\" ><div\n\t\t\t\n\t\t\tclass=\"so-widget-sow-image-grid so-widget-sow-image-grid-default-8bf08a9600e8-1471\"\n\t\t\t\n\t\t>\t<div\n\t\tclass=\"sow-image-grid-wrapper\"\n\t\tdata-max-width=\"300\"\t\tdata-max-height=\"150\"\t>\n\t\t\t\t\t<div class=\"sow-image-grid-image\">\n\t\t\t\t\t\t\t\t\t\t\t\t<img loading=\"lazy\" decoding=\"async\" width=\"945\" height=\"313\" src=\"https:\/\/www.optimalog.com\/wp-content\/uploads\/images\/logo_flir.jpg\" class=\"sow-image-grid-image_html\" alt=\"\" title=\"\" srcset=\"https:\/\/www.optimalog.com\/wp-content\/uploads\/images\/logo_flir.jpg 945w, https:\/\/www.optimalog.com\/wp-content\/uploads\/images\/logo_flir-300x99.jpg 300w, https:\/\/www.optimalog.com\/wp-content\/uploads\/images\/logo_flir-768x254.jpg 768w, https:\/\/www.optimalog.com\/wp-content\/uploads\/images\/logo_flir-18x6.jpg 18w\" sizes=\"auto, (max-width: 945px) 100vw, 945px\" \/>\t\t\t\t\t\t\t\t\t\t\t<\/div>\n\t\t\t\t\t<div class=\"sow-image-grid-image\">\n\t\t\t\t\t\t\t\t\t\t\t\t<img loading=\"lazy\" decoding=\"async\" width=\"500\" height=\"362\" src=\"https:\/\/www.optimalog.com\/wp-content\/uploads\/images\/CameraFlir.jpg\" class=\"sow-image-grid-image_html\" alt=\"\" title=\"\" srcset=\"https:\/\/www.optimalog.com\/wp-content\/uploads\/images\/CameraFlir.jpg 500w, https:\/\/www.optimalog.com\/wp-content\/uploads\/images\/CameraFlir-300x217.jpg 300w, https:\/\/www.optimalog.com\/wp-content\/uploads\/images\/CameraFlir-18x12.jpg 18w\" sizes=\"auto, (max-width: 500px) 100vw, 500px\" \/>\t\t\t\t\t\t\t\t\t\t\t<\/div>\n\t\t\t<\/div>\n<\/div><\/div><\/div><\/div><\/div>","protected":false},"excerpt":{"rendered":"<p>L&#8217;expertise d&#8217;Optimalog\u00a0dans le domaine de la vision industrielle vous permettra de mettre en place rapidement un syst\u00e8me de vision\u00a0haute performance, dans le but d&#8217;am\u00e9liorer le\u00a0contr\u00f4le qualit\u00e9 et donc d&#8217;augmenter la qualit\u00e9 de vos produits tout en limitant les rejets : Applications de\u00a0reconnaissance vid\u00e9o Test\u00a0pi\u00e8ce bonne\/mauvaise\u00a0avec \u00e9jection Equipement vid\u00e9o sur banc de tests pour la\u00a0d\u00e9tection des [&hellip;]<\/p>\n","protected":false},"author":1,"featured_media":0,"parent":965,"menu_order":5,"comment_status":"closed","ping_status":"closed","template":"","meta":{"site-sidebar-layout":"default","site-content-layout":"default","ast-site-content-layout":"","site-content-style":"default","site-sidebar-style":"default","ast-global-header-display":"","ast-banner-title-visibility":"","ast-main-header-display":"","ast-hfb-above-header-display":"","ast-hfb-below-header-display":"","ast-hfb-mobile-header-display":"","site-post-title":"","ast-breadcrumbs-content":"","ast-featured-img":"","footer-sml-layout":"","theme-transparent-header-meta":"default","adv-header-id-meta":"","stick-header-meta":"","header-above-stick-meta":"","header-main-stick-meta":"","header-below-stick-meta":"","astra-migrate-meta-layouts":"default","ast-page-background-enabled":"default","ast-page-background-meta":{"desktop":{"background-color":"var(--ast-global-color-4)","background-image":"","background-repeat":"repeat","background-position":"center center","background-size":"auto","background-attachment":"scroll","background-type":"","background-media":"","overlay-type":"","overlay-color":"","overlay-gradient":""},"tablet":{"background-color":"","background-image":"","background-repeat":"repeat","background-position":"center center","background-size":"auto","background-attachment":"scroll","background-type":"","background-media":"","overlay-type":"","overlay-color":"","overlay-gradient":""},"mobile":{"background-color":"","background-image":"","background-repeat":"repeat","background-position":"center center","background-size":"auto","background-attachment":"scroll","background-type":"","background-media":"","overlay-type":"","overlay-color":"","overlay-gradient":""}},"ast-content-background-meta":{"desktop":{"background-color":"var(--ast-global-color-5)","background-image":"","background-repeat":"repeat","background-position":"center center","background-size":"auto","background-attachment":"scroll","background-type":"","background-media":"","overlay-type":"","overlay-color":"","overlay-gradient":""},"tablet":{"background-color":"var(--ast-global-color-5)","background-image":"","background-repeat":"repeat","background-position":"center center","background-size":"auto","background-attachment":"scroll","background-type":"","background-media":"","overlay-type":"","overlay-color":"","overlay-gradient":""},"mobile":{"background-color":"var(--ast-global-color-5)","background-image":"","background-repeat":"repeat","background-position":"center center","background-size":"auto","background-attachment":"scroll","background-type":"","background-media":"","overlay-type":"","overlay-color":"","overlay-gradient":""}},"footnotes":""},"class_list":["post-1471","page","type-page","status-publish","hentry"],"yoast_head":"<!-- This site is optimized with the Yoast SEO plugin v27.5 - https:\/\/yoast.com\/product\/yoast-seo-wordpress\/ -->\n<title>Vision industrielle - Optimalog<\/title>\n<meta name=\"robots\" content=\"index, follow, max-snippet:-1, max-image-preview:large, max-video-preview:-1\" \/>\n<link rel=\"canonical\" href=\"https:\/\/www.optimalog.com\/en\/prestations\/vision-industrielle\/\" \/>\n<meta property=\"og:locale\" content=\"en_GB\" \/>\n<meta property=\"og:type\" content=\"article\" \/>\n<meta property=\"og:title\" content=\"Vision industrielle - Optimalog\" \/>\n<meta property=\"og:description\" content=\"L&#039;expertise d&#039;Optimalog\u00a0dans le domaine de la vision industrielle vous permettra de mettre en place rapidement un syst\u00e8me de vision\u00a0haute performance, dans le but d&#039;am\u00e9liorer le\u00a0contr\u00f4le qualit\u00e9 et donc d&#039;augmenter la qualit\u00e9 de vos produits tout en limitant les rejets : Applications de\u00a0reconnaissance vid\u00e9o Test\u00a0pi\u00e8ce bonne\/mauvaise\u00a0avec \u00e9jection Equipement vid\u00e9o sur banc de tests pour la\u00a0d\u00e9tection des [&hellip;]\" \/>\n<meta property=\"og:url\" content=\"https:\/\/www.optimalog.com\/en\/prestations\/vision-industrielle\/\" \/>\n<meta property=\"og:site_name\" content=\"Optimalog\" \/>\n<meta property=\"article:modified_time\" content=\"2022-08-29T12:27:43+00:00\" \/>\n<meta name=\"twitter:card\" content=\"summary_large_image\" \/>\n<meta name=\"twitter:site\" content=\"@OptimalogCom\" \/>\n<meta name=\"twitter:label1\" content=\"Estimated reading time\" \/>\n\t<meta name=\"twitter:data1\" content=\"1 minute\" \/>\n<script type=\"application\/ld+json\" class=\"yoast-schema-graph\">{\"@context\":\"https:\\\/\\\/schema.org\",\"@graph\":[{\"@type\":\"WebPage\",\"@id\":\"https:\\\/\\\/www.optimalog.com\\\/prestations\\\/vision-industrielle\",\"url\":\"https:\\\/\\\/www.optimalog.com\\\/prestations\\\/vision-industrielle\",\"name\":\"Vision industrielle - Optimalog\",\"isPartOf\":{\"@id\":\"https:\\\/\\\/www.optimalog.com\\\/#website\"},\"datePublished\":\"2022-08-12T12:57:58+00:00\",\"dateModified\":\"2022-08-29T12:27:43+00:00\",\"breadcrumb\":{\"@id\":\"https:\\\/\\\/www.optimalog.com\\\/prestations\\\/vision-industrielle#breadcrumb\"},\"inLanguage\":\"en-GB\",\"potentialAction\":[{\"@type\":\"ReadAction\",\"target\":[\"https:\\\/\\\/www.optimalog.com\\\/prestations\\\/vision-industrielle\"]}]},{\"@type\":\"BreadcrumbList\",\"@id\":\"https:\\\/\\\/www.optimalog.com\\\/prestations\\\/vision-industrielle#breadcrumb\",\"itemListElement\":[{\"@type\":\"ListItem\",\"position\":1,\"name\":\"Accueil\",\"item\":\"https:\\\/\\\/www.optimalog.com\\\/\"},{\"@type\":\"ListItem\",\"position\":2,\"name\":\"Prestations\",\"item\":\"https:\\\/\\\/www.optimalog.com\\\/prestations\"},{\"@type\":\"ListItem\",\"position\":3,\"name\":\"Vision industrielle\"}]},{\"@type\":\"WebSite\",\"@id\":\"https:\\\/\\\/www.optimalog.com\\\/#website\",\"url\":\"https:\\\/\\\/www.optimalog.com\\\/\",\"name\":\"Optimalog\",\"description\":\"Votre architecte en automation\",\"publisher\":{\"@id\":\"https:\\\/\\\/www.optimalog.com\\\/#organization\"},\"potentialAction\":[{\"@type\":\"SearchAction\",\"target\":{\"@type\":\"EntryPoint\",\"urlTemplate\":\"https:\\\/\\\/www.optimalog.com\\\/?s={search_term_string}\"},\"query-input\":{\"@type\":\"PropertyValueSpecification\",\"valueRequired\":true,\"valueName\":\"search_term_string\"}}],\"inLanguage\":\"en-GB\"},{\"@type\":\"Organization\",\"@id\":\"https:\\\/\\\/www.optimalog.com\\\/#organization\",\"name\":\"Optimalog\",\"url\":\"https:\\\/\\\/www.optimalog.com\\\/\",\"logo\":{\"@type\":\"ImageObject\",\"inLanguage\":\"en-GB\",\"@id\":\"https:\\\/\\\/www.optimalog.com\\\/#\\\/schema\\\/logo\\\/image\\\/\",\"url\":\"https:\\\/\\\/www.optimalog.com\\\/wp-content\\\/uploads\\\/2022\\\/07\\\/Logo-Optimalog-petit-format.png\",\"contentUrl\":\"https:\\\/\\\/www.optimalog.com\\\/wp-content\\\/uploads\\\/2022\\\/07\\\/Logo-Optimalog-petit-format.png\",\"width\":160,\"height\":74,\"caption\":\"Optimalog\"},\"image\":{\"@id\":\"https:\\\/\\\/www.optimalog.com\\\/#\\\/schema\\\/logo\\\/image\\\/\"},\"sameAs\":[\"https:\\\/\\\/x.com\\\/OptimalogCom\"]}]}<\/script>\n<!-- \/ Yoast SEO plugin. -->","yoast_head_json":{"title":"Vision industrielle - Optimalog","robots":{"index":"index","follow":"follow","max-snippet":"max-snippet:-1","max-image-preview":"max-image-preview:large","max-video-preview":"max-video-preview:-1"},"canonical":"https:\/\/www.optimalog.com\/en\/prestations\/vision-industrielle\/","og_locale":"en_GB","og_type":"article","og_title":"Vision industrielle - Optimalog","og_description":"L'expertise d'Optimalog\u00a0dans le domaine de la vision industrielle vous permettra de mettre en place rapidement un syst\u00e8me de vision\u00a0haute performance, dans le but d'am\u00e9liorer le\u00a0contr\u00f4le qualit\u00e9 et donc d'augmenter la qualit\u00e9 de vos produits tout en limitant les rejets : Applications de\u00a0reconnaissance vid\u00e9o Test\u00a0pi\u00e8ce bonne\/mauvaise\u00a0avec \u00e9jection Equipement vid\u00e9o sur banc de tests pour la\u00a0d\u00e9tection des [&hellip;]","og_url":"https:\/\/www.optimalog.com\/en\/prestations\/vision-industrielle\/","og_site_name":"Optimalog","article_modified_time":"2022-08-29T12:27:43+00:00","twitter_card":"summary_large_image","twitter_site":"@OptimalogCom","twitter_misc":{"Estimated reading time":"1 minute"},"schema":{"@context":"https:\/\/schema.org","@graph":[{"@type":"WebPage","@id":"https:\/\/www.optimalog.com\/prestations\/vision-industrielle","url":"https:\/\/www.optimalog.com\/prestations\/vision-industrielle","name":"Vision industrielle - Optimalog","isPartOf":{"@id":"https:\/\/www.optimalog.com\/#website"},"datePublished":"2022-08-12T12:57:58+00:00","dateModified":"2022-08-29T12:27:43+00:00","breadcrumb":{"@id":"https:\/\/www.optimalog.com\/prestations\/vision-industrielle#breadcrumb"},"inLanguage":"en-GB","potentialAction":[{"@type":"ReadAction","target":["https:\/\/www.optimalog.com\/prestations\/vision-industrielle"]}]},{"@type":"BreadcrumbList","@id":"https:\/\/www.optimalog.com\/prestations\/vision-industrielle#breadcrumb","itemListElement":[{"@type":"ListItem","position":1,"name":"Accueil","item":"https:\/\/www.optimalog.com\/"},{"@type":"ListItem","position":2,"name":"Prestations","item":"https:\/\/www.optimalog.com\/prestations"},{"@type":"ListItem","position":3,"name":"Vision industrielle"}]},{"@type":"WebSite","@id":"https:\/\/www.optimalog.com\/#website","url":"https:\/\/www.optimalog.com\/","name":"Optimalog","description":"Your architect in automation","publisher":{"@id":"https:\/\/www.optimalog.com\/#organization"},"potentialAction":[{"@type":"SearchAction","target":{"@type":"EntryPoint","urlTemplate":"https:\/\/www.optimalog.com\/?s={search_term_string}"},"query-input":{"@type":"PropertyValueSpecification","valueRequired":true,"valueName":"search_term_string"}}],"inLanguage":"en-GB"},{"@type":"Organization","@id":"https:\/\/www.optimalog.com\/#organization","name":"Optimalog","url":"https:\/\/www.optimalog.com\/","logo":{"@type":"ImageObject","inLanguage":"en-GB","@id":"https:\/\/www.optimalog.com\/#\/schema\/logo\/image\/","url":"https:\/\/www.optimalog.com\/wp-content\/uploads\/2022\/07\/Logo-Optimalog-petit-format.png","contentUrl":"https:\/\/www.optimalog.com\/wp-content\/uploads\/2022\/07\/Logo-Optimalog-petit-format.png","width":160,"height":74,"caption":"Optimalog"},"image":{"@id":"https:\/\/www.optimalog.com\/#\/schema\/logo\/image\/"},"sameAs":["https:\/\/x.com\/OptimalogCom"]}]}},"_links":{"self":[{"href":"https:\/\/www.optimalog.com\/en\/wp-json\/wp\/v2\/pages\/1471","targetHints":{"allow":["GET"]}}],"collection":[{"href":"https:\/\/www.optimalog.com\/en\/wp-json\/wp\/v2\/pages"}],"about":[{"href":"https:\/\/www.optimalog.com\/en\/wp-json\/wp\/v2\/types\/page"}],"author":[{"embeddable":true,"href":"https:\/\/www.optimalog.com\/en\/wp-json\/wp\/v2\/users\/1"}],"replies":[{"embeddable":true,"href":"https:\/\/www.optimalog.com\/en\/wp-json\/wp\/v2\/comments?post=1471"}],"version-history":[{"count":25,"href":"https:\/\/www.optimalog.com\/en\/wp-json\/wp\/v2\/pages\/1471\/revisions"}],"predecessor-version":[{"id":1842,"href":"https:\/\/www.optimalog.com\/en\/wp-json\/wp\/v2\/pages\/1471\/revisions\/1842"}],"up":[{"embeddable":true,"href":"https:\/\/www.optimalog.com\/en\/wp-json\/wp\/v2\/pages\/965"}],"wp:attachment":[{"href":"https:\/\/www.optimalog.com\/en\/wp-json\/wp\/v2\/media?parent=1471"}],"curies":[{"name":"wp","href":"https:\/\/api.w.org\/{rel}","templated":true}]}}