{"id":1347,"date":"2022-08-11T12:10:51","date_gmt":"2022-08-11T10:10:51","guid":{"rendered":"http:\/\/s169997260.onlinehome.fr\/?page_id=1347"},"modified":"2022-08-30T17:36:42","modified_gmt":"2022-08-30T15:36:42","slug":"bancs-de-test","status":"publish","type":"page","link":"https:\/\/www.optimalog.com\/en\/prestations\/bancs-de-test","title":{"rendered":"Test benches"},"content":{"rendered":"<div id=\"pl-1347\"  class=\"panel-layout\" ><div id=\"pg-1347-0\"  class=\"panel-grid panel-no-style\" ><div id=\"pgc-1347-0-0\"  class=\"panel-grid-cell\" ><div id=\"panel-1347-0-0-0\" class=\"so-panel widget_sow-editor panel-first-child\" data-index=\"0\" ><div\n\t\t\t\n\t\t\tclass=\"so-widget-sow-editor so-widget-sow-editor-base\"\n\t\t\t\n\t\t>\n<div class=\"siteorigin-widget-tinymce textwidget\">\n\t<p>Optimalog offers customised test benches adapted to your needs using the latest technologies:<\/p>\n<ul>\n<li class=\"translation-block\"><strong>multi-axis<\/strong> control systems on <strong>real-time fieldbus.<\/strong><\/li>\n<li class=\"translation-block\"><strong>Torsion<\/strong> or braking benches, application of very dynamic torque setpoints with <strong>torque motors<\/strong> allowing high torques to be reached.<\/li>\n<\/ul>\n<\/div>\n<\/div><\/div><div id=\"panel-1347-0-0-1\" class=\"so-panel widget_sow-image-grid\" data-index=\"1\" ><div\n\t\t\t\n\t\t\tclass=\"so-widget-sow-image-grid so-widget-sow-image-grid-default-8bf08a9600e8-1347\"\n\t\t\t\n\t\t>\t<div\n\t\tclass=\"sow-image-grid-wrapper\"\n\t\t\t\tdata-max-height=\"200\"\t>\n\t\t\t\t\t<div class=\"sow-image-grid-image\">\n\t\t\t\t\t\t\t\t\t\t\t\t<img loading=\"lazy\" decoding=\"async\" width=\"400\" height=\"270\" src=\"https:\/\/www.optimalog.com\/wp-content\/uploads\/images\/MoteurCouple.jpg\" class=\"sow-image-grid-image_html\" alt=\"\" title=\"\" srcset=\"https:\/\/www.optimalog.com\/wp-content\/uploads\/images\/MoteurCouple.jpg 400w, https:\/\/www.optimalog.com\/wp-content\/uploads\/images\/MoteurCouple-300x203.jpg 300w\" sizes=\"auto, (max-width: 400px) 100vw, 400px\" \/>\t\t\t\t\t\t\t\t\t\t\t<\/div>\n\t\t\t\t\t<div class=\"sow-image-grid-image\">\n\t\t\t\t\t\t\t\t\t\t\t\t<img loading=\"lazy\" decoding=\"async\" width=\"350\" height=\"340\" src=\"https:\/\/www.optimalog.com\/wp-content\/uploads\/images\/Frein.jpg\" class=\"sow-image-grid-image_html\" alt=\"\" title=\"\" srcset=\"https:\/\/www.optimalog.com\/wp-content\/uploads\/images\/Frein.jpg 350w, https:\/\/www.optimalog.com\/wp-content\/uploads\/images\/Frein-300x291.jpg 300w\" sizes=\"auto, (max-width: 350px) 100vw, 350px\" \/>\t\t\t\t\t\t\t\t\t\t\t<\/div>\n\t\t\t<\/div>\n<\/div><\/div><div id=\"panel-1347-0-0-2\" class=\"so-panel widget_sow-editor\" data-index=\"2\" ><div\n\t\t\t\n\t\t\tclass=\"so-widget-sow-editor so-widget-sow-editor-base\"\n\t\t\t\n\t\t>\n<div class=\"siteorigin-widget-tinymce textwidget\">\n\t<ul>\n<li>Accuracy of measurements with non-contact torque measuring devices.<\/li>\n<li>Intuitive control panels with touch screen<\/li>\n<\/ul>\n<\/div>\n<\/div><\/div><div id=\"panel-1347-0-0-3\" class=\"so-panel widget_sow-image-grid\" data-index=\"3\" ><div\n\t\t\t\n\t\t\tclass=\"so-widget-sow-image-grid so-widget-sow-image-grid-default-8bf08a9600e8-1347\"\n\t\t\t\n\t\t>\t<div\n\t\tclass=\"sow-image-grid-wrapper\"\n\t\t\t\tdata-max-height=\"200\"\t>\n\t\t\t\t\t<div class=\"sow-image-grid-image\">\n\t\t\t\t\t\t\t\t\t\t\t\t<img loading=\"lazy\" decoding=\"async\" width=\"350\" height=\"467\" src=\"https:\/\/www.optimalog.com\/wp-content\/uploads\/images\/BaieCommande.jpg\" class=\"sow-image-grid-image_html\" alt=\"\" title=\"\" srcset=\"https:\/\/www.optimalog.com\/wp-content\/uploads\/images\/BaieCommande.jpg 350w, https:\/\/www.optimalog.com\/wp-content\/uploads\/images\/BaieCommande-225x300.jpg 225w\" sizes=\"auto, (max-width: 350px) 100vw, 350px\" \/>\t\t\t\t\t\t\t\t\t\t\t<\/div>\n\t\t\t<\/div>\n<\/div><\/div><div id=\"panel-1347-0-0-4\" class=\"so-panel widget_sow-editor\" data-index=\"4\" ><div\n\t\t\t\n\t\t\tclass=\"so-widget-sow-editor so-widget-sow-editor-base\"\n\t\t\t\n\t\t>\n<div class=\"siteorigin-widget-tinymce textwidget\">\n\t<ul>\n<li>High frequency data acquisition based on National Instruments systems.<\/li>\n<li class=\"translation-block\"><strong>Friction measurement benches with linear motors<\/strong>: Friction forces &gt;= 2000N<\/li>\n<li>Automated output of control reports<\/li>\n<li>Alarms history<\/li>\n<li>Remote control, sending emails, SMS,...<\/li>\n<\/ul>\n<p class=\"translation-block\"><strong><a href=\"https:\/\/www.optimalog.com\/en\/contact\/\" target=\"_self\">Contact us<\/a>, we will study with you your tailor-made test bench.<\/strong><\/p>\n<\/div>\n<\/div><\/div><div id=\"panel-1347-0-0-5\" class=\"so-panel widget_sow-video panel-last-child\" data-index=\"5\" ><div\n\t\t\t\n\t\t\tclass=\"so-widget-sow-video so-widget-sow-video-default-c08170c47cfb-1347\"\n\t\t\t\n\t\t>\n<div class=\"sow-video-wrapper use-fitvids\">\n\t\t\t<video\n\t\t\tid=\"sow-player-1\" class=\"sow-video-widget\" preload=\"auto\" style=\"width:100%;height:100%;\" autoplay playsinline muted=\"1\" loop=\"true\" controls>\n\t\t\t\t\t\t\t<source type=\"\" src=\"https:\/\/www.youtube.com\/watch?v=5-50ZRS9aQY\"\/>\n\t\t\t\t\t<\/video>\n\t<\/div>\n<\/div><\/div><\/div><\/div><\/div>","protected":false},"excerpt":{"rendered":"<p>Optimalog propose des bancs d&#8217;essais sur mesure adapt\u00e9s \u00e0 votre besoin en utilisant les derni\u00e8res technologies : Syst\u00e8mes de pilotages multi-axe\u00a0sur bus de terrain\u00a0temps r\u00e9el. Bancs de torsions\u00a0ou de freinage, application de consignes de couples tr\u00e8s dynamiques avec des\u00a0moteurs couples permettant d&#8217;atteindre des couples \u00e9lev\u00e9s. Pr\u00e9cision des mesures avec des appareils de mesure de couple [&hellip;]<\/p>\n","protected":false},"author":1,"featured_media":0,"parent":965,"menu_order":0,"comment_status":"closed","ping_status":"closed","template":"","meta":{"site-sidebar-layout":"default","site-content-layout":"default","ast-site-content-layout":"","site-content-style":"default","site-sidebar-style":"default","ast-global-header-display":"","ast-banner-title-visibility":"","ast-main-header-display":"","ast-hfb-above-header-display":"","ast-hfb-below-header-display":"","ast-hfb-mobile-header-display":"","site-post-title":"","ast-breadcrumbs-content":"","ast-featured-img":"","footer-sml-layout":"","theme-transparent-header-meta":"default","adv-header-id-meta":"","stick-header-meta":"","header-above-stick-meta":"","header-main-stick-meta":"","header-below-stick-meta":"","astra-migrate-meta-layouts":"default","ast-page-background-enabled":"default","ast-page-background-meta":{"desktop":{"background-color":"var(--ast-global-color-4)","background-image":"","background-repeat":"repeat","background-position":"center center","background-size":"auto","background-attachment":"scroll","background-type":"","background-media":"","overlay-type":"","overlay-color":"","overlay-gradient":""},"tablet":{"background-color":"","background-image":"","background-repeat":"repeat","background-position":"center center","background-size":"auto","background-attachment":"scroll","background-type":"","background-media":"","overlay-type":"","overlay-color":"","overlay-gradient":""},"mobile":{"background-color":"","background-image":"","background-repeat":"repeat","background-position":"center center","background-size":"auto","background-attachment":"scroll","background-type":"","background-media":"","overlay-type":"","overlay-color":"","overlay-gradient":""}},"ast-content-background-meta":{"desktop":{"background-color":"var(--ast-global-color-5)","background-image":"","background-repeat":"repeat","background-position":"center center","background-size":"auto","background-attachment":"scroll","background-type":"","background-media":"","overlay-type":"","overlay-color":"","overlay-gradient":""},"tablet":{"background-color":"var(--ast-global-color-5)","background-image":"","background-repeat":"repeat","background-position":"center center","background-size":"auto","background-attachment":"scroll","background-type":"","background-media":"","overlay-type":"","overlay-color":"","overlay-gradient":""},"mobile":{"background-color":"var(--ast-global-color-5)","background-image":"","background-repeat":"repeat","background-position":"center center","background-size":"auto","background-attachment":"scroll","background-type":"","background-media":"","overlay-type":"","overlay-color":"","overlay-gradient":""}},"footnotes":""},"class_list":["post-1347","page","type-page","status-publish","hentry"],"yoast_head":"<!-- This site is optimized with the Yoast SEO plugin v27.5 - https:\/\/yoast.com\/product\/yoast-seo-wordpress\/ -->\n<title>Bancs d&#039;essai - Optimalog<\/title>\n<meta name=\"robots\" content=\"index, follow, max-snippet:-1, max-image-preview:large, max-video-preview:-1\" \/>\n<link rel=\"canonical\" href=\"https:\/\/www.optimalog.com\/en\/prestations\/bancs-de-test\/\" \/>\n<meta property=\"og:locale\" content=\"en_GB\" \/>\n<meta property=\"og:type\" content=\"article\" \/>\n<meta property=\"og:title\" content=\"Bancs d&#039;essai - Optimalog\" \/>\n<meta property=\"og:description\" content=\"Optimalog propose des bancs d&#039;essais sur mesure adapt\u00e9s \u00e0 votre besoin en utilisant les derni\u00e8res technologies : Syst\u00e8mes de pilotages multi-axe\u00a0sur bus de terrain\u00a0temps r\u00e9el. Bancs de torsions\u00a0ou de freinage, application de consignes de couples tr\u00e8s dynamiques avec des\u00a0moteurs couples permettant d&#039;atteindre des couples \u00e9lev\u00e9s. Pr\u00e9cision des mesures avec des appareils de mesure de couple [&hellip;]\" \/>\n<meta property=\"og:url\" content=\"https:\/\/www.optimalog.com\/en\/prestations\/bancs-de-test\/\" \/>\n<meta property=\"og:site_name\" content=\"Optimalog\" \/>\n<meta property=\"article:modified_time\" content=\"2022-08-30T15:36:42+00:00\" \/>\n<meta name=\"twitter:card\" content=\"summary_large_image\" \/>\n<meta name=\"twitter:site\" content=\"@OptimalogCom\" \/>\n<meta name=\"twitter:label1\" content=\"Estimated reading time\" \/>\n\t<meta name=\"twitter:data1\" content=\"1 minute\" \/>\n<script type=\"application\/ld+json\" class=\"yoast-schema-graph\">{\"@context\":\"https:\\\/\\\/schema.org\",\"@graph\":[{\"@type\":\"WebPage\",\"@id\":\"https:\\\/\\\/www.optimalog.com\\\/prestations\\\/bancs-de-test\",\"url\":\"https:\\\/\\\/www.optimalog.com\\\/prestations\\\/bancs-de-test\",\"name\":\"Bancs d'essai - Optimalog\",\"isPartOf\":{\"@id\":\"https:\\\/\\\/www.optimalog.com\\\/#website\"},\"datePublished\":\"2022-08-11T10:10:51+00:00\",\"dateModified\":\"2022-08-30T15:36:42+00:00\",\"breadcrumb\":{\"@id\":\"https:\\\/\\\/www.optimalog.com\\\/prestations\\\/bancs-de-test#breadcrumb\"},\"inLanguage\":\"en-GB\",\"potentialAction\":[{\"@type\":\"ReadAction\",\"target\":[\"https:\\\/\\\/www.optimalog.com\\\/prestations\\\/bancs-de-test\"]}]},{\"@type\":\"BreadcrumbList\",\"@id\":\"https:\\\/\\\/www.optimalog.com\\\/prestations\\\/bancs-de-test#breadcrumb\",\"itemListElement\":[{\"@type\":\"ListItem\",\"position\":1,\"name\":\"Accueil\",\"item\":\"https:\\\/\\\/www.optimalog.com\\\/\"},{\"@type\":\"ListItem\",\"position\":2,\"name\":\"Prestations\",\"item\":\"https:\\\/\\\/www.optimalog.com\\\/prestations\"},{\"@type\":\"ListItem\",\"position\":3,\"name\":\"Bancs d&#8217;essai\"}]},{\"@type\":\"WebSite\",\"@id\":\"https:\\\/\\\/www.optimalog.com\\\/#website\",\"url\":\"https:\\\/\\\/www.optimalog.com\\\/\",\"name\":\"Optimalog\",\"description\":\"Votre architecte en automation\",\"publisher\":{\"@id\":\"https:\\\/\\\/www.optimalog.com\\\/#organization\"},\"potentialAction\":[{\"@type\":\"SearchAction\",\"target\":{\"@type\":\"EntryPoint\",\"urlTemplate\":\"https:\\\/\\\/www.optimalog.com\\\/?s={search_term_string}\"},\"query-input\":{\"@type\":\"PropertyValueSpecification\",\"valueRequired\":true,\"valueName\":\"search_term_string\"}}],\"inLanguage\":\"en-GB\"},{\"@type\":\"Organization\",\"@id\":\"https:\\\/\\\/www.optimalog.com\\\/#organization\",\"name\":\"Optimalog\",\"url\":\"https:\\\/\\\/www.optimalog.com\\\/\",\"logo\":{\"@type\":\"ImageObject\",\"inLanguage\":\"en-GB\",\"@id\":\"https:\\\/\\\/www.optimalog.com\\\/#\\\/schema\\\/logo\\\/image\\\/\",\"url\":\"https:\\\/\\\/www.optimalog.com\\\/wp-content\\\/uploads\\\/2022\\\/07\\\/Logo-Optimalog-petit-format.png\",\"contentUrl\":\"https:\\\/\\\/www.optimalog.com\\\/wp-content\\\/uploads\\\/2022\\\/07\\\/Logo-Optimalog-petit-format.png\",\"width\":160,\"height\":74,\"caption\":\"Optimalog\"},\"image\":{\"@id\":\"https:\\\/\\\/www.optimalog.com\\\/#\\\/schema\\\/logo\\\/image\\\/\"},\"sameAs\":[\"https:\\\/\\\/x.com\\\/OptimalogCom\"]}]}<\/script>\n<!-- \/ Yoast SEO plugin. -->","yoast_head_json":{"title":"Bancs d'essai - Optimalog","robots":{"index":"index","follow":"follow","max-snippet":"max-snippet:-1","max-image-preview":"max-image-preview:large","max-video-preview":"max-video-preview:-1"},"canonical":"https:\/\/www.optimalog.com\/en\/prestations\/bancs-de-test\/","og_locale":"en_GB","og_type":"article","og_title":"Bancs d'essai - Optimalog","og_description":"Optimalog propose des bancs d'essais sur mesure adapt\u00e9s \u00e0 votre besoin en utilisant les derni\u00e8res technologies : Syst\u00e8mes de pilotages multi-axe\u00a0sur bus de terrain\u00a0temps r\u00e9el. Bancs de torsions\u00a0ou de freinage, application de consignes de couples tr\u00e8s dynamiques avec des\u00a0moteurs couples permettant d'atteindre des couples \u00e9lev\u00e9s. Pr\u00e9cision des mesures avec des appareils de mesure de couple [&hellip;]","og_url":"https:\/\/www.optimalog.com\/en\/prestations\/bancs-de-test\/","og_site_name":"Optimalog","article_modified_time":"2022-08-30T15:36:42+00:00","twitter_card":"summary_large_image","twitter_site":"@OptimalogCom","twitter_misc":{"Estimated reading time":"1 minute"},"schema":{"@context":"https:\/\/schema.org","@graph":[{"@type":"WebPage","@id":"https:\/\/www.optimalog.com\/prestations\/bancs-de-test","url":"https:\/\/www.optimalog.com\/prestations\/bancs-de-test","name":"Bancs d'essai - Optimalog","isPartOf":{"@id":"https:\/\/www.optimalog.com\/#website"},"datePublished":"2022-08-11T10:10:51+00:00","dateModified":"2022-08-30T15:36:42+00:00","breadcrumb":{"@id":"https:\/\/www.optimalog.com\/prestations\/bancs-de-test#breadcrumb"},"inLanguage":"en-GB","potentialAction":[{"@type":"ReadAction","target":["https:\/\/www.optimalog.com\/prestations\/bancs-de-test"]}]},{"@type":"BreadcrumbList","@id":"https:\/\/www.optimalog.com\/prestations\/bancs-de-test#breadcrumb","itemListElement":[{"@type":"ListItem","position":1,"name":"Accueil","item":"https:\/\/www.optimalog.com\/"},{"@type":"ListItem","position":2,"name":"Prestations","item":"https:\/\/www.optimalog.com\/prestations"},{"@type":"ListItem","position":3,"name":"Bancs d&#8217;essai"}]},{"@type":"WebSite","@id":"https:\/\/www.optimalog.com\/#website","url":"https:\/\/www.optimalog.com\/","name":"Optimalog","description":"Your architect in automation","publisher":{"@id":"https:\/\/www.optimalog.com\/#organization"},"potentialAction":[{"@type":"SearchAction","target":{"@type":"EntryPoint","urlTemplate":"https:\/\/www.optimalog.com\/?s={search_term_string}"},"query-input":{"@type":"PropertyValueSpecification","valueRequired":true,"valueName":"search_term_string"}}],"inLanguage":"en-GB"},{"@type":"Organization","@id":"https:\/\/www.optimalog.com\/#organization","name":"Optimalog","url":"https:\/\/www.optimalog.com\/","logo":{"@type":"ImageObject","inLanguage":"en-GB","@id":"https:\/\/www.optimalog.com\/#\/schema\/logo\/image\/","url":"https:\/\/www.optimalog.com\/wp-content\/uploads\/2022\/07\/Logo-Optimalog-petit-format.png","contentUrl":"https:\/\/www.optimalog.com\/wp-content\/uploads\/2022\/07\/Logo-Optimalog-petit-format.png","width":160,"height":74,"caption":"Optimalog"},"image":{"@id":"https:\/\/www.optimalog.com\/#\/schema\/logo\/image\/"},"sameAs":["https:\/\/x.com\/OptimalogCom"]}]}},"_links":{"self":[{"href":"https:\/\/www.optimalog.com\/en\/wp-json\/wp\/v2\/pages\/1347","targetHints":{"allow":["GET"]}}],"collection":[{"href":"https:\/\/www.optimalog.com\/en\/wp-json\/wp\/v2\/pages"}],"about":[{"href":"https:\/\/www.optimalog.com\/en\/wp-json\/wp\/v2\/types\/page"}],"author":[{"embeddable":true,"href":"https:\/\/www.optimalog.com\/en\/wp-json\/wp\/v2\/users\/1"}],"replies":[{"embeddable":true,"href":"https:\/\/www.optimalog.com\/en\/wp-json\/wp\/v2\/comments?post=1347"}],"version-history":[{"count":17,"href":"https:\/\/www.optimalog.com\/en\/wp-json\/wp\/v2\/pages\/1347\/revisions"}],"predecessor-version":[{"id":1923,"href":"https:\/\/www.optimalog.com\/en\/wp-json\/wp\/v2\/pages\/1347\/revisions\/1923"}],"up":[{"embeddable":true,"href":"https:\/\/www.optimalog.com\/en\/wp-json\/wp\/v2\/pages\/965"}],"wp:attachment":[{"href":"https:\/\/www.optimalog.com\/en\/wp-json\/wp\/v2\/media?parent=1347"}],"curies":[{"name":"wp","href":"https:\/\/api.w.org\/{rel}","templated":true}]}}