{"id":1323,"date":"2022-08-11T11:07:55","date_gmt":"2022-08-11T09:07:55","guid":{"rendered":"http:\/\/s169997260.onlinehome.fr\/?page_id=1323"},"modified":"2022-08-12T20:41:06","modified_gmt":"2022-08-12T18:41:06","slug":"publications","status":"publish","type":"page","link":"https:\/\/www.optimalog.com\/en\/publications","title":{"rendered":"Publications"},"content":{"rendered":"\n<div class=\"wp-block-query is-layout-flow wp-block-query-is-layout-flow\"><\/div>\n\n\n<style>.kb-posts-id-_d1ee13-6f .kb-post-list-item{display:grid;}<\/style><ul class=\"wp-block-kadence-posts kb-posts kadence-posts-list kb-posts-id-_d1ee13-6f content-wrap grid-cols kb-posts-style-unboxed grid-sm-col-1 grid-lg-col-2 item-image-style-above\"><li class=\"kb-post-list-item\">\n\t<article class=\"entry content-bg loop-entry post-1677 post type-post status-publish format-standard has-post-thumbnail hentry category-realisations\">\n\t\t\t\t<a aria-hidden=\"true\" tabindex=\"-1\" role=\"presentation\" class=\"post-thumbnail kadence-thumbnail-ratio-2-3\" href=\"https:\/\/www.optimalog.com\/en\/tele-echographie-dans-la-station-spatiale-internationale\" aria-label=\"T\u00e9l\u00e9-\u00e9chographie dans la Station Spatiale Internationale\">\n\t\t\t<div class=\"post-thumbnail-inner\">\n\t\t\t\t<img loading=\"lazy\" decoding=\"async\" width=\"768\" height=\"496\" src=\"https:\/\/www.optimalog.com\/wp-content\/uploads\/images\/Proxima-768x496.jpg\" class=\"attachment-medium_large size-medium_large wp-post-image\" alt=\"T\u00e9l\u00e9-\u00e9chographie dans la Station Spatiale Internationale\" srcset=\"https:\/\/www.optimalog.com\/wp-content\/uploads\/images\/Proxima-768x496.jpg 768w, https:\/\/www.optimalog.com\/wp-content\/uploads\/images\/Proxima-300x194.jpg 300w, https:\/\/www.optimalog.com\/wp-content\/uploads\/images\/Proxima-1024x661.jpg 1024w, https:\/\/www.optimalog.com\/wp-content\/uploads\/images\/Proxima-1536x991.jpg 1536w, https:\/\/www.optimalog.com\/wp-content\/uploads\/images\/Proxima-18x12.jpg 18w, https:\/\/www.optimalog.com\/wp-content\/uploads\/images\/Proxima.jpg 2000w\" sizes=\"auto, (max-width: 768px) 100vw, 768px\" \/>\t\t\t<\/div>\n\t\t<\/a><!-- .post-thumbnail -->\n\t\t\t\t<div class=\"entry-content-wrap\">\n\t\t\t<header class=\"entry-header\">\n\t\t<div class=\"entry-taxonomies\">\n\t\t<span class=\"category-links term-links category-style-normal\">\n\t\t\t<a href=\"https:\/\/www.optimalog.com\/en\/category\/realisations\" rel=\"category tag\">R\u00e9alisations<\/a>\t\t<\/span>\n\t<\/div><!-- .entry-taxonomies -->\n\t<h2 class=\"entry-title\"><a href=\"https:\/\/www.optimalog.com\/en\/tele-echographie-dans-la-station-spatiale-internationale\" rel=\"bookmark\">T\u00e9l\u00e9-\u00e9chographie dans la Station Spatiale Internationale<\/a><\/h2>\t<div class=\"entry-meta entry-meta-divider-dot\">\n\t<div class=\"meta-comments\"><a class=\"meta-comments-link anchor-scroll\" href=\"https:\/\/www.optimalog.com\/en\/tele-echographie-dans-la-station-spatiale-internationale#comments\">0 Comments<\/a><\/div>\t<\/div><!-- .entry-meta -->\n\t<\/header><!-- .entry-header -->\n\t<div class=\"entry-summary\">\n\t\t<p>Lors de la mission Proxima de Thomas Pesquet, accomplie durant son s\u00e9jour dans la Station Spatiale Internationale\u00a0de novembre 2016\u00a0\u00e0\u00a0mai 2017, celui-ci a r\u00e9alis\u00e9 toute une s\u00e9rie d&#8217;exp\u00e9riences, dont l&#8217;une a plus particuli\u00e8rement concern\u00e9 Optimalog : l&#8217;exp\u00e9rience ECHO. Il s&#8217;agit d&#8217;une exp\u00e9rience de t\u00e9l\u00e9-\u00e9chographie, c&#8217;est \u00e0 dire d&#8217;\u00e9chographie m\u00e9dicale pilot\u00e9e \u00e0 distance. Dans cette version finale [&hellip;]<\/p>\n\t<\/div><!-- .entry-summary -->\n\t<footer class=\"entry-footer\">\n\t<\/footer><!-- .entry-footer -->\t\t<\/div>\n\t<\/article>\n<\/li>\n<li class=\"kb-post-list-item\">\n\t<article class=\"entry content-bg loop-entry post-1101 post type-post status-publish format-standard has-post-thumbnail hentry category-dossiers\">\n\t\t\t\t<a aria-hidden=\"true\" tabindex=\"-1\" role=\"presentation\" class=\"post-thumbnail kadence-thumbnail-ratio-2-3\" href=\"https:\/\/www.optimalog.com\/en\/le-pc-dans-latelier-de-production\" aria-label=\"Le PC dans l&#8217;atelier de production\">\n\t\t\t<div class=\"post-thumbnail-inner\">\n\t\t\t\t<img loading=\"lazy\" decoding=\"async\" width=\"450\" height=\"308\" src=\"https:\/\/www.optimalog.com\/wp-content\/uploads\/images\/PC_indus_Adv1.png\" class=\"attachment-medium_large size-medium_large wp-post-image\" alt=\"Le PC dans l&#8217;atelier de production\" srcset=\"https:\/\/www.optimalog.com\/wp-content\/uploads\/images\/PC_indus_Adv1.png 450w, https:\/\/www.optimalog.com\/wp-content\/uploads\/images\/PC_indus_Adv1-300x205.png 300w, https:\/\/www.optimalog.com\/wp-content\/uploads\/images\/PC_indus_Adv1-18x12.png 18w\" sizes=\"auto, (max-width: 450px) 100vw, 450px\" \/>\t\t\t<\/div>\n\t\t<\/a><!-- .post-thumbnail -->\n\t\t\t\t<div class=\"entry-content-wrap\">\n\t\t\t<header class=\"entry-header\">\n\t\t<div class=\"entry-taxonomies\">\n\t\t<span class=\"category-links term-links category-style-normal\">\n\t\t\t<a href=\"https:\/\/www.optimalog.com\/en\/category\/dossiers\" rel=\"category tag\">Dossiers<\/a>\t\t<\/span>\n\t<\/div><!-- .entry-taxonomies -->\n\t<h2 class=\"entry-title\"><a href=\"https:\/\/www.optimalog.com\/en\/le-pc-dans-latelier-de-production\" rel=\"bookmark\">Le PC dans l&#8217;atelier de production<\/a><\/h2>\t<div class=\"entry-meta entry-meta-divider-dot\">\n\t<div class=\"meta-comments\"><a class=\"meta-comments-link anchor-scroll\" href=\"https:\/\/www.optimalog.com\/en\/le-pc-dans-latelier-de-production#comments\">0 Comments<\/a><\/div>\t<\/div><!-- .entry-meta -->\n\t<\/header><!-- .entry-header -->\n\t<div class=\"entry-summary\">\n\t\t<p>The PC in the factory, a good solution? A question is quite frequently asked: why use a PC as a PLC, rather than a real &#8220;classic&#8221; industrial PLC? It is quite obvious that the usefulness of classical automata cannot be called into question in many cases. Micro-automatons, for example, are very simple and practical to [&hellip;]<\/p>\n\t<\/div><!-- .entry-summary -->\n\t<footer class=\"entry-footer\">\n\t<\/footer><!-- .entry-footer -->\t\t<\/div>\n\t<\/article>\n<\/li>\n<li class=\"kb-post-list-item\">\n\t<article class=\"entry content-bg loop-entry post-584 post type-post status-publish format-standard has-post-thumbnail hentry category-news\">\n\t\t\t\t<a aria-hidden=\"true\" tabindex=\"-1\" role=\"presentation\" class=\"post-thumbnail kadence-thumbnail-ratio-2-3\" href=\"https:\/\/www.optimalog.com\/en\/mise-en-ligne-de-notre-nouveau-site\" aria-label=\"Mise en ligne de notre nouveau site\">\n\t\t\t<div class=\"post-thumbnail-inner\">\n\t\t\t\t<img loading=\"lazy\" decoding=\"async\" width=\"600\" height=\"334\" src=\"https:\/\/www.optimalog.com\/wp-content\/uploads\/images\/Lancement2.png\" class=\"attachment-medium_large size-medium_large wp-post-image\" alt=\"Mise en ligne de notre nouveau site\" srcset=\"https:\/\/www.optimalog.com\/wp-content\/uploads\/images\/Lancement2.png 600w, https:\/\/www.optimalog.com\/wp-content\/uploads\/images\/Lancement2-300x167.png 300w, https:\/\/www.optimalog.com\/wp-content\/uploads\/images\/Lancement2-18x10.png 18w\" sizes=\"auto, (max-width: 600px) 100vw, 600px\" \/>\t\t\t<\/div>\n\t\t<\/a><!-- .post-thumbnail -->\n\t\t\t\t<div class=\"entry-content-wrap\">\n\t\t\t<header class=\"entry-header\">\n\t\t<div class=\"entry-taxonomies\">\n\t\t<span class=\"category-links term-links category-style-normal\">\n\t\t\t<a href=\"https:\/\/www.optimalog.com\/en\/category\/news\" rel=\"category tag\">Nouvelles<\/a>\t\t<\/span>\n\t<\/div><!-- .entry-taxonomies -->\n\t<h2 class=\"entry-title\"><a href=\"https:\/\/www.optimalog.com\/en\/mise-en-ligne-de-notre-nouveau-site\" rel=\"bookmark\">Mise en ligne de notre nouveau site<\/a><\/h2>\t<div class=\"entry-meta entry-meta-divider-dot\">\n\t<div class=\"meta-comments\"><a class=\"meta-comments-link anchor-scroll\" href=\"https:\/\/www.optimalog.com\/en\/mise-en-ligne-de-notre-nouveau-site#comments\">0 Comments<\/a><\/div>\t<\/div><!-- .entry-meta -->\n\t<\/header><!-- .entry-header -->\n\t<div class=\"entry-summary\">\n\t\t<p>Apr\u00e8s quelques ann\u00e9es de bons et loyaux services, notre ancien site web passe la main \u00e0 celui-ci. Cette actualisation nous permettra de vous offrir d\u00e9sormais plus de services et de flexibilit\u00e9 dans le maintien des informations disponibles ici. Notre priorit\u00e9 : offrir le meilleur possible \u00e0 notre client\u00e8le.<\/p>\n\t<\/div><!-- .entry-summary -->\n\t<footer class=\"entry-footer\">\n\t<\/footer><!-- .entry-footer -->\t\t<\/div>\n\t<\/article>\n<\/li>\n<\/ul>","protected":false},"excerpt":{"rendered":"","protected":false},"author":1,"featured_media":0,"parent":0,"menu_order":3,"comment_status":"closed","ping_status":"closed","template":"","meta":{"site-sidebar-layout":"default","site-content-layout":"default","ast-site-content-layout":"","site-content-style":"default","site-sidebar-style":"default","ast-global-header-display":"","ast-banner-title-visibility":"","ast-main-header-display":"","ast-hfb-above-header-display":"","ast-hfb-below-header-display":"","ast-hfb-mobile-header-display":"","site-post-title":"","ast-breadcrumbs-content":"","ast-featured-img":"","footer-sml-layout":"","theme-transparent-header-meta":"default","adv-header-id-meta":"","stick-header-meta":"","header-above-stick-meta":"","header-main-stick-meta":"","header-below-stick-meta":"","astra-migrate-meta-layouts":"default","ast-page-background-enabled":"default","ast-page-background-meta":{"desktop":{"background-color":"var(--ast-global-color-4)","background-image":"","background-repeat":"repeat","background-position":"center center","background-size":"auto","background-attachment":"scroll","background-type":"","background-media":"","overlay-type":"","overlay-color":"","overlay-gradient":""},"tablet":{"background-color":"","background-image":"","background-repeat":"repeat","background-position":"center center","background-size":"auto","background-attachment":"scroll","background-type":"","background-media":"","overlay-type":"","overlay-color":"","overlay-gradient":""},"mobile":{"background-color":"","background-image":"","background-repeat":"repeat","background-position":"center center","background-size":"auto","background-attachment":"scroll","background-type":"","background-media":"","overlay-type":"","overlay-color":"","overlay-gradient":""}},"ast-content-background-meta":{"desktop":{"background-color":"var(--ast-global-color-5)","background-image":"","background-repeat":"repeat","background-position":"center center","background-size":"auto","background-attachment":"scroll","background-type":"","background-media":"","overlay-type":"","overlay-color":"","overlay-gradient":""},"tablet":{"background-color":"var(--ast-global-color-5)","background-image":"","background-repeat":"repeat","background-position":"center center","background-size":"auto","background-attachment":"scroll","background-type":"","background-media":"","overlay-type":"","overlay-color":"","overlay-gradient":""},"mobile":{"background-color":"var(--ast-global-color-5)","background-image":"","background-repeat":"repeat","background-position":"center center","background-size":"auto","background-attachment":"scroll","background-type":"","background-media":"","overlay-type":"","overlay-color":"","overlay-gradient":""}},"footnotes":""},"class_list":["post-1323","page","type-page","status-publish","hentry"],"yoast_head":"<!-- This site is optimized with the Yoast SEO plugin v27.5 - https:\/\/yoast.com\/product\/yoast-seo-wordpress\/ -->\n<title>Publications - Optimalog<\/title>\n<meta name=\"robots\" content=\"index, follow, max-snippet:-1, max-image-preview:large, max-video-preview:-1\" \/>\n<link rel=\"canonical\" href=\"https:\/\/www.optimalog.com\/en\/publications\/\" \/>\n<meta property=\"og:locale\" content=\"en_GB\" \/>\n<meta property=\"og:type\" content=\"article\" \/>\n<meta property=\"og:title\" content=\"Publications - Optimalog\" \/>\n<meta property=\"og:url\" content=\"https:\/\/www.optimalog.com\/en\/publications\/\" \/>\n<meta property=\"og:site_name\" content=\"Optimalog\" \/>\n<meta property=\"article:modified_time\" content=\"2022-08-12T18:41:06+00:00\" \/>\n<meta name=\"twitter:card\" content=\"summary_large_image\" \/>\n<meta name=\"twitter:site\" content=\"@OptimalogCom\" \/>\n<script type=\"application\/ld+json\" class=\"yoast-schema-graph\">{\"@context\":\"https:\\\/\\\/schema.org\",\"@graph\":[{\"@type\":\"WebPage\",\"@id\":\"https:\\\/\\\/www.optimalog.com\\\/publications\",\"url\":\"https:\\\/\\\/www.optimalog.com\\\/publications\",\"name\":\"Publications - Optimalog\",\"isPartOf\":{\"@id\":\"https:\\\/\\\/www.optimalog.com\\\/#website\"},\"datePublished\":\"2022-08-11T09:07:55+00:00\",\"dateModified\":\"2022-08-12T18:41:06+00:00\",\"breadcrumb\":{\"@id\":\"https:\\\/\\\/www.optimalog.com\\\/publications#breadcrumb\"},\"inLanguage\":\"en-GB\",\"potentialAction\":[{\"@type\":\"ReadAction\",\"target\":[\"https:\\\/\\\/www.optimalog.com\\\/publications\"]}]},{\"@type\":\"BreadcrumbList\",\"@id\":\"https:\\\/\\\/www.optimalog.com\\\/publications#breadcrumb\",\"itemListElement\":[{\"@type\":\"ListItem\",\"position\":1,\"name\":\"Accueil\",\"item\":\"https:\\\/\\\/www.optimalog.com\\\/\"},{\"@type\":\"ListItem\",\"position\":2,\"name\":\"Publications\"}]},{\"@type\":\"WebSite\",\"@id\":\"https:\\\/\\\/www.optimalog.com\\\/#website\",\"url\":\"https:\\\/\\\/www.optimalog.com\\\/\",\"name\":\"Optimalog\",\"description\":\"Votre architecte en automation\",\"publisher\":{\"@id\":\"https:\\\/\\\/www.optimalog.com\\\/#organization\"},\"potentialAction\":[{\"@type\":\"SearchAction\",\"target\":{\"@type\":\"EntryPoint\",\"urlTemplate\":\"https:\\\/\\\/www.optimalog.com\\\/?s={search_term_string}\"},\"query-input\":{\"@type\":\"PropertyValueSpecification\",\"valueRequired\":true,\"valueName\":\"search_term_string\"}}],\"inLanguage\":\"en-GB\"},{\"@type\":\"Organization\",\"@id\":\"https:\\\/\\\/www.optimalog.com\\\/#organization\",\"name\":\"Optimalog\",\"url\":\"https:\\\/\\\/www.optimalog.com\\\/\",\"logo\":{\"@type\":\"ImageObject\",\"inLanguage\":\"en-GB\",\"@id\":\"https:\\\/\\\/www.optimalog.com\\\/#\\\/schema\\\/logo\\\/image\\\/\",\"url\":\"https:\\\/\\\/www.optimalog.com\\\/wp-content\\\/uploads\\\/2022\\\/07\\\/Logo-Optimalog-petit-format.png\",\"contentUrl\":\"https:\\\/\\\/www.optimalog.com\\\/wp-content\\\/uploads\\\/2022\\\/07\\\/Logo-Optimalog-petit-format.png\",\"width\":160,\"height\":74,\"caption\":\"Optimalog\"},\"image\":{\"@id\":\"https:\\\/\\\/www.optimalog.com\\\/#\\\/schema\\\/logo\\\/image\\\/\"},\"sameAs\":[\"https:\\\/\\\/x.com\\\/OptimalogCom\"]}]}<\/script>\n<!-- \/ Yoast SEO plugin. -->","yoast_head_json":{"title":"Publications - Optimalog","robots":{"index":"index","follow":"follow","max-snippet":"max-snippet:-1","max-image-preview":"max-image-preview:large","max-video-preview":"max-video-preview:-1"},"canonical":"https:\/\/www.optimalog.com\/en\/publications\/","og_locale":"en_GB","og_type":"article","og_title":"Publications - Optimalog","og_url":"https:\/\/www.optimalog.com\/en\/publications\/","og_site_name":"Optimalog","article_modified_time":"2022-08-12T18:41:06+00:00","twitter_card":"summary_large_image","twitter_site":"@OptimalogCom","schema":{"@context":"https:\/\/schema.org","@graph":[{"@type":"WebPage","@id":"https:\/\/www.optimalog.com\/publications","url":"https:\/\/www.optimalog.com\/publications","name":"Publications - Optimalog","isPartOf":{"@id":"https:\/\/www.optimalog.com\/#website"},"datePublished":"2022-08-11T09:07:55+00:00","dateModified":"2022-08-12T18:41:06+00:00","breadcrumb":{"@id":"https:\/\/www.optimalog.com\/publications#breadcrumb"},"inLanguage":"en-GB","potentialAction":[{"@type":"ReadAction","target":["https:\/\/www.optimalog.com\/publications"]}]},{"@type":"BreadcrumbList","@id":"https:\/\/www.optimalog.com\/publications#breadcrumb","itemListElement":[{"@type":"ListItem","position":1,"name":"Accueil","item":"https:\/\/www.optimalog.com\/"},{"@type":"ListItem","position":2,"name":"Publications"}]},{"@type":"WebSite","@id":"https:\/\/www.optimalog.com\/#website","url":"https:\/\/www.optimalog.com\/","name":"Optimalog","description":"Your architect in automation","publisher":{"@id":"https:\/\/www.optimalog.com\/#organization"},"potentialAction":[{"@type":"SearchAction","target":{"@type":"EntryPoint","urlTemplate":"https:\/\/www.optimalog.com\/?s={search_term_string}"},"query-input":{"@type":"PropertyValueSpecification","valueRequired":true,"valueName":"search_term_string"}}],"inLanguage":"en-GB"},{"@type":"Organization","@id":"https:\/\/www.optimalog.com\/#organization","name":"Optimalog","url":"https:\/\/www.optimalog.com\/","logo":{"@type":"ImageObject","inLanguage":"en-GB","@id":"https:\/\/www.optimalog.com\/#\/schema\/logo\/image\/","url":"https:\/\/www.optimalog.com\/wp-content\/uploads\/2022\/07\/Logo-Optimalog-petit-format.png","contentUrl":"https:\/\/www.optimalog.com\/wp-content\/uploads\/2022\/07\/Logo-Optimalog-petit-format.png","width":160,"height":74,"caption":"Optimalog"},"image":{"@id":"https:\/\/www.optimalog.com\/#\/schema\/logo\/image\/"},"sameAs":["https:\/\/x.com\/OptimalogCom"]}]}},"_links":{"self":[{"href":"https:\/\/www.optimalog.com\/en\/wp-json\/wp\/v2\/pages\/1323","targetHints":{"allow":["GET"]}}],"collection":[{"href":"https:\/\/www.optimalog.com\/en\/wp-json\/wp\/v2\/pages"}],"about":[{"href":"https:\/\/www.optimalog.com\/en\/wp-json\/wp\/v2\/types\/page"}],"author":[{"embeddable":true,"href":"https:\/\/www.optimalog.com\/en\/wp-json\/wp\/v2\/users\/1"}],"replies":[{"embeddable":true,"href":"https:\/\/www.optimalog.com\/en\/wp-json\/wp\/v2\/comments?post=1323"}],"version-history":[{"count":19,"href":"https:\/\/www.optimalog.com\/en\/wp-json\/wp\/v2\/pages\/1323\/revisions"}],"predecessor-version":[{"id":1653,"href":"https:\/\/www.optimalog.com\/en\/wp-json\/wp\/v2\/pages\/1323\/revisions\/1653"}],"wp:attachment":[{"href":"https:\/\/www.optimalog.com\/en\/wp-json\/wp\/v2\/media?parent=1323"}],"curies":[{"name":"wp","href":"https:\/\/api.w.org\/{rel}","templated":true}]}}