{"id":1118,"date":"2022-08-10T09:57:13","date_gmt":"2022-08-10T07:57:13","guid":{"rendered":"http:\/\/s169997260.onlinehome.fr\/?page_id=1118"},"modified":"2022-08-30T17:37:48","modified_gmt":"2022-08-30T15:37:48","slug":"heliaphen","status":"publish","type":"page","link":"https:\/\/www.optimalog.com\/en\/produits\/heliaphen","title":{"rendered":"Heliaphen"},"content":{"rendered":"<div id=\"pl-1118\"  class=\"panel-layout\" ><div id=\"pg-1118-0\"  class=\"panel-grid panel-no-style\" ><div id=\"pgc-1118-0-0\"  class=\"panel-grid-cell\" ><div id=\"panel-1118-0-0-0\" class=\"so-panel widget_sow-editor panel-first-child panel-last-child\" data-index=\"0\" ><div\n\t\t\t\n\t\t\tclass=\"so-widget-sow-editor so-widget-sow-editor-base\"\n\t\t\t\n\t\t>\n<div class=\"siteorigin-widget-tinymce textwidget\">\n\t<p class=\"translation-block\"><strong>Heliaphen<\/strong> is an autonomous robot for agricultural research entirely designed by <strong>Optimalog<\/strong>.<\/p>\n<p>The robot is responsible for weighing and irrigating several hundred pots on a dedicated platform. It is also equipped with various instruments, such as cameras and light barriers for profile measurement.<\/p>\n<p class=\"translation-block\">The robot is powered by a battery that it comes to recharge regularly. Navigation is provided by a Sick NAV350. On-board intelligence is provided by a B&amp;R PLC. It is supplemented by an application on a fixed PC running under <a href=\"https:\/\/www.optimalog.com\/en\/produits\/logiciels-dautomatisme\/optima-plc-presentation\/\" target=\"_self\">Optima PLC<\/a>, communicating via Wifi, and responsible for trajectory calculation, photo and data storage, plant management, cycles, etc.<\/p>\n<p class=\"translation-block\">An original trajectory calculation algorithm designed by <strong>Optimalog<\/strong> makes it possible to optimize all movements, and allows complex movements in an environment with limited space: the robot is thus capable of automatically performing <strong>maneuvers<\/strong> combining forward and reverse.<\/p>\n<\/div>\n<\/div><\/div><\/div><\/div><div id=\"pg-1118-1\"  class=\"panel-grid panel-no-style\" ><div id=\"pgc-1118-1-0\"  class=\"panel-grid-cell\" ><div id=\"panel-1118-1-0-0\" class=\"so-panel widget_sow-video panel-first-child panel-last-child\" data-index=\"1\" ><div\n\t\t\t\n\t\t\tclass=\"so-widget-sow-video so-widget-sow-video-default-c08170c47cfb-1118\"\n\t\t\t\n\t\t>\n<div class=\"sow-video-wrapper use-fitvids\">\n\t\t\t<video\n\t\t\tid=\"sow-player-1\" class=\"sow-video-widget\" preload=\"auto\" style=\"width:100%;height:100%;\" autoplay playsinline muted=\"1\" loop=\"true\" controls>\n\t\t\t\t\t\t\t<source type=\"\" src=\"https:\/\/www.youtube.com\/watch?v=k2PDwaZCBaI\"\/>\n\t\t\t\t\t<\/video>\n\t<\/div>\n<\/div><\/div><\/div><\/div><\/div>","protected":false},"excerpt":{"rendered":"<p>Heliaphen est un robot autonome destin\u00e9 \u00e0 la recherche agronomique enti\u00e8rement con\u00e7u par Optimalog. Le robot se charge de la pes\u00e9e et de l&#8217;irrigation de plusieurs centaines de pots r\u00e9partis sur une plateforme d\u00e9di\u00e9e. Il embarque \u00e9galement divers instruments : cam\u00e9ras, barri\u00e8res immat\u00e9rielles de mesure de profil. Le robot est aliment\u00e9 par une batterie qu&#8217;il [&hellip;]<\/p>\n","protected":false},"author":1,"featured_media":0,"parent":144,"menu_order":3,"comment_status":"closed","ping_status":"closed","template":"","meta":{"site-sidebar-layout":"default","site-content-layout":"default","ast-site-content-layout":"","site-content-style":"default","site-sidebar-style":"default","ast-global-header-display":"","ast-banner-title-visibility":"","ast-main-header-display":"","ast-hfb-above-header-display":"","ast-hfb-below-header-display":"","ast-hfb-mobile-header-display":"","site-post-title":"","ast-breadcrumbs-content":"","ast-featured-img":"","footer-sml-layout":"","theme-transparent-header-meta":"default","adv-header-id-meta":"","stick-header-meta":"","header-above-stick-meta":"","header-main-stick-meta":"","header-below-stick-meta":"","astra-migrate-meta-layouts":"default","ast-page-background-enabled":"default","ast-page-background-meta":{"desktop":{"background-color":"var(--ast-global-color-4)","background-image":"","background-repeat":"repeat","background-position":"center center","background-size":"auto","background-attachment":"scroll","background-type":"","background-media":"","overlay-type":"","overlay-color":"","overlay-gradient":""},"tablet":{"background-color":"","background-image":"","background-repeat":"repeat","background-position":"center center","background-size":"auto","background-attachment":"scroll","background-type":"","background-media":"","overlay-type":"","overlay-color":"","overlay-gradient":""},"mobile":{"background-color":"","background-image":"","background-repeat":"repeat","background-position":"center center","background-size":"auto","background-attachment":"scroll","background-type":"","background-media":"","overlay-type":"","overlay-color":"","overlay-gradient":""}},"ast-content-background-meta":{"desktop":{"background-color":"var(--ast-global-color-5)","background-image":"","background-repeat":"repeat","background-position":"center center","background-size":"auto","background-attachment":"scroll","background-type":"","background-media":"","overlay-type":"","overlay-color":"","overlay-gradient":""},"tablet":{"background-color":"var(--ast-global-color-5)","background-image":"","background-repeat":"repeat","background-position":"center center","background-size":"auto","background-attachment":"scroll","background-type":"","background-media":"","overlay-type":"","overlay-color":"","overlay-gradient":""},"mobile":{"background-color":"var(--ast-global-color-5)","background-image":"","background-repeat":"repeat","background-position":"center center","background-size":"auto","background-attachment":"scroll","background-type":"","background-media":"","overlay-type":"","overlay-color":"","overlay-gradient":""}},"footnotes":""},"class_list":["post-1118","page","type-page","status-publish","hentry"],"yoast_head":"<!-- This site is optimized with the Yoast SEO plugin v27.5 - https:\/\/yoast.com\/product\/yoast-seo-wordpress\/ -->\n<title>Heliaphen - Optimalog<\/title>\n<meta name=\"robots\" content=\"index, follow, max-snippet:-1, max-image-preview:large, max-video-preview:-1\" \/>\n<link rel=\"canonical\" href=\"https:\/\/www.optimalog.com\/en\/produits\/heliaphen\/\" \/>\n<meta property=\"og:locale\" content=\"en_GB\" \/>\n<meta property=\"og:type\" content=\"article\" \/>\n<meta property=\"og:title\" content=\"Heliaphen - Optimalog\" \/>\n<meta property=\"og:description\" content=\"Heliaphen est un robot autonome destin\u00e9 \u00e0 la recherche agronomique enti\u00e8rement con\u00e7u par Optimalog. Le robot se charge de la pes\u00e9e et de l&#039;irrigation de plusieurs centaines de pots r\u00e9partis sur une plateforme d\u00e9di\u00e9e. Il embarque \u00e9galement divers instruments : cam\u00e9ras, barri\u00e8res immat\u00e9rielles de mesure de profil. Le robot est aliment\u00e9 par une batterie qu&#039;il [&hellip;]\" \/>\n<meta property=\"og:url\" content=\"https:\/\/www.optimalog.com\/en\/produits\/heliaphen\/\" \/>\n<meta property=\"og:site_name\" content=\"Optimalog\" \/>\n<meta property=\"article:modified_time\" content=\"2022-08-30T15:37:48+00:00\" \/>\n<meta name=\"twitter:card\" content=\"summary_large_image\" \/>\n<meta name=\"twitter:site\" content=\"@OptimalogCom\" \/>\n<meta name=\"twitter:label1\" content=\"Estimated reading time\" \/>\n\t<meta name=\"twitter:data1\" content=\"1 minute\" \/>\n<script type=\"application\/ld+json\" class=\"yoast-schema-graph\">{\"@context\":\"https:\\\/\\\/schema.org\",\"@graph\":[{\"@type\":\"WebPage\",\"@id\":\"https:\\\/\\\/www.optimalog.com\\\/produits\\\/heliaphen\",\"url\":\"https:\\\/\\\/www.optimalog.com\\\/produits\\\/heliaphen\",\"name\":\"Heliaphen - Optimalog\",\"isPartOf\":{\"@id\":\"https:\\\/\\\/www.optimalog.com\\\/#website\"},\"datePublished\":\"2022-08-10T07:57:13+00:00\",\"dateModified\":\"2022-08-30T15:37:48+00:00\",\"breadcrumb\":{\"@id\":\"https:\\\/\\\/www.optimalog.com\\\/produits\\\/heliaphen#breadcrumb\"},\"inLanguage\":\"en-GB\",\"potentialAction\":[{\"@type\":\"ReadAction\",\"target\":[\"https:\\\/\\\/www.optimalog.com\\\/produits\\\/heliaphen\"]}]},{\"@type\":\"BreadcrumbList\",\"@id\":\"https:\\\/\\\/www.optimalog.com\\\/produits\\\/heliaphen#breadcrumb\",\"itemListElement\":[{\"@type\":\"ListItem\",\"position\":1,\"name\":\"Accueil\",\"item\":\"https:\\\/\\\/www.optimalog.com\\\/\"},{\"@type\":\"ListItem\",\"position\":2,\"name\":\"Produits\",\"item\":\"https:\\\/\\\/www.optimalog.com\\\/produits\"},{\"@type\":\"ListItem\",\"position\":3,\"name\":\"Heliaphen\"}]},{\"@type\":\"WebSite\",\"@id\":\"https:\\\/\\\/www.optimalog.com\\\/#website\",\"url\":\"https:\\\/\\\/www.optimalog.com\\\/\",\"name\":\"Optimalog\",\"description\":\"Votre architecte en automation\",\"publisher\":{\"@id\":\"https:\\\/\\\/www.optimalog.com\\\/#organization\"},\"potentialAction\":[{\"@type\":\"SearchAction\",\"target\":{\"@type\":\"EntryPoint\",\"urlTemplate\":\"https:\\\/\\\/www.optimalog.com\\\/?s={search_term_string}\"},\"query-input\":{\"@type\":\"PropertyValueSpecification\",\"valueRequired\":true,\"valueName\":\"search_term_string\"}}],\"inLanguage\":\"en-GB\"},{\"@type\":\"Organization\",\"@id\":\"https:\\\/\\\/www.optimalog.com\\\/#organization\",\"name\":\"Optimalog\",\"url\":\"https:\\\/\\\/www.optimalog.com\\\/\",\"logo\":{\"@type\":\"ImageObject\",\"inLanguage\":\"en-GB\",\"@id\":\"https:\\\/\\\/www.optimalog.com\\\/#\\\/schema\\\/logo\\\/image\\\/\",\"url\":\"https:\\\/\\\/www.optimalog.com\\\/wp-content\\\/uploads\\\/2022\\\/07\\\/Logo-Optimalog-petit-format.png\",\"contentUrl\":\"https:\\\/\\\/www.optimalog.com\\\/wp-content\\\/uploads\\\/2022\\\/07\\\/Logo-Optimalog-petit-format.png\",\"width\":160,\"height\":74,\"caption\":\"Optimalog\"},\"image\":{\"@id\":\"https:\\\/\\\/www.optimalog.com\\\/#\\\/schema\\\/logo\\\/image\\\/\"},\"sameAs\":[\"https:\\\/\\\/x.com\\\/OptimalogCom\"]}]}<\/script>\n<!-- \/ Yoast SEO plugin. -->","yoast_head_json":{"title":"Heliaphen - Optimalog","robots":{"index":"index","follow":"follow","max-snippet":"max-snippet:-1","max-image-preview":"max-image-preview:large","max-video-preview":"max-video-preview:-1"},"canonical":"https:\/\/www.optimalog.com\/en\/produits\/heliaphen\/","og_locale":"en_GB","og_type":"article","og_title":"Heliaphen - Optimalog","og_description":"Heliaphen est un robot autonome destin\u00e9 \u00e0 la recherche agronomique enti\u00e8rement con\u00e7u par Optimalog. Le robot se charge de la pes\u00e9e et de l'irrigation de plusieurs centaines de pots r\u00e9partis sur une plateforme d\u00e9di\u00e9e. Il embarque \u00e9galement divers instruments : cam\u00e9ras, barri\u00e8res immat\u00e9rielles de mesure de profil. Le robot est aliment\u00e9 par une batterie qu'il [&hellip;]","og_url":"https:\/\/www.optimalog.com\/en\/produits\/heliaphen\/","og_site_name":"Optimalog","article_modified_time":"2022-08-30T15:37:48+00:00","twitter_card":"summary_large_image","twitter_site":"@OptimalogCom","twitter_misc":{"Estimated reading time":"1 minute"},"schema":{"@context":"https:\/\/schema.org","@graph":[{"@type":"WebPage","@id":"https:\/\/www.optimalog.com\/produits\/heliaphen","url":"https:\/\/www.optimalog.com\/produits\/heliaphen","name":"Heliaphen - Optimalog","isPartOf":{"@id":"https:\/\/www.optimalog.com\/#website"},"datePublished":"2022-08-10T07:57:13+00:00","dateModified":"2022-08-30T15:37:48+00:00","breadcrumb":{"@id":"https:\/\/www.optimalog.com\/produits\/heliaphen#breadcrumb"},"inLanguage":"en-GB","potentialAction":[{"@type":"ReadAction","target":["https:\/\/www.optimalog.com\/produits\/heliaphen"]}]},{"@type":"BreadcrumbList","@id":"https:\/\/www.optimalog.com\/produits\/heliaphen#breadcrumb","itemListElement":[{"@type":"ListItem","position":1,"name":"Accueil","item":"https:\/\/www.optimalog.com\/"},{"@type":"ListItem","position":2,"name":"Produits","item":"https:\/\/www.optimalog.com\/produits"},{"@type":"ListItem","position":3,"name":"Heliaphen"}]},{"@type":"WebSite","@id":"https:\/\/www.optimalog.com\/#website","url":"https:\/\/www.optimalog.com\/","name":"Optimalog","description":"Your architect in automation","publisher":{"@id":"https:\/\/www.optimalog.com\/#organization"},"potentialAction":[{"@type":"SearchAction","target":{"@type":"EntryPoint","urlTemplate":"https:\/\/www.optimalog.com\/?s={search_term_string}"},"query-input":{"@type":"PropertyValueSpecification","valueRequired":true,"valueName":"search_term_string"}}],"inLanguage":"en-GB"},{"@type":"Organization","@id":"https:\/\/www.optimalog.com\/#organization","name":"Optimalog","url":"https:\/\/www.optimalog.com\/","logo":{"@type":"ImageObject","inLanguage":"en-GB","@id":"https:\/\/www.optimalog.com\/#\/schema\/logo\/image\/","url":"https:\/\/www.optimalog.com\/wp-content\/uploads\/2022\/07\/Logo-Optimalog-petit-format.png","contentUrl":"https:\/\/www.optimalog.com\/wp-content\/uploads\/2022\/07\/Logo-Optimalog-petit-format.png","width":160,"height":74,"caption":"Optimalog"},"image":{"@id":"https:\/\/www.optimalog.com\/#\/schema\/logo\/image\/"},"sameAs":["https:\/\/x.com\/OptimalogCom"]}]}},"_links":{"self":[{"href":"https:\/\/www.optimalog.com\/en\/wp-json\/wp\/v2\/pages\/1118","targetHints":{"allow":["GET"]}}],"collection":[{"href":"https:\/\/www.optimalog.com\/en\/wp-json\/wp\/v2\/pages"}],"about":[{"href":"https:\/\/www.optimalog.com\/en\/wp-json\/wp\/v2\/types\/page"}],"author":[{"embeddable":true,"href":"https:\/\/www.optimalog.com\/en\/wp-json\/wp\/v2\/users\/1"}],"replies":[{"embeddable":true,"href":"https:\/\/www.optimalog.com\/en\/wp-json\/wp\/v2\/comments?post=1118"}],"version-history":[{"count":31,"href":"https:\/\/www.optimalog.com\/en\/wp-json\/wp\/v2\/pages\/1118\/revisions"}],"predecessor-version":[{"id":1925,"href":"https:\/\/www.optimalog.com\/en\/wp-json\/wp\/v2\/pages\/1118\/revisions\/1925"}],"up":[{"embeddable":true,"href":"https:\/\/www.optimalog.com\/en\/wp-json\/wp\/v2\/pages\/144"}],"wp:attachment":[{"href":"https:\/\/www.optimalog.com\/en\/wp-json\/wp\/v2\/media?parent=1118"}],"curies":[{"name":"wp","href":"https:\/\/api.w.org\/{rel}","templated":true}]}}