{"id":1034,"date":"2022-08-09T17:04:15","date_gmt":"2022-08-09T15:04:15","guid":{"rendered":"http:\/\/s169997260.onlinehome.fr\/?page_id=1034"},"modified":"2022-08-29T16:49:50","modified_gmt":"2022-08-29T14:49:50","slug":"developpement-logiciel","status":"publish","type":"page","link":"https:\/\/www.optimalog.com\/en\/prestations\/developpement-logiciel","title":{"rendered":"Software development"},"content":{"rendered":"<div id=\"pl-1034\"  class=\"panel-layout\" ><div id=\"pg-1034-0\"  class=\"panel-grid panel-no-style\" ><div id=\"pgc-1034-0-0\"  class=\"panel-grid-cell\" ><div id=\"panel-1034-0-0-0\" class=\"so-panel widget_text panel-first-child\" data-index=\"0\" >\t\t\t<div class=\"textwidget\"><div class=\"translation-block\">\n<p>Specialized in industrial IT for more than sixteen years, <strong>Optimalog<\/strong> develops your custom software. We design and develop your software in various fields, industrial or not. This <strong>specific<\/strong> software will connect to your hardware and\/or applications.<\/p>\n<p>The advantages of Optimalog:<\/p>\n<ul>\n<li>Development at the crossroads of various skills, from embedded software to web development<\/li>\n<li>Reliable and efficient software, but also scalable and maintainable, capable of meeting your needs over the long term<\/li>\n<li>Complex algorithms for optimization, regulation, control-command.<\/li>\n<\/ul>\n<p>Two possible development options:<\/p>\n<ul>\n<li><strong>Package development<\/strong><\/li>\n<li><strong>In-house development<\/strong><\/li>\n<\/ul>\n<p>Development in package mode is particularly suitable for IT projects where all the technical specifications are well defined in a specification. The management mode allows you to develop a project in real time and to be more responsive to new requests.<\/p>\n<ul>\n<li><strong>Platforms<\/strong>: Windows, ms-dos, free-dos, PLCs Siemens, Schneider, Omron, Wago, etc.<\/li>\n<li><strong>Development tools<\/strong>: Delphi, C++ Builder, Visual Studio, Labview.<\/li>\n<li><strong>Fieldbus<\/strong>: ASI, DEVICE NET, CAN, CAN OPEN, INTERBUS-S, MODBUS, MODBUS TCP, ETHERCAT, ETHERNET\/IP, PROFIBUS, PROFINET<\/li>\n<li><strong>Specific Human\/Machine Interface<\/strong>, Optima View, Labview or any software of your choice<\/li>\n<li><strong>TCP\/IP communication<\/strong>, serial, specific protocols<\/li>\n<li><strong>Vision<\/strong>: MATROX, DVT COGNEX, KEYENCE\u2026<\/li>\n<li><strong>Data exchange<\/strong> with robots: FANUC, KUKA, STAUBLI, ABB,\u2026<\/li>\n<\/ul>\n<\/div>\n<\/div>\n\t\t<\/div><div id=\"panel-1034-0-0-1\" class=\"so-panel widget_sow-image-grid panel-last-child\" data-index=\"1\" ><div\n\t\t\t\n\t\t\tclass=\"so-widget-sow-image-grid so-widget-sow-image-grid-default-8bf08a9600e8-1034\"\n\t\t\t\n\t\t>\t<div\n\t\tclass=\"sow-image-grid-wrapper\"\n\t\t\t\tdata-max-height=\"200\"\t>\n\t\t\t\t\t<div class=\"sow-image-grid-image\">\n\t\t\t\t\t\t\t\t\t\t\t\t<img loading=\"lazy\" decoding=\"async\" width=\"1920\" height=\"1040\" src=\"https:\/\/www.optimalog.com\/wp-content\/uploads\/images\/Capture-Optima-PLC.png\" class=\"sow-image-grid-image_html\" alt=\"\" title=\"Capture Optima PLC\" srcset=\"https:\/\/www.optimalog.com\/wp-content\/uploads\/images\/Capture-Optima-PLC.png 1920w, https:\/\/www.optimalog.com\/wp-content\/uploads\/images\/Capture-Optima-PLC-300x163.png 300w, https:\/\/www.optimalog.com\/wp-content\/uploads\/images\/Capture-Optima-PLC-1024x555.png 1024w, https:\/\/www.optimalog.com\/wp-content\/uploads\/images\/Capture-Optima-PLC-768x416.png 768w, https:\/\/www.optimalog.com\/wp-content\/uploads\/images\/Capture-Optima-PLC-1536x832.png 1536w, https:\/\/www.optimalog.com\/wp-content\/uploads\/images\/Capture-Optima-PLC-18x10.png 18w\" sizes=\"auto, (max-width: 1920px) 100vw, 1920px\" \/>\t\t\t\t\t\t\t\t\t\t\t<\/div>\n\t\t\t\t\t<div class=\"sow-image-grid-image\">\n\t\t\t\t\t\t\t\t\t\t\t\t<img loading=\"lazy\" decoding=\"async\" width=\"1500\" height=\"694\" src=\"https:\/\/www.optimalog.com\/wp-content\/uploads\/images\/Capture-Labview.png\" class=\"sow-image-grid-image_html\" alt=\"\" title=\"Capture Labview\" srcset=\"https:\/\/www.optimalog.com\/wp-content\/uploads\/images\/Capture-Labview.png 1500w, https:\/\/www.optimalog.com\/wp-content\/uploads\/images\/Capture-Labview-300x139.png 300w, https:\/\/www.optimalog.com\/wp-content\/uploads\/images\/Capture-Labview-1024x474.png 1024w, https:\/\/www.optimalog.com\/wp-content\/uploads\/images\/Capture-Labview-768x355.png 768w, https:\/\/www.optimalog.com\/wp-content\/uploads\/images\/Capture-Labview-18x8.png 18w\" sizes=\"auto, (max-width: 1500px) 100vw, 1500px\" \/>\t\t\t\t\t\t\t\t\t\t\t<\/div>\n\t\t\t\t\t<div class=\"sow-image-grid-image\">\n\t\t\t\t\t\t\t\t\t\t\t\t<img loading=\"lazy\" decoding=\"async\" width=\"1928\" height=\"1168\" src=\"https:\/\/www.optimalog.com\/wp-content\/uploads\/images\/Builder.png\" class=\"sow-image-grid-image_html\" alt=\"\" title=\"\" srcset=\"https:\/\/www.optimalog.com\/wp-content\/uploads\/images\/Builder.png 1928w, https:\/\/www.optimalog.com\/wp-content\/uploads\/images\/Builder-300x182.png 300w, https:\/\/www.optimalog.com\/wp-content\/uploads\/images\/Builder-1024x620.png 1024w, https:\/\/www.optimalog.com\/wp-content\/uploads\/images\/Builder-768x465.png 768w, https:\/\/www.optimalog.com\/wp-content\/uploads\/images\/Builder-1536x931.png 1536w\" sizes=\"auto, (max-width: 1928px) 100vw, 1928px\" \/>\t\t\t\t\t\t\t\t\t\t\t<\/div>\n\t\t\t<\/div>\n<\/div><\/div><\/div><\/div><div id=\"pg-1034-1\"  class=\"panel-grid panel-no-style\" ><div id=\"pgc-1034-1-0\"  class=\"panel-grid-cell\" ><div id=\"panel-1034-1-0-0\" class=\"so-panel widget_text panel-first-child panel-last-child\" data-index=\"2\" >\t\t\t<div class=\"textwidget\"><p><strong>Some examples<\/strong><\/p>\n<\/div>\n\t\t<\/div><\/div><\/div><div id=\"pg-1034-2\"  class=\"panel-grid panel-no-style\" ><div id=\"pgc-1034-2-0\"  class=\"panel-grid-cell\" ><div id=\"panel-1034-2-0-0\" class=\"so-panel widget_text panel-first-child panel-last-child\" data-index=\"3\" >\t\t\t<div class=\"textwidget\"><p><strong>CAM software for mounting precision ball bearings.<\/strong><\/p>\n<\/div>\n\t\t<\/div><\/div><div id=\"pgc-1034-2-1\"  class=\"panel-grid-cell\" ><div id=\"panel-1034-2-1-0\" class=\"so-panel widget_text panel-first-child panel-last-child\" data-index=\"4\" >\t\t\t<div class=\"textwidget\"><div class=\"translation-block\">Software for mounting precision bearings (Aeronautics, Space, Military) Dimensional measurements of rings, deflection measurement, preload, torque, etc.<\/p>\n<p>Pairing, pairing algorithms.<\/p>\n<p>Full traceability with a SQL Server type database.<\/p>\n<\/div>\n<\/div>\n\t\t<\/div><\/div><div id=\"pgc-1034-2-2\"  class=\"panel-grid-cell\" ><div id=\"panel-1034-2-2-0\" class=\"so-panel widget_sow-image panel-first-child panel-last-child\" data-index=\"5\" ><div\n\t\t\t\n\t\t\tclass=\"so-widget-sow-image so-widget-sow-image-default-8b5b6f678277-1034\"\n\t\t\t\n\t\t>\n<div class=\"sow-image-container\">\n\t\t<img \n\tsrc=\"https:\/\/www.optimalog.com\/wp-content\/uploads\/images\/Roulement3.jpg\" width=\"300\" height=\"225\" sizes=\"(max-width: 300px) 100vw, 300px\" alt=\"\" \t\tclass=\"so-widget-image\"\/>\n\t<\/div>\n\n<\/div><\/div><\/div><\/div><div id=\"pg-1034-3\"  class=\"panel-grid panel-no-style\" ><div id=\"pgc-1034-3-0\"  class=\"panel-grid-cell\" ><div id=\"panel-1034-3-0-0\" class=\"so-panel widget_text panel-first-child panel-last-child\" data-index=\"6\" >\t\t\t<div class=\"textwidget\"><p><strong>Design of a tele-echography probe<\/strong><\/p>\n<\/div>\n\t\t<\/div><\/div><div id=\"pgc-1034-3-1\"  class=\"panel-grid-cell\" ><div id=\"panel-1034-3-1-0\" class=\"so-panel widget_text panel-first-child panel-last-child\" data-index=\"7\" >\t\t\t<div class=\"textwidget\"><div class=\"translation-block\">\n<p>The development of this probe was part of Thomas Pesquet's <strong>Proxima mission aboard the ISS<\/strong>.<\/p>\n<p>The integration of the hardware and the software allowing it to be used have been entirely carried out by <strong>Optimalog<\/strong> for <strong>CNES<\/strong>.<\/p>\n<p>See more information: <a href=\"https:\/\/www.optimalog.com\/en\/tele-echographie-dans-la-station-spatiale-internationale\/\">Tele-echography in the International Space Station<\/a><\/p>\n<\/div>\n<\/div>\n\t\t<\/div><\/div><div id=\"pgc-1034-3-2\"  class=\"panel-grid-cell\" ><div id=\"panel-1034-3-2-0\" class=\"so-panel widget_sow-video panel-first-child panel-last-child\" data-index=\"8\" ><div\n\t\t\t\n\t\t\tclass=\"so-widget-sow-video so-widget-sow-video-default-c08170c47cfb-1034\"\n\t\t\t\n\t\t>\n<div class=\"sow-video-wrapper use-fitvids\">\n\t\t\t<iframe loading=\"lazy\" title=\"Les exp\u00e9riences Proxima - CNES : #6 ECHO\" width=\"640\" height=\"360\" src=\"https:\/\/www.youtube.com\/embed\/_AMzFwdGe08?feature=oembed&autoplay=1&mute=1&playlist=_AMzFwdGe08&loop=1&enablejsapi=1\" frameborder=\"0\" allow=\"accelerometer; autoplay; clipboard-write; encrypted-media; gyroscope; picture-in-picture; web-share\" referrerpolicy=\"strict-origin-when-cross-origin\" allowfullscreen mozallowfullscreen webkitallowfullscreen sandbox =\"allow-scripts allow-same-origin allow-presentation\"><\/iframe>\t<\/div>\n<\/div><\/div><\/div><\/div><div id=\"pg-1034-4\"  class=\"panel-grid panel-no-style\" ><div id=\"pgc-1034-4-0\"  class=\"panel-grid-cell\" ><div id=\"panel-1034-4-0-0\" class=\"so-panel widget_text panel-first-child panel-last-child\" data-index=\"9\" >\t\t\t<div class=\"textwidget\"><p><strong>Specialized signal acquisition system<\/strong><\/p>\n<\/div>\n\t\t<\/div><\/div><div id=\"pgc-1034-4-1\"  class=\"panel-grid-cell\" ><div id=\"panel-1034-4-1-0\" class=\"so-panel widget_text panel-first-child panel-last-child\" data-index=\"10\" >\t\t\t<div class=\"textwidget\"><p class=\"translation-block\"><strong>OptilLab<\/strong> software, designed and developed with <strong>Labview<\/strong> according to the specific needs of the laboratory of the Caillau company, in Romorantin. The supplied software associated with the National Instrument measurement equipment makes it possible to optimize the suitability for the conditions of use, and allows scalability by adding additional modules for new specialized functions.<\/p>\n<\/div>\n\t\t<\/div><\/div><div id=\"pgc-1034-4-2\"  class=\"panel-grid-cell\" ><div id=\"panel-1034-4-2-0\" class=\"so-panel widget_sow-image panel-first-child panel-last-child\" data-index=\"11\" ><div\n\t\t\t\n\t\t\tclass=\"so-widget-sow-image so-widget-sow-image-default-8b5b6f678277-1034\"\n\t\t\t\n\t\t>\n<div class=\"sow-image-container\">\n\t\t<img \n\tsrc=\"https:\/\/www.optimalog.com\/wp-content\/uploads\/images\/Capture-Labview.png\" width=\"1500\" height=\"694\" srcset=\"https:\/\/www.optimalog.com\/wp-content\/uploads\/images\/Capture-Labview.png 1500w, https:\/\/www.optimalog.com\/wp-content\/uploads\/images\/Capture-Labview-300x139.png 300w, https:\/\/www.optimalog.com\/wp-content\/uploads\/images\/Capture-Labview-1024x474.png 1024w, https:\/\/www.optimalog.com\/wp-content\/uploads\/images\/Capture-Labview-768x355.png 768w, https:\/\/www.optimalog.com\/wp-content\/uploads\/images\/Capture-Labview-18x8.png 18w\" sizes=\"(max-width: 1500px) 100vw, 1500px\" title=\"Capture Labview\" alt=\"\" \t\tclass=\"so-widget-image\"\/>\n\t<\/div>\n\n<\/div><\/div><\/div><\/div><\/div>","protected":false},"excerpt":{"rendered":"<p>Sp\u00e9cialis\u00e9e dans l&#8217;informatique industrielle depuis plus de seize ans, Optimalog\u00a0d\u00e9veloppe vos logiciels sur mesure. Nous concevons et d\u00e9veloppons vos logiciels dans des domaines vari\u00e9s, industriels ou non. Ces logiciels\u00a0sp\u00e9cifiques\u00a0se connecteront sur votre mat\u00e9riel et\/ou vos applications. Les plus d&#8217;Optimalog : Des d\u00e9veloppement aux carrefours de comp\u00e9tences diverses, du logiciel embarqu\u00e9 au d\u00e9veloppement web Des logiciels [&hellip;]<\/p>\n","protected":false},"author":1,"featured_media":0,"parent":965,"menu_order":0,"comment_status":"closed","ping_status":"closed","template":"","meta":{"site-sidebar-layout":"default","site-content-layout":"default","ast-site-content-layout":"","site-content-style":"default","site-sidebar-style":"default","ast-global-header-display":"","ast-banner-title-visibility":"","ast-main-header-display":"","ast-hfb-above-header-display":"","ast-hfb-below-header-display":"","ast-hfb-mobile-header-display":"","site-post-title":"","ast-breadcrumbs-content":"","ast-featured-img":"","footer-sml-layout":"","theme-transparent-header-meta":"default","adv-header-id-meta":"","stick-header-meta":"","header-above-stick-meta":"","header-main-stick-meta":"","header-below-stick-meta":"","astra-migrate-meta-layouts":"default","ast-page-background-enabled":"default","ast-page-background-meta":{"desktop":{"background-color":"var(--ast-global-color-4)","background-image":"","background-repeat":"repeat","background-position":"center center","background-size":"auto","background-attachment":"scroll","background-type":"","background-media":"","overlay-type":"","overlay-color":"","overlay-gradient":""},"tablet":{"background-color":"","background-image":"","background-repeat":"repeat","background-position":"center center","background-size":"auto","background-attachment":"scroll","background-type":"","background-media":"","overlay-type":"","overlay-color":"","overlay-gradient":""},"mobile":{"background-color":"","background-image":"","background-repeat":"repeat","background-position":"center center","background-size":"auto","background-attachment":"scroll","background-type":"","background-media":"","overlay-type":"","overlay-color":"","overlay-gradient":""}},"ast-content-background-meta":{"desktop":{"background-color":"var(--ast-global-color-5)","background-image":"","background-repeat":"repeat","background-position":"center center","background-size":"auto","background-attachment":"scroll","background-type":"","background-media":"","overlay-type":"","overlay-color":"","overlay-gradient":""},"tablet":{"background-color":"var(--ast-global-color-5)","background-image":"","background-repeat":"repeat","background-position":"center center","background-size":"auto","background-attachment":"scroll","background-type":"","background-media":"","overlay-type":"","overlay-color":"","overlay-gradient":""},"mobile":{"background-color":"var(--ast-global-color-5)","background-image":"","background-repeat":"repeat","background-position":"center center","background-size":"auto","background-attachment":"scroll","background-type":"","background-media":"","overlay-type":"","overlay-color":"","overlay-gradient":""}},"footnotes":""},"class_list":["post-1034","page","type-page","status-publish","hentry"],"yoast_head":"<!-- This site is optimized with the Yoast SEO plugin v27.5 - https:\/\/yoast.com\/product\/yoast-seo-wordpress\/ -->\n<title>D\u00e9veloppement logiciel - Optimalog<\/title>\n<meta name=\"robots\" content=\"index, follow, max-snippet:-1, max-image-preview:large, max-video-preview:-1\" \/>\n<link rel=\"canonical\" href=\"https:\/\/www.optimalog.com\/en\/prestations\/developpement-logiciel\/\" \/>\n<meta property=\"og:locale\" content=\"en_GB\" \/>\n<meta property=\"og:type\" content=\"article\" \/>\n<meta property=\"og:title\" content=\"D\u00e9veloppement logiciel - Optimalog\" \/>\n<meta property=\"og:description\" content=\"Sp\u00e9cialis\u00e9e dans l&#039;informatique industrielle depuis plus de seize ans, Optimalog\u00a0d\u00e9veloppe vos logiciels sur mesure. Nous concevons et d\u00e9veloppons vos logiciels dans des domaines vari\u00e9s, industriels ou non. Ces logiciels\u00a0sp\u00e9cifiques\u00a0se connecteront sur votre mat\u00e9riel et\/ou vos applications. Les plus d&#039;Optimalog : Des d\u00e9veloppement aux carrefours de comp\u00e9tences diverses, du logiciel embarqu\u00e9 au d\u00e9veloppement web Des logiciels [&hellip;]\" \/>\n<meta property=\"og:url\" content=\"https:\/\/www.optimalog.com\/en\/prestations\/developpement-logiciel\/\" \/>\n<meta property=\"og:site_name\" content=\"Optimalog\" \/>\n<meta property=\"article:modified_time\" content=\"2022-08-29T14:49:50+00:00\" \/>\n<meta name=\"twitter:card\" content=\"summary_large_image\" \/>\n<meta name=\"twitter:site\" content=\"@OptimalogCom\" \/>\n<meta name=\"twitter:label1\" content=\"Estimated reading time\" \/>\n\t<meta name=\"twitter:data1\" content=\"4 minutes\" \/>\n<script type=\"application\/ld+json\" class=\"yoast-schema-graph\">{\"@context\":\"https:\\\/\\\/schema.org\",\"@graph\":[{\"@type\":\"WebPage\",\"@id\":\"https:\\\/\\\/www.optimalog.com\\\/prestations\\\/developpement-logiciel\",\"url\":\"https:\\\/\\\/www.optimalog.com\\\/prestations\\\/developpement-logiciel\",\"name\":\"D\u00e9veloppement logiciel - Optimalog\",\"isPartOf\":{\"@id\":\"https:\\\/\\\/www.optimalog.com\\\/#website\"},\"datePublished\":\"2022-08-09T15:04:15+00:00\",\"dateModified\":\"2022-08-29T14:49:50+00:00\",\"breadcrumb\":{\"@id\":\"https:\\\/\\\/www.optimalog.com\\\/prestations\\\/developpement-logiciel#breadcrumb\"},\"inLanguage\":\"en-GB\",\"potentialAction\":[{\"@type\":\"ReadAction\",\"target\":[\"https:\\\/\\\/www.optimalog.com\\\/prestations\\\/developpement-logiciel\"]}]},{\"@type\":\"BreadcrumbList\",\"@id\":\"https:\\\/\\\/www.optimalog.com\\\/prestations\\\/developpement-logiciel#breadcrumb\",\"itemListElement\":[{\"@type\":\"ListItem\",\"position\":1,\"name\":\"Accueil\",\"item\":\"https:\\\/\\\/www.optimalog.com\\\/\"},{\"@type\":\"ListItem\",\"position\":2,\"name\":\"Prestations\",\"item\":\"https:\\\/\\\/www.optimalog.com\\\/prestations\"},{\"@type\":\"ListItem\",\"position\":3,\"name\":\"D\u00e9veloppement logiciel\"}]},{\"@type\":\"WebSite\",\"@id\":\"https:\\\/\\\/www.optimalog.com\\\/#website\",\"url\":\"https:\\\/\\\/www.optimalog.com\\\/\",\"name\":\"Optimalog\",\"description\":\"Votre architecte en automation\",\"publisher\":{\"@id\":\"https:\\\/\\\/www.optimalog.com\\\/#organization\"},\"potentialAction\":[{\"@type\":\"SearchAction\",\"target\":{\"@type\":\"EntryPoint\",\"urlTemplate\":\"https:\\\/\\\/www.optimalog.com\\\/?s={search_term_string}\"},\"query-input\":{\"@type\":\"PropertyValueSpecification\",\"valueRequired\":true,\"valueName\":\"search_term_string\"}}],\"inLanguage\":\"en-GB\"},{\"@type\":\"Organization\",\"@id\":\"https:\\\/\\\/www.optimalog.com\\\/#organization\",\"name\":\"Optimalog\",\"url\":\"https:\\\/\\\/www.optimalog.com\\\/\",\"logo\":{\"@type\":\"ImageObject\",\"inLanguage\":\"en-GB\",\"@id\":\"https:\\\/\\\/www.optimalog.com\\\/#\\\/schema\\\/logo\\\/image\\\/\",\"url\":\"https:\\\/\\\/www.optimalog.com\\\/wp-content\\\/uploads\\\/2022\\\/07\\\/Logo-Optimalog-petit-format.png\",\"contentUrl\":\"https:\\\/\\\/www.optimalog.com\\\/wp-content\\\/uploads\\\/2022\\\/07\\\/Logo-Optimalog-petit-format.png\",\"width\":160,\"height\":74,\"caption\":\"Optimalog\"},\"image\":{\"@id\":\"https:\\\/\\\/www.optimalog.com\\\/#\\\/schema\\\/logo\\\/image\\\/\"},\"sameAs\":[\"https:\\\/\\\/x.com\\\/OptimalogCom\"]}]}<\/script>\n<!-- \/ Yoast SEO plugin. -->","yoast_head_json":{"title":"D\u00e9veloppement logiciel - Optimalog","robots":{"index":"index","follow":"follow","max-snippet":"max-snippet:-1","max-image-preview":"max-image-preview:large","max-video-preview":"max-video-preview:-1"},"canonical":"https:\/\/www.optimalog.com\/en\/prestations\/developpement-logiciel\/","og_locale":"en_GB","og_type":"article","og_title":"D\u00e9veloppement logiciel - Optimalog","og_description":"Sp\u00e9cialis\u00e9e dans l'informatique industrielle depuis plus de seize ans, Optimalog\u00a0d\u00e9veloppe vos logiciels sur mesure. Nous concevons et d\u00e9veloppons vos logiciels dans des domaines vari\u00e9s, industriels ou non. Ces logiciels\u00a0sp\u00e9cifiques\u00a0se connecteront sur votre mat\u00e9riel et\/ou vos applications. Les plus d'Optimalog : Des d\u00e9veloppement aux carrefours de comp\u00e9tences diverses, du logiciel embarqu\u00e9 au d\u00e9veloppement web Des logiciels [&hellip;]","og_url":"https:\/\/www.optimalog.com\/en\/prestations\/developpement-logiciel\/","og_site_name":"Optimalog","article_modified_time":"2022-08-29T14:49:50+00:00","twitter_card":"summary_large_image","twitter_site":"@OptimalogCom","twitter_misc":{"Estimated reading time":"4 minutes"},"schema":{"@context":"https:\/\/schema.org","@graph":[{"@type":"WebPage","@id":"https:\/\/www.optimalog.com\/prestations\/developpement-logiciel","url":"https:\/\/www.optimalog.com\/prestations\/developpement-logiciel","name":"D\u00e9veloppement logiciel - Optimalog","isPartOf":{"@id":"https:\/\/www.optimalog.com\/#website"},"datePublished":"2022-08-09T15:04:15+00:00","dateModified":"2022-08-29T14:49:50+00:00","breadcrumb":{"@id":"https:\/\/www.optimalog.com\/prestations\/developpement-logiciel#breadcrumb"},"inLanguage":"en-GB","potentialAction":[{"@type":"ReadAction","target":["https:\/\/www.optimalog.com\/prestations\/developpement-logiciel"]}]},{"@type":"BreadcrumbList","@id":"https:\/\/www.optimalog.com\/prestations\/developpement-logiciel#breadcrumb","itemListElement":[{"@type":"ListItem","position":1,"name":"Accueil","item":"https:\/\/www.optimalog.com\/"},{"@type":"ListItem","position":2,"name":"Prestations","item":"https:\/\/www.optimalog.com\/prestations"},{"@type":"ListItem","position":3,"name":"D\u00e9veloppement logiciel"}]},{"@type":"WebSite","@id":"https:\/\/www.optimalog.com\/#website","url":"https:\/\/www.optimalog.com\/","name":"Optimalog","description":"Your architect in automation","publisher":{"@id":"https:\/\/www.optimalog.com\/#organization"},"potentialAction":[{"@type":"SearchAction","target":{"@type":"EntryPoint","urlTemplate":"https:\/\/www.optimalog.com\/?s={search_term_string}"},"query-input":{"@type":"PropertyValueSpecification","valueRequired":true,"valueName":"search_term_string"}}],"inLanguage":"en-GB"},{"@type":"Organization","@id":"https:\/\/www.optimalog.com\/#organization","name":"Optimalog","url":"https:\/\/www.optimalog.com\/","logo":{"@type":"ImageObject","inLanguage":"en-GB","@id":"https:\/\/www.optimalog.com\/#\/schema\/logo\/image\/","url":"https:\/\/www.optimalog.com\/wp-content\/uploads\/2022\/07\/Logo-Optimalog-petit-format.png","contentUrl":"https:\/\/www.optimalog.com\/wp-content\/uploads\/2022\/07\/Logo-Optimalog-petit-format.png","width":160,"height":74,"caption":"Optimalog"},"image":{"@id":"https:\/\/www.optimalog.com\/#\/schema\/logo\/image\/"},"sameAs":["https:\/\/x.com\/OptimalogCom"]}]}},"_links":{"self":[{"href":"https:\/\/www.optimalog.com\/en\/wp-json\/wp\/v2\/pages\/1034","targetHints":{"allow":["GET"]}}],"collection":[{"href":"https:\/\/www.optimalog.com\/en\/wp-json\/wp\/v2\/pages"}],"about":[{"href":"https:\/\/www.optimalog.com\/en\/wp-json\/wp\/v2\/types\/page"}],"author":[{"embeddable":true,"href":"https:\/\/www.optimalog.com\/en\/wp-json\/wp\/v2\/users\/1"}],"replies":[{"embeddable":true,"href":"https:\/\/www.optimalog.com\/en\/wp-json\/wp\/v2\/comments?post=1034"}],"version-history":[{"count":54,"href":"https:\/\/www.optimalog.com\/en\/wp-json\/wp\/v2\/pages\/1034\/revisions"}],"predecessor-version":[{"id":1862,"href":"https:\/\/www.optimalog.com\/en\/wp-json\/wp\/v2\/pages\/1034\/revisions\/1862"}],"up":[{"embeddable":true,"href":"https:\/\/www.optimalog.com\/en\/wp-json\/wp\/v2\/pages\/965"}],"wp:attachment":[{"href":"https:\/\/www.optimalog.com\/en\/wp-json\/wp\/v2\/media?parent=1034"}],"curies":[{"name":"wp","href":"https:\/\/api.w.org\/{rel}","templated":true}]}}