{"id":1021,"date":"2022-08-11T09:57:44","date_gmt":"2022-08-11T07:57:44","guid":{"rendered":"http:\/\/s169997260.onlinehome.fr\/?page_id=1021"},"modified":"2022-08-15T19:25:17","modified_gmt":"2022-08-15T17:25:17","slug":"machines-speciales","status":"publish","type":"page","link":"https:\/\/www.optimalog.com\/en\/prestations\/machines-speciales","title":{"rendered":"Special machines"},"content":{"rendered":"<div id=\"pl-1021\"  class=\"panel-layout\" ><div id=\"pg-1021-0\"  class=\"panel-grid panel-no-style\" ><div id=\"pgc-1021-0-0\"  class=\"panel-grid-cell\" ><div id=\"panel-1021-0-0-0\" class=\"so-panel widget_sow-editor panel-first-child\" data-index=\"0\" ><div\n\t\t\t\n\t\t\tclass=\"so-widget-sow-editor so-widget-sow-editor-base\"\n\t\t\t\n\t\t>\n<div class=\"siteorigin-widget-tinymce textwidget\">\n\t<div class=\"translation-block\">\n<p>Optimalog con\u00e7oit\u00a0<strong>vos installations sur mesure<\/strong>, \u00e0 partir de votre cahier des charges. Nous pouvons vous conseiller et vous aider d\u00e8s le d\u00e9but de votre projet, en vous assistant dans la r\u00e9daction de votre cahier des charges et en \u00e9tudiant la faisabilit\u00e9 de votre projet.<\/p>\n<p>Certaines r\u00e9alisations sont propos\u00e9es en standard avec des variantes, comme l'automate de ph\u00e9notypage haut d\u00e9bit\u00a0<a href=\"https:\/\/www.optimalog.com\/en\/produits\/phenopsis\/\">Phenopsis<\/a>.<\/p>\n<\/div>\n<\/div>\n<\/div><\/div><div id=\"panel-1021-0-0-1\" class=\"so-panel widget_sow-image-grid\" data-index=\"1\" ><div\n\t\t\t\n\t\t\tclass=\"so-widget-sow-image-grid so-widget-sow-image-grid-default-8bf08a9600e8-1021\"\n\t\t\t\n\t\t>\t<div\n\t\tclass=\"sow-image-grid-wrapper\"\n\t\t\t\tdata-max-height=\"200\"\t>\n\t\t\t\t\t<div class=\"sow-image-grid-image\">\n\t\t\t\t\t\t\t\t\t\t\t\t\t\t\t\t\t\t\t\t\t\t\t<\/div>\n\t\t\t\t\t<div class=\"sow-image-grid-image\">\n\t\t\t\t\t\t\t\t\t\t\t\t<img loading=\"lazy\" decoding=\"async\" width=\"206\" height=\"281\" src=\"https:\/\/www.optimalog.com\/wp-content\/uploads\/images\/image_pheno2.jpg\" class=\"sow-image-grid-image_html\" alt=\"\" title=\"\" \/>\t\t\t\t\t\t\t\t\t\t\t<\/div>\n\t\t\t<\/div>\n<\/div><\/div><div id=\"panel-1021-0-0-2\" class=\"so-panel widget_sow-editor\" data-index=\"2\" ><div\n\t\t\t\n\t\t\tclass=\"so-widget-sow-editor so-widget-sow-editor-base\"\n\t\t\t\n\t\t>\n<div class=\"siteorigin-widget-tinymce textwidget\">\n\t<p class=\"translation-block\"><strong>Design of test benches with touch control bay:<\/strong><em>(Base OPTIMA PLC, LABVIEW, Visual STUDIO DELPHI software development or other)<\/em><\/p>\n<p class=\"translation-block\"><strong>Example<\/strong>: Automotive steering column endurance test bench.<\/p>\n<p class=\"centered\">\n<\/div>\n<\/div><\/div><div id=\"panel-1021-0-0-3\" class=\"so-panel widget_sow-image-grid panel-last-child\" data-index=\"3\" ><div\n\t\t\t\n\t\t\tclass=\"so-widget-sow-image-grid so-widget-sow-image-grid-default-8bf08a9600e8-1021\"\n\t\t\t\n\t\t>\t<div\n\t\tclass=\"sow-image-grid-wrapper\"\n\t\t\t\tdata-max-height=\"200\"\t>\n\t\t\t\t\t<div class=\"sow-image-grid-image\">\n\t\t\t\t\t\t\t\t\t\t\t\t<img loading=\"lazy\" decoding=\"async\" width=\"250\" height=\"333\" src=\"https:\/\/www.optimalog.com\/wp-content\/uploads\/images\/bancTest1.jpg\" class=\"sow-image-grid-image_html\" alt=\"\" title=\"\" srcset=\"https:\/\/www.optimalog.com\/wp-content\/uploads\/images\/bancTest1.jpg 250w, https:\/\/www.optimalog.com\/wp-content\/uploads\/images\/bancTest1-225x300.jpg 225w\" sizes=\"auto, (max-width: 250px) 100vw, 250px\" \/>\t\t\t\t\t\t\t\t\t\t\t<\/div>\n\t\t\t\t\t<div class=\"sow-image-grid-image\">\n\t\t\t\t\t\t\t\t\t\t\t\t<img loading=\"lazy\" decoding=\"async\" width=\"250\" height=\"333\" src=\"https:\/\/www.optimalog.com\/wp-content\/uploads\/images\/IntegrElec1.jpg\" class=\"sow-image-grid-image_html\" alt=\"\" title=\"\" srcset=\"https:\/\/www.optimalog.com\/wp-content\/uploads\/images\/IntegrElec1.jpg 250w, https:\/\/www.optimalog.com\/wp-content\/uploads\/images\/IntegrElec1-225x300.jpg 225w\" sizes=\"auto, (max-width: 250px) 100vw, 250px\" \/>\t\t\t\t\t\t\t\t\t\t\t<\/div>\n\t\t\t<\/div>\n<\/div><\/div><\/div><\/div><\/div>","protected":false},"excerpt":{"rendered":"<p>Optimalog con\u00e7oit\u00a0vos installations sur mesure, \u00e0 partir de votre cahier des charges. Nous pouvons vous conseiller et vous aider d\u00e8s le d\u00e9but de votre projet, en vous assistant dans la r\u00e9daction de votre cahier des charges et en \u00e9tudiant la faisabilit\u00e9 de votre projet. Certaines r\u00e9alisations sont propos\u00e9es en standard avec des variantes, comme l&#8217;automate [&hellip;]<\/p>\n","protected":false},"author":1,"featured_media":0,"parent":965,"menu_order":0,"comment_status":"closed","ping_status":"closed","template":"","meta":{"site-sidebar-layout":"default","site-content-layout":"default","ast-site-content-layout":"","site-content-style":"default","site-sidebar-style":"default","ast-global-header-display":"","ast-banner-title-visibility":"","ast-main-header-display":"","ast-hfb-above-header-display":"","ast-hfb-below-header-display":"","ast-hfb-mobile-header-display":"","site-post-title":"","ast-breadcrumbs-content":"","ast-featured-img":"","footer-sml-layout":"","theme-transparent-header-meta":"default","adv-header-id-meta":"","stick-header-meta":"","header-above-stick-meta":"","header-main-stick-meta":"","header-below-stick-meta":"","astra-migrate-meta-layouts":"default","ast-page-background-enabled":"default","ast-page-background-meta":{"desktop":{"background-color":"var(--ast-global-color-4)","background-image":"","background-repeat":"repeat","background-position":"center center","background-size":"auto","background-attachment":"scroll","background-type":"","background-media":"","overlay-type":"","overlay-color":"","overlay-gradient":""},"tablet":{"background-color":"","background-image":"","background-repeat":"repeat","background-position":"center center","background-size":"auto","background-attachment":"scroll","background-type":"","background-media":"","overlay-type":"","overlay-color":"","overlay-gradient":""},"mobile":{"background-color":"","background-image":"","background-repeat":"repeat","background-position":"center center","background-size":"auto","background-attachment":"scroll","background-type":"","background-media":"","overlay-type":"","overlay-color":"","overlay-gradient":""}},"ast-content-background-meta":{"desktop":{"background-color":"var(--ast-global-color-5)","background-image":"","background-repeat":"repeat","background-position":"center center","background-size":"auto","background-attachment":"scroll","background-type":"","background-media":"","overlay-type":"","overlay-color":"","overlay-gradient":""},"tablet":{"background-color":"var(--ast-global-color-5)","background-image":"","background-repeat":"repeat","background-position":"center center","background-size":"auto","background-attachment":"scroll","background-type":"","background-media":"","overlay-type":"","overlay-color":"","overlay-gradient":""},"mobile":{"background-color":"var(--ast-global-color-5)","background-image":"","background-repeat":"repeat","background-position":"center center","background-size":"auto","background-attachment":"scroll","background-type":"","background-media":"","overlay-type":"","overlay-color":"","overlay-gradient":""}},"footnotes":""},"class_list":["post-1021","page","type-page","status-publish","hentry"],"yoast_head":"<!-- This site is optimized with the Yoast SEO plugin v27.5 - https:\/\/yoast.com\/product\/yoast-seo-wordpress\/ -->\n<title>Machines sp\u00e9ciales - Optimalog<\/title>\n<meta name=\"robots\" content=\"index, follow, max-snippet:-1, max-image-preview:large, max-video-preview:-1\" \/>\n<link rel=\"canonical\" href=\"https:\/\/www.optimalog.com\/en\/prestations\/machines-speciales\/\" \/>\n<meta property=\"og:locale\" content=\"en_GB\" \/>\n<meta property=\"og:type\" content=\"article\" \/>\n<meta property=\"og:title\" content=\"Machines sp\u00e9ciales - Optimalog\" \/>\n<meta property=\"og:description\" content=\"Optimalog con\u00e7oit\u00a0vos installations sur mesure, \u00e0 partir de votre cahier des charges. Nous pouvons vous conseiller et vous aider d\u00e8s le d\u00e9but de votre projet, en vous assistant dans la r\u00e9daction de votre cahier des charges et en \u00e9tudiant la faisabilit\u00e9 de votre projet. Certaines r\u00e9alisations sont propos\u00e9es en standard avec des variantes, comme l&#039;automate [&hellip;]\" \/>\n<meta property=\"og:url\" content=\"https:\/\/www.optimalog.com\/en\/prestations\/machines-speciales\/\" \/>\n<meta property=\"og:site_name\" content=\"Optimalog\" \/>\n<meta property=\"article:modified_time\" content=\"2022-08-15T17:25:17+00:00\" \/>\n<meta name=\"twitter:card\" content=\"summary_large_image\" \/>\n<meta name=\"twitter:site\" content=\"@OptimalogCom\" \/>\n<meta name=\"twitter:label1\" content=\"Estimated reading time\" \/>\n\t<meta name=\"twitter:data1\" content=\"1 minute\" \/>\n<script type=\"application\/ld+json\" class=\"yoast-schema-graph\">{\"@context\":\"https:\\\/\\\/schema.org\",\"@graph\":[{\"@type\":\"WebPage\",\"@id\":\"https:\\\/\\\/www.optimalog.com\\\/prestations\\\/machines-speciales\",\"url\":\"https:\\\/\\\/www.optimalog.com\\\/prestations\\\/machines-speciales\",\"name\":\"Machines sp\u00e9ciales - Optimalog\",\"isPartOf\":{\"@id\":\"https:\\\/\\\/www.optimalog.com\\\/#website\"},\"datePublished\":\"2022-08-11T07:57:44+00:00\",\"dateModified\":\"2022-08-15T17:25:17+00:00\",\"breadcrumb\":{\"@id\":\"https:\\\/\\\/www.optimalog.com\\\/prestations\\\/machines-speciales#breadcrumb\"},\"inLanguage\":\"en-GB\",\"potentialAction\":[{\"@type\":\"ReadAction\",\"target\":[\"https:\\\/\\\/www.optimalog.com\\\/prestations\\\/machines-speciales\"]}]},{\"@type\":\"BreadcrumbList\",\"@id\":\"https:\\\/\\\/www.optimalog.com\\\/prestations\\\/machines-speciales#breadcrumb\",\"itemListElement\":[{\"@type\":\"ListItem\",\"position\":1,\"name\":\"Accueil\",\"item\":\"https:\\\/\\\/www.optimalog.com\\\/\"},{\"@type\":\"ListItem\",\"position\":2,\"name\":\"Prestations\",\"item\":\"https:\\\/\\\/www.optimalog.com\\\/prestations\"},{\"@type\":\"ListItem\",\"position\":3,\"name\":\"Machines sp\u00e9ciales\"}]},{\"@type\":\"WebSite\",\"@id\":\"https:\\\/\\\/www.optimalog.com\\\/#website\",\"url\":\"https:\\\/\\\/www.optimalog.com\\\/\",\"name\":\"Optimalog\",\"description\":\"Votre architecte en automation\",\"publisher\":{\"@id\":\"https:\\\/\\\/www.optimalog.com\\\/#organization\"},\"potentialAction\":[{\"@type\":\"SearchAction\",\"target\":{\"@type\":\"EntryPoint\",\"urlTemplate\":\"https:\\\/\\\/www.optimalog.com\\\/?s={search_term_string}\"},\"query-input\":{\"@type\":\"PropertyValueSpecification\",\"valueRequired\":true,\"valueName\":\"search_term_string\"}}],\"inLanguage\":\"en-GB\"},{\"@type\":\"Organization\",\"@id\":\"https:\\\/\\\/www.optimalog.com\\\/#organization\",\"name\":\"Optimalog\",\"url\":\"https:\\\/\\\/www.optimalog.com\\\/\",\"logo\":{\"@type\":\"ImageObject\",\"inLanguage\":\"en-GB\",\"@id\":\"https:\\\/\\\/www.optimalog.com\\\/#\\\/schema\\\/logo\\\/image\\\/\",\"url\":\"https:\\\/\\\/www.optimalog.com\\\/wp-content\\\/uploads\\\/2022\\\/07\\\/Logo-Optimalog-petit-format.png\",\"contentUrl\":\"https:\\\/\\\/www.optimalog.com\\\/wp-content\\\/uploads\\\/2022\\\/07\\\/Logo-Optimalog-petit-format.png\",\"width\":160,\"height\":74,\"caption\":\"Optimalog\"},\"image\":{\"@id\":\"https:\\\/\\\/www.optimalog.com\\\/#\\\/schema\\\/logo\\\/image\\\/\"},\"sameAs\":[\"https:\\\/\\\/x.com\\\/OptimalogCom\"]}]}<\/script>\n<!-- \/ Yoast SEO plugin. -->","yoast_head_json":{"title":"Machines sp\u00e9ciales - Optimalog","robots":{"index":"index","follow":"follow","max-snippet":"max-snippet:-1","max-image-preview":"max-image-preview:large","max-video-preview":"max-video-preview:-1"},"canonical":"https:\/\/www.optimalog.com\/en\/prestations\/machines-speciales\/","og_locale":"en_GB","og_type":"article","og_title":"Machines sp\u00e9ciales - Optimalog","og_description":"Optimalog con\u00e7oit\u00a0vos installations sur mesure, \u00e0 partir de votre cahier des charges. Nous pouvons vous conseiller et vous aider d\u00e8s le d\u00e9but de votre projet, en vous assistant dans la r\u00e9daction de votre cahier des charges et en \u00e9tudiant la faisabilit\u00e9 de votre projet. Certaines r\u00e9alisations sont propos\u00e9es en standard avec des variantes, comme l'automate [&hellip;]","og_url":"https:\/\/www.optimalog.com\/en\/prestations\/machines-speciales\/","og_site_name":"Optimalog","article_modified_time":"2022-08-15T17:25:17+00:00","twitter_card":"summary_large_image","twitter_site":"@OptimalogCom","twitter_misc":{"Estimated reading time":"1 minute"},"schema":{"@context":"https:\/\/schema.org","@graph":[{"@type":"WebPage","@id":"https:\/\/www.optimalog.com\/prestations\/machines-speciales","url":"https:\/\/www.optimalog.com\/prestations\/machines-speciales","name":"Machines sp\u00e9ciales - Optimalog","isPartOf":{"@id":"https:\/\/www.optimalog.com\/#website"},"datePublished":"2022-08-11T07:57:44+00:00","dateModified":"2022-08-15T17:25:17+00:00","breadcrumb":{"@id":"https:\/\/www.optimalog.com\/prestations\/machines-speciales#breadcrumb"},"inLanguage":"en-GB","potentialAction":[{"@type":"ReadAction","target":["https:\/\/www.optimalog.com\/prestations\/machines-speciales"]}]},{"@type":"BreadcrumbList","@id":"https:\/\/www.optimalog.com\/prestations\/machines-speciales#breadcrumb","itemListElement":[{"@type":"ListItem","position":1,"name":"Accueil","item":"https:\/\/www.optimalog.com\/"},{"@type":"ListItem","position":2,"name":"Prestations","item":"https:\/\/www.optimalog.com\/prestations"},{"@type":"ListItem","position":3,"name":"Machines sp\u00e9ciales"}]},{"@type":"WebSite","@id":"https:\/\/www.optimalog.com\/#website","url":"https:\/\/www.optimalog.com\/","name":"Optimalog","description":"Your architect in automation","publisher":{"@id":"https:\/\/www.optimalog.com\/#organization"},"potentialAction":[{"@type":"SearchAction","target":{"@type":"EntryPoint","urlTemplate":"https:\/\/www.optimalog.com\/?s={search_term_string}"},"query-input":{"@type":"PropertyValueSpecification","valueRequired":true,"valueName":"search_term_string"}}],"inLanguage":"en-GB"},{"@type":"Organization","@id":"https:\/\/www.optimalog.com\/#organization","name":"Optimalog","url":"https:\/\/www.optimalog.com\/","logo":{"@type":"ImageObject","inLanguage":"en-GB","@id":"https:\/\/www.optimalog.com\/#\/schema\/logo\/image\/","url":"https:\/\/www.optimalog.com\/wp-content\/uploads\/2022\/07\/Logo-Optimalog-petit-format.png","contentUrl":"https:\/\/www.optimalog.com\/wp-content\/uploads\/2022\/07\/Logo-Optimalog-petit-format.png","width":160,"height":74,"caption":"Optimalog"},"image":{"@id":"https:\/\/www.optimalog.com\/#\/schema\/logo\/image\/"},"sameAs":["https:\/\/x.com\/OptimalogCom"]}]}},"_links":{"self":[{"href":"https:\/\/www.optimalog.com\/en\/wp-json\/wp\/v2\/pages\/1021","targetHints":{"allow":["GET"]}}],"collection":[{"href":"https:\/\/www.optimalog.com\/en\/wp-json\/wp\/v2\/pages"}],"about":[{"href":"https:\/\/www.optimalog.com\/en\/wp-json\/wp\/v2\/types\/page"}],"author":[{"embeddable":true,"href":"https:\/\/www.optimalog.com\/en\/wp-json\/wp\/v2\/users\/1"}],"replies":[{"embeddable":true,"href":"https:\/\/www.optimalog.com\/en\/wp-json\/wp\/v2\/comments?post=1021"}],"version-history":[{"count":22,"href":"https:\/\/www.optimalog.com\/en\/wp-json\/wp\/v2\/pages\/1021\/revisions"}],"predecessor-version":[{"id":1583,"href":"https:\/\/www.optimalog.com\/en\/wp-json\/wp\/v2\/pages\/1021\/revisions\/1583"}],"up":[{"embeddable":true,"href":"https:\/\/www.optimalog.com\/en\/wp-json\/wp\/v2\/pages\/965"}],"wp:attachment":[{"href":"https:\/\/www.optimalog.com\/en\/wp-json\/wp\/v2\/media?parent=1021"}],"curies":[{"name":"wp","href":"https:\/\/api.w.org\/{rel}","templated":true}]}}